{"id":2855,"date":"2022-06-27T10:29:42","date_gmt":"2022-06-27T13:29:42","guid":{"rendered":"http:\/\/10.224.80.154\/?page_id=2855"},"modified":"2023-05-09T09:51:05","modified_gmt":"2023-05-09T12:51:05","slug":"mensagem-provincial_2021","status":"publish","type":"page","link":"https:\/\/relatoriosocial.lasalle.edu.br\/index.php\/mensagem-provincial_2021\/","title":{"rendered":"Mensagem do Provincial 2021"},"content":{"rendered":"<p>[et_pb_section fb_built=&#8221;1&#8243; _builder_version=&#8221;4.17.4&#8243; _module_preset=&#8221;default&#8221; background_image=&#8221;https:\/\/relatoriosocial.lasalle.edu.br\/wp-content\/uploads\/2022\/06\/mensagem-do-provincial.png&#8221; background_position=&#8221;top_center&#8221; custom_padding=&#8221;100px||100px||true|false&#8221; global_colors_info=&#8221;{}&#8221;][et_pb_row _builder_version=&#8221;4.16&#8243; _module_preset=&#8221;default&#8221; global_colors_info=&#8221;{}&#8221;][et_pb_column type=&#8221;4_4&#8243; _builder_version=&#8221;4.16&#8243; _module_preset=&#8221;default&#8221; global_colors_info=&#8221;{}&#8221;][et_pb_image src=&#8221;https:\/\/relatoriosocial.lasalle.edu.br\/wp-content\/uploads\/2022\/07\/mensagem-do-provencial.png&#8221; title_text=&#8221;mensagem-do-provencial&#8221; align=&#8221;center&#8221; _builder_version=&#8221;4.17.6&#8243; _module_preset=&#8221;default&#8221; width=&#8221;40%&#8221; global_colors_info=&#8221;{}&#8221;][\/et_pb_image][\/et_pb_column][\/et_pb_row][\/et_pb_section][et_pb_section fb_built=&#8221;1&#8243; _builder_version=&#8221;4.17.4&#8243; _module_preset=&#8221;default&#8221; background_enable_color=&#8221;off&#8221; background_image=&#8221;https:\/\/relatoriosocial.lasalle.edu.br\/wp-content\/uploads\/2022\/06\/001.png&#8221; background_position=&#8221;top_left&#8221; custom_margin=&#8221;||||false|false&#8221; global_colors_info=&#8221;{}&#8221;][et_pb_row _builder_version=&#8221;4.16&#8243; _module_preset=&#8221;default&#8221; global_colors_info=&#8221;{}&#8221;][et_pb_column type=&#8221;4_4&#8243; _builder_version=&#8221;4.16&#8243; _module_preset=&#8221;default&#8221; global_colors_info=&#8221;{}&#8221;][et_pb_text _builder_version=&#8221;4.17.6&#8243; _module_preset=&#8221;default&#8221; text_font=&#8221;Montserrat|700|||||||&#8221; text_text_color=&#8221;#FFFFFF&#8221; text_font_size=&#8221;30px&#8221; text_line_height=&#8221;1.5em&#8221; background_layout=&#8221;dark&#8221; custom_padding=&#8221;||||false|false&#8221; text_font_size_tablet=&#8221;30px&#8221; text_font_size_phone=&#8221;20px&#8221; text_font_size_last_edited=&#8221;on|phone&#8221; global_colors_info=&#8221;{}&#8221;]<\/p>\n<p><strong>REDE LA SALLE:<br \/><\/strong><\/p>\n<p><strong>Presen\u00e7a afetiva e efetiva junto aos mais necessitados<\/strong><\/p>\n<p>[\/et_pb_text][\/et_pb_column][\/et_pb_row][et_pb_row _builder_version=&#8221;4.16&#8243; _module_preset=&#8221;default&#8221; custom_padding=&#8221;||0px||false|false&#8221; global_colors_info=&#8221;{}&#8221;][et_pb_column type=&#8221;4_4&#8243; _builder_version=&#8221;4.16&#8243; _module_preset=&#8221;default&#8221; global_colors_info=&#8221;{}&#8221;][et_pb_text _builder_version=&#8221;4.16&#8243; _module_preset=&#8221;default&#8221; text_font=&#8221;||on||||||&#8221; text_font_size=&#8221;18px&#8221; text_line_height=&#8221;1.8em&#8221; text_orientation=&#8221;justified&#8221; background_layout=&#8221;dark&#8221; custom_padding=&#8221;||||false|false&#8221; global_colors_info=&#8221;{}&#8221;]<\/p>\n<p><span style=\"font-weight: 400;\"><\/span><\/p>\n<p><em>A presen\u00e7a da Rede La Salle, nas comunidades locais em que estamos inseridos, ultrapassa as quest\u00f5es geogr\u00e1ficas. Compreendemos que a miss\u00e3o a que fomos chamados, no seguimento do Fundador e dos primeiros Irm\u00e3os Lassalistas, implica em nos tornarmos pr\u00f3ximos das pessoas, fortalecendo os la\u00e7os de fraternidade, respeito e valoriza\u00e7\u00e3o da vida de cada pessoa. Nosso desafio maior \u00e9 ultrapassar a presen\u00e7a afetiva em dire\u00e7\u00e3o \u00e0 presen\u00e7a efetiva.<\/em><\/p>\n<p><em>Constitui-se num valor lassalista o servi\u00e7o educativo aos que mais necessitam. Foi assim desde o come\u00e7o da Congrega\u00e7\u00e3o. Auxiliar no desenvolvimento da cidadania, da dignidade e da universaliza\u00e7\u00e3o dos direitos inalien\u00e1veis do ser humano, para n\u00f3s, s\u00e3o valores inegoci\u00e1veis.\u00a0 Fazemos o que fazemos e somos quem somos como forma de viver o evangelho antecipando o Reino de Deus, que \u00e9 oferecido aos pequenos e despossu\u00eddos do mundo.<\/em><\/p>\n<p><em><\/em><\/p>\n<p><em><span class=\"selectable-text copyable-text\">Acompanhamos com alegria as iniciativas sempre criativas e comprometidas de tantos Lassalistas, que com coragem, aud\u00e1cia e sensibilidade diante das necessidades locais empenham-se em atualizar o sonho de La Salle, promovendo educa\u00e7\u00e3o, cultura e acesso ao patrim\u00f4nio do conhecimento para muitos que, sem esta obra, permaneceriam relegados aos condicionamentos sociais que os envolvem.<\/span><\/em><\/p>\n<p><em><span class=\"selectable-text copyable-text\"><\/span><\/em><\/p>\n<p><em>Ao compartilharmos os muitos projetos empreendidos em nossa Institui\u00e7\u00e3o, o fazemos com viva esperan\u00e7a de ver multiplicados os esfor\u00e7os entre n\u00f3s e em parceria com outras representa\u00e7\u00f5es sociais em prol de uma sociedade menos excludente gerando vida e esperan\u00e7a. Nas pegadas do mestre que veio \u201cpara que todos tenham vida\u201d, trazemos em nosso DNA a marca da solidariedade e da fraternidade a que somos chamados.<\/em><\/p>\n<p><em>Obrigado a todos quantos compartilham conosco a alegria de servir e dar sentido \u00e0 nossa vida e \u00e0 vida de tantos jovens e crian\u00e7as, na expectativa de um futuro venturoso e digno para todos. Oxal\u00e1 muitas outras a\u00e7\u00f5es possam florescer e trazer alegria e realiza\u00e7\u00e3o para quem se torna servidor e para os que s\u00e3o servidos pelo nosso trabalho.<\/em><\/p>\n<p><strong>Ir. Olavo Jos\u00e9 Dalvit<br \/>Provincial da Prov\u00edncia La Salle Brasil-Chile<\/strong><\/p>\n<p><em><\/em><\/p>\n<p><em><\/em><\/p>\n<p><span style=\"font-weight: 400;\"><\/span><\/p>\n<p>[\/et_pb_text][\/et_pb_column][\/et_pb_row][\/et_pb_section]<\/p>\n","protected":false},"excerpt":{"rendered":"<p>REDE LA SALLE: Presen\u00e7a afetiva e efetiva junto aos mais necessitados A presen\u00e7a da Rede La Salle, nas comunidades locais em que estamos inseridos, ultrapassa as quest\u00f5es geogr\u00e1ficas. Compreendemos que a miss\u00e3o a que fomos chamados, no seguimento do Fundador e dos primeiros Irm\u00e3os Lassalistas, implica em nos tornarmos pr\u00f3ximos das pessoas, fortalecendo os la\u00e7os [&hellip;]<\/p>\n","protected":false},"author":1,"featured_media":0,"parent":0,"menu_order":0,"comment_status":"closed","ping_status":"closed","template":"","meta":{"_et_pb_use_builder":"on","_et_pb_old_content":"","_et_gb_content_width":"","footnotes":""},"class_list":["post-2855","page","type-page","status-publish","hentry"],"_links":{"self":[{"href":"https:\/\/relatoriosocial.lasalle.edu.br\/index.php\/wp-json\/wp\/v2\/pages\/2855","targetHints":{"allow":["GET"]}}],"collection":[{"href":"https:\/\/relatoriosocial.lasalle.edu.br\/index.php\/wp-json\/wp\/v2\/pages"}],"about":[{"href":"https:\/\/relatoriosocial.lasalle.edu.br\/index.php\/wp-json\/wp\/v2\/types\/page"}],"author":[{"embeddable":true,"href":"https:\/\/relatoriosocial.lasalle.edu.br\/index.php\/wp-json\/wp\/v2\/users\/1"}],"replies":[{"embeddable":true,"href":"https:\/\/relatoriosocial.lasalle.edu.br\/index.php\/wp-json\/wp\/v2\/comments?post=2855"}],"version-history":[{"count":8,"href":"https:\/\/relatoriosocial.lasalle.edu.br\/index.php\/wp-json\/wp\/v2\/pages\/2855\/revisions"}],"predecessor-version":[{"id":4250,"href":"https:\/\/relatoriosocial.lasalle.edu.br\/index.php\/wp-json\/wp\/v2\/pages\/2855\/revisions\/4250"}],"wp:attachment":[{"href":"https:\/\/relatoriosocial.lasalle.edu.br\/index.php\/wp-json\/wp\/v2\/media?parent=2855"}],"curies":[{"name":"wp","href":"https:\/\/api.w.org\/{rel}","templated":true}]}}