{"id":2868,"date":"2022-06-27T10:33:51","date_gmt":"2022-06-27T13:33:51","guid":{"rendered":"http:\/\/10.224.80.154\/?page_id=2868"},"modified":"2023-05-08T11:54:14","modified_gmt":"2023-05-08T14:54:14","slug":"projetos-assistenciais_2021","status":"publish","type":"page","link":"https:\/\/relatoriosocial.lasalle.edu.br\/index.php\/projetos-assistenciais_2021\/","title":{"rendered":"Projetos Socioassistenciais 2021"},"content":{"rendered":"\n\n[et_pb_section fb_built=&#8221;1&#8243; admin_label=&#8221;FAQ&#8221; _builder_version=&#8221;4.17.4&#8243; background_color=&#8221;rgba(0,0,0,0.25)&#8221; background_image=&#8221;https:\/\/relatoriosocial.lasalle.edu.br\/wp-content\/uploads\/2022\/06\/relatorio-social-paises.png&#8221; background_position=&#8221;center_left&#8221; background_blend=&#8221;darken&#8221; custom_padding=&#8221;100px||100px||true|false&#8221; global_colors_info=&#8221;{}&#8221;][et_pb_row _builder_version=&#8221;4.17.6&#8243; custom_padding=&#8221;5px||17px|||&#8221; hover_enabled=&#8221;0&#8243; locked=&#8221;off&#8221; global_colors_info=&#8221;{}&#8221; sticky_enabled=&#8221;0&#8243;][et_pb_column type=&#8221;4_4&#8243; _builder_version=&#8221;4.16&#8243; custom_padding=&#8221;|||&#8221; global_colors_info=&#8221;{}&#8221; custom_padding__hover=&#8221;|||&#8221;][et_pb_image src=&#8221;https:\/\/relatoriosocial.lasalle.edu.br\/wp-content\/uploads\/2022\/06\/Ativo-18-8.png&#8221; title_text=&#8221;Ativo-18-8&#8243; align=&#8221;center&#8221; align_tablet=&#8221;center&#8221; align_phone=&#8221;center&#8221; align_last_edited=&#8221;on|desktop&#8221; _builder_version=&#8221;4.17.6&#8243; width=&#8221;100%&#8221; custom_margin=&#8221;|186px||||&#8221; custom_padding=&#8221;|0px||||&#8221; hover_enabled=&#8221;0&#8243; global_colors_info=&#8221;{}&#8221; sticky_enabled=&#8221;0&#8243; custom_margin_last_edited=&#8221;on|phone&#8221; custom_margin_phone=&#8221;|0px|||false|false&#8221; custom_margin_tablet=&#8221;|186px||||&#8221;][\/et_pb_image][\/et_pb_column][\/et_pb_row][\/et_pb_section][et_pb_section fb_built=&#8221;1&#8243; admin_label=&#8221;Service Section&#8221; _builder_version=&#8221;4.17.4&#8243; background_image=&#8221;https:\/\/relatoriosocial.lasalle.edu.br\/wp-content\/uploads\/2022\/06\/home_7_background_projetos.png&#8221; custom_margin=&#8221;|||&#8221; custom_padding=&#8221;||100px||false|false&#8221; global_colors_info=&#8221;{}&#8221;][et_pb_row _builder_version=&#8221;4.16&#8243; _module_preset=&#8221;default&#8221; global_colors_info=&#8221;{}&#8221;][et_pb_column type=&#8221;4_4&#8243; _builder_version=&#8221;4.16&#8243; _module_preset=&#8221;default&#8221; global_colors_info=&#8221;{}&#8221;][et_pb_text ul_item_indent=&#8221;59px&#8221; _builder_version=&#8221;4.16&#8243; _module_preset=&#8221;default&#8221; text_font=&#8221;||||||||&#8221; text_text_color=&#8221;#FFFFFF&#8221; text_font_size=&#8221;16px&#8221; text_line_height=&#8221;1.8em&#8221; ul_text_color=&#8221;#FFFFFF&#8221; ul_font_size=&#8221;16px&#8221; ul_line_height=&#8221;1.8em&#8221; background_layout=&#8221;dark&#8221; hover_enabled=&#8221;0&#8243; global_colors_info=&#8221;{}&#8221; sticky_enabled=&#8221;0&#8243;]<p style=\"text-align: justify;\">Na Prov\u00edncia La Salle Brasil-Chile, os servi\u00e7os e projetos socioassistenciais e de utilidade p\u00fablica t\u00eam como objetivo fortalecer as rela\u00e7\u00f5es familiares e comunit\u00e1rias e promover a integra\u00e7\u00e3o e a troca de experi\u00eancias entre os participantes. Possuem car\u00e1ter preventivo, que contribui na afirma\u00e7\u00e3o de direitos e no desenvolvimento de capacidades das pessoas.<\/p>\n<p style=\"text-align: justify;\">O p\u00fablico beneficiado caracteriza-se, principalmente, pela situa\u00e7\u00e3o de vulnerabilidade social decorrente da pobreza, da priva\u00e7\u00e3o (aus\u00eancia de renda, acesso prec\u00e1rio ou nulo aos servi\u00e7os p\u00fablicos, entre outros) e\/ou da fragiliza\u00e7\u00e3o de v\u00ednculos afetivos\/relacionais e de pertencimento social (discrimina\u00e7\u00f5es et\u00e1rias, \u00e9tnicas, de g\u00eanero ou por defici\u00eancias, entre outras).<\/p>\n<p style=\"text-align: justify;\">As iniciativas s\u00e3o desenvolvidas pelas Institui\u00e7\u00f5es Lassalistas em conjunto com os alunos e as fam\u00edlias, educadores e colaboradores, e prop\u00f5em colocar em pr\u00e1tica o uso de valores como a fraternidade, o respeito, o cuidado, a \u00e9tica e a solidariedade. Esse processo se d\u00e1 por meio de encontros sistem\u00e1ticos de reflex\u00e3o, conviv\u00eancia, a\u00e7\u00e3o e celebra\u00e7\u00e3o, experi\u00eancias que fortalecem a f\u00e9 e o senso de coletividade. Frente aos desafios do momento atual, cada projeto contribui para a constru\u00e7\u00e3o de um mundo mais humano, justo, solid\u00e1rio e fraterno.<\/p>\n<p style=\"text-align: justify;\">Confira, a seguir, os projetos descritos e ilustrados de cada regi\u00e3o, onde voc\u00ea conhecer\u00e1 o car\u00e1ter da Miss\u00e3o Lassalista com exemplos de empenho e dedica\u00e7\u00e3o em defesa dos mais necessitados.<span style=\"font-weight: 400; color: #ffffff;\"><\/span><\/p>[\/et_pb_text][\/et_pb_column][\/et_pb_row][et_pb_row column_structure=&#8221;1_3,1_3,1_3&#8243; admin_label=&#8221;Services&#8221; _builder_version=&#8221;4.17.6&#8243; custom_padding=&#8221;25px||25px|&#8221; use_custom_width=&#8221;on&#8221; width_unit=&#8221;off&#8221; global_colors_info=&#8221;{}&#8221;][et_pb_column type=&#8221;1_3&#8243; _builder_version=&#8221;4.16&#8243; custom_padding=&#8221;|||&#8221; global_colors_info=&#8221;{}&#8221; custom_padding__hover=&#8221;|||&#8221;][et_pb_image src=&#8221;https:\/\/relatoriosocial.lasalle.edu.br\/wp-content\/uploads\/2022\/06\/Ativo-36.png&#8221; title_text=&#8221;Ativo-36&#8243; align=&#8221;center&#8221; _builder_version=&#8221;4.17.6&#8243; _module_preset=&#8221;default&#8221; width=&#8221;55%&#8221; global_colors_info=&#8221;{}&#8221;][\/et_pb_image][et_pb_text _builder_version=&#8221;4.16&#8243; _module_preset=&#8221;default&#8221; header_3_font_size=&#8221;20px&#8221; header_3_line_height=&#8221;1.2em&#8221; custom_margin=&#8221;5px||5px||true|false&#8221; custom_padding=&#8221;0px|10px|0px|10px|false|true&#8221; global_colors_info=&#8221;{}&#8221;]<h1 style=\"text-align: center;\"><strong><span style=\"color: #ffffff;\">INTERNACIONAL<\/span><\/strong><\/h1>\n<h3 style=\"text-align: center;\"><span style=\"color: #ffffff; font-size: large;\">Projetos desenvolvidos em n\u00edvel Internacional.<\/span><\/h3>[\/et_pb_text][et_pb_button button_url=&#8221;@ET-DC@eyJkeW5hbWljIjp0cnVlLCJjb250ZW50IjoicG9zdF9saW5rX3VybF9wYWdlIiwic2V0dGluZ3MiOnsicG9zdF9pZCI6IjI4NzEifX0=@&#8221; button_text=&#8221;Conhe\u00e7a&#8221; button_alignment=&#8221;center&#8221; _builder_version=&#8221;4.17.4&#8243; _dynamic_attributes=&#8221;button_url&#8221; _module_preset=&#8221;default&#8221; custom_button=&#8221;on&#8221; button_text_size=&#8221;17px&#8221; button_border_radius=&#8221;20px&#8221; button_use_icon=&#8221;off&#8221; background_layout=&#8221;dark&#8221; global_colors_info=&#8221;{}&#8221;][\/et_pb_button][\/et_pb_column][et_pb_column type=&#8221;1_3&#8243; _builder_version=&#8221;4.16&#8243; custom_padding=&#8221;|||&#8221; global_colors_info=&#8221;{}&#8221; custom_padding__hover=&#8221;|||&#8221;][et_pb_image src=&#8221;https:\/\/relatoriosocial.lasalle.edu.br\/wp-content\/uploads\/2022\/06\/Ativo-41.png&#8221; title_text=&#8221;Ativo-41&#8243; align=&#8221;center&#8221; _builder_version=&#8221;4.17.6&#8243; _module_preset=&#8221;default&#8221; width=&#8221;55%&#8221; global_colors_info=&#8221;{}&#8221;][\/et_pb_image][et_pb_text _builder_version=&#8221;4.16&#8243; _module_preset=&#8221;default&#8221; header_3_font_size=&#8221;20px&#8221; header_3_line_height=&#8221;1.2em&#8221; custom_margin=&#8221;5px||5px||true|false&#8221; custom_padding=&#8221;0px|10px|0px|10px|false|true&#8221; global_colors_info=&#8221;{}&#8221;]<h1 style=\"text-align: center;\"><strong><span style=\"color: #ffffff;\">NACIONAL<\/span><\/strong><\/h1>\n<h3 style=\"text-align: center;\"><span style=\"color: #ffffff; font-size: large;\">Projetos desenvolvidos em n\u00edvel Nacional.<\/span><\/h3>[\/et_pb_text][et_pb_button button_url=&#8221;@ET-DC@eyJkeW5hbWljIjp0cnVlLCJjb250ZW50IjoicG9zdF9saW5rX3VybF9wYWdlIiwic2V0dGluZ3MiOnsicG9zdF9pZCI6IjI4NzQifX0=@&#8221; button_text=&#8221;Conhe\u00e7a&#8221; button_alignment=&#8221;center&#8221; _builder_version=&#8221;4.17.4&#8243; _dynamic_attributes=&#8221;button_url&#8221; _module_preset=&#8221;default&#8221; custom_button=&#8221;on&#8221; button_text_size=&#8221;17px&#8221; button_border_radius=&#8221;20px&#8221; button_use_icon=&#8221;off&#8221; background_layout=&#8221;dark&#8221; global_colors_info=&#8221;{}&#8221;][\/et_pb_button][\/et_pb_column][et_pb_column type=&#8221;1_3&#8243; _builder_version=&#8221;4.16&#8243; custom_padding=&#8221;|||&#8221; global_colors_info=&#8221;{}&#8221; custom_padding__hover=&#8221;|||&#8221;][et_pb_image src=&#8221;https:\/\/relatoriosocial.lasalle.edu.br\/wp-content\/uploads\/2022\/06\/Ativo-40.png&#8221; title_text=&#8221;Ativo-40&#8243; align=&#8221;center&#8221; _builder_version=&#8221;4.17.6&#8243; _module_preset=&#8221;default&#8221; width=&#8221;55%&#8221; global_colors_info=&#8221;{}&#8221;][\/et_pb_image][et_pb_text _builder_version=&#8221;4.16&#8243; _module_preset=&#8221;default&#8221; header_3_font_size=&#8221;20px&#8221; header_3_line_height=&#8221;1.2em&#8221; custom_margin=&#8221;5px||5px||true|false&#8221; custom_padding=&#8221;0px|10px|0px|10px|false|true&#8221; global_colors_info=&#8221;{}&#8221;]<h1 style=\"text-align: center;\"><strong><span style=\"color: #ffffff;\">NORTE E NORDESTE<\/span><\/strong><\/h1>\n<h3 style=\"text-align: center;\"><span style=\"color: #ffffff; font-size: large;\">Projetos desenvolvidos nas regi\u00f5es Norte e Nordeste do Brasil.<\/span><\/h3>[\/et_pb_text][et_pb_button button_url=&#8221;@ET-DC@eyJkeW5hbWljIjp0cnVlLCJjb250ZW50IjoicG9zdF9saW5rX3VybF9wYWdlIiwic2V0dGluZ3MiOnsicG9zdF9pZCI6IjI4NzcifX0=@&#8221; button_text=&#8221;Conhe\u00e7a&#8221; button_alignment=&#8221;center&#8221; _builder_version=&#8221;4.17.4&#8243; _dynamic_attributes=&#8221;button_url&#8221; _module_preset=&#8221;default&#8221; custom_button=&#8221;on&#8221; button_text_size=&#8221;17px&#8221; button_border_radius=&#8221;20px&#8221; button_use_icon=&#8221;off&#8221; background_layout=&#8221;dark&#8221; global_colors_info=&#8221;{}&#8221;][\/et_pb_button][\/et_pb_column][\/et_pb_row][et_pb_row column_structure=&#8221;1_3,1_3,1_3&#8243; admin_label=&#8221;Services&#8221; _builder_version=&#8221;4.17.6&#8243; custom_padding=&#8221;25px||25px|&#8221; use_custom_width=&#8221;on&#8221; width_unit=&#8221;off&#8221; global_colors_info=&#8221;{}&#8221;][et_pb_column type=&#8221;1_3&#8243; _builder_version=&#8221;4.16&#8243; custom_padding=&#8221;|||&#8221; global_colors_info=&#8221;{}&#8221; custom_padding__hover=&#8221;|||&#8221;][et_pb_image src=&#8221;https:\/\/relatoriosocial.lasalle.edu.br\/wp-content\/uploads\/2022\/06\/Ativo-39.png&#8221; title_text=&#8221;Ativo-39&#8243; align=&#8221;center&#8221; _builder_version=&#8221;4.17.6&#8243; _module_preset=&#8221;default&#8221; width=&#8221;55%&#8221; global_colors_info=&#8221;{}&#8221;][\/et_pb_image][et_pb_text _builder_version=&#8221;4.16&#8243; _module_preset=&#8221;default&#8221; header_3_font_size=&#8221;20px&#8221; header_3_line_height=&#8221;1.2em&#8221; custom_margin=&#8221;5px||5px||true|false&#8221; custom_padding=&#8221;0px|10px|0px|10px|false|true&#8221; global_colors_info=&#8221;{}&#8221;]<h1 style=\"text-align: center;\"><strong><span style=\"color: #ffffff;\">CENTRO-OESTE<\/span><\/strong><\/h1>\n<h3 style=\"text-align: center;\"><span style=\"color: #ffffff; font-size: large;\">Projetos desenvolvidos na regi\u00e3o Centro-Oeste do Brasil.<\/span><\/h3>[\/et_pb_text][et_pb_button button_url=&#8221;@ET-DC@eyJkeW5hbWljIjp0cnVlLCJjb250ZW50IjoicG9zdF9saW5rX3VybF9wYWdlIiwic2V0dGluZ3MiOnsicG9zdF9pZCI6IjI4ODAifX0=@&#8221; button_text=&#8221;Conhe\u00e7a&#8221; button_alignment=&#8221;center&#8221; _builder_version=&#8221;4.17.4&#8243; _dynamic_attributes=&#8221;button_url&#8221; _module_preset=&#8221;default&#8221; custom_button=&#8221;on&#8221; button_text_size=&#8221;17px&#8221; button_border_radius=&#8221;20px&#8221; button_use_icon=&#8221;off&#8221; background_layout=&#8221;dark&#8221; global_colors_info=&#8221;{}&#8221;][\/et_pb_button][\/et_pb_column][et_pb_column type=&#8221;1_3&#8243; _builder_version=&#8221;4.16&#8243; custom_padding=&#8221;|||&#8221; global_colors_info=&#8221;{}&#8221; custom_padding__hover=&#8221;|||&#8221;][et_pb_image src=&#8221;https:\/\/relatoriosocial.lasalle.edu.br\/wp-content\/uploads\/2022\/06\/Ativo-38.png&#8221; title_text=&#8221;Ativo-38&#8243; align=&#8221;center&#8221; _builder_version=&#8221;4.17.6&#8243; _module_preset=&#8221;default&#8221; width=&#8221;55%&#8221; global_colors_info=&#8221;{}&#8221;][\/et_pb_image][et_pb_text _builder_version=&#8221;4.16&#8243; _module_preset=&#8221;default&#8221; header_3_font_size=&#8221;20px&#8221; header_3_line_height=&#8221;1.2em&#8221; custom_margin=&#8221;5px||5px||true|false&#8221; custom_padding=&#8221;0px|10px|0px|10px|false|true&#8221; global_colors_info=&#8221;{}&#8221;]<h1 style=\"text-align: center;\"><strong><span style=\"color: #ffffff;\">SUDESTE<\/span><\/strong><\/h1>\n<h3 style=\"text-align: center;\"><span style=\"color: #ffffff; font-size: large;\">Projetos desenvolvidos na regi\u00e3o Sudeste do Brasil.<\/span><\/h3>[\/et_pb_text][et_pb_button button_url=&#8221;@ET-DC@eyJkeW5hbWljIjp0cnVlLCJjb250ZW50IjoicG9zdF9saW5rX3VybF9wYWdlIiwic2V0dGluZ3MiOnsicG9zdF9pZCI6IjI4ODMifX0=@&#8221; button_text=&#8221;Conhe\u00e7a&#8221; button_alignment=&#8221;center&#8221; _builder_version=&#8221;4.17.4&#8243; _dynamic_attributes=&#8221;button_url&#8221; _module_preset=&#8221;default&#8221; custom_button=&#8221;on&#8221; button_text_size=&#8221;17px&#8221; button_border_radius=&#8221;20px&#8221; button_use_icon=&#8221;off&#8221; background_layout=&#8221;dark&#8221; global_colors_info=&#8221;{}&#8221;][\/et_pb_button][\/et_pb_column][et_pb_column type=&#8221;1_3&#8243; _builder_version=&#8221;4.16&#8243; custom_padding=&#8221;|||&#8221; global_colors_info=&#8221;{}&#8221; custom_padding__hover=&#8221;|||&#8221;][et_pb_image src=&#8221;https:\/\/relatoriosocial.lasalle.edu.br\/wp-content\/uploads\/2022\/06\/Ativo-37.png&#8221; title_text=&#8221;Ativo-37&#8243; align=&#8221;center&#8221; _builder_version=&#8221;4.17.6&#8243; _module_preset=&#8221;default&#8221; width=&#8221;55%&#8221; global_colors_info=&#8221;{}&#8221;][\/et_pb_image][et_pb_text _builder_version=&#8221;4.16&#8243; _module_preset=&#8221;default&#8221; header_3_font_size=&#8221;20px&#8221; header_3_line_height=&#8221;1.2em&#8221; custom_margin=&#8221;5px||5px||true|false&#8221; custom_padding=&#8221;0px|10px|0px|10px|false|true&#8221; global_colors_info=&#8221;{}&#8221;]<h1 style=\"text-align: center;\"><strong><span style=\"color: #ffffff;\">SUL<\/span><\/strong><\/h1>\n<h3 style=\"text-align: center;\"><span style=\"color: #ffffff; font-size: large;\">Projetos desenvolvidos na regi\u00e3o Sul do Brasil.<\/span><\/h3>[\/et_pb_text][et_pb_button button_url=&#8221;@ET-DC@eyJkeW5hbWljIjp0cnVlLCJjb250ZW50IjoicG9zdF9saW5rX3VybF9wYWdlIiwic2V0dGluZ3MiOnsicG9zdF9pZCI6IjI4ODYifX0=@&#8221; button_text=&#8221;Conhe\u00e7a&#8221; button_alignment=&#8221;center&#8221; _builder_version=&#8221;4.17.4&#8243; _dynamic_attributes=&#8221;button_url&#8221; _module_preset=&#8221;default&#8221; custom_button=&#8221;on&#8221; button_text_size=&#8221;17px&#8221; button_border_radius=&#8221;20px&#8221; button_use_icon=&#8221;off&#8221; background_layout=&#8221;dark&#8221; global_colors_info=&#8221;{}&#8221;][\/et_pb_button][\/et_pb_column][\/et_pb_row][\/et_pb_section]\n\n","protected":false},"excerpt":{"rendered":"<p>Na Prov\u00edncia La Salle Brasil-Chile, os servi\u00e7os e projetos socioassistenciais e de utilidade p\u00fablica t\u00eam como objetivo fortalecer as rela\u00e7\u00f5es familiares e comunit\u00e1rias e promover a integra\u00e7\u00e3o e a troca de experi\u00eancias entre os participantes. Possuem car\u00e1ter preventivo, que contribui na afirma\u00e7\u00e3o de direitos e no desenvolvimento de capacidades das pessoas. O p\u00fablico beneficiado caracteriza-se, [&hellip;]<\/p>\n","protected":false},"author":1,"featured_media":0,"parent":0,"menu_order":0,"comment_status":"closed","ping_status":"closed","template":"","meta":{"_et_pb_use_builder":"on","_et_pb_old_content":"","_et_gb_content_width":"","footnotes":""},"class_list":["post-2868","page","type-page","status-publish","hentry"],"_links":{"self":[{"href":"https:\/\/relatoriosocial.lasalle.edu.br\/index.php\/wp-json\/wp\/v2\/pages\/2868","targetHints":{"allow":["GET"]}}],"collection":[{"href":"https:\/\/relatoriosocial.lasalle.edu.br\/index.php\/wp-json\/wp\/v2\/pages"}],"about":[{"href":"https:\/\/relatoriosocial.lasalle.edu.br\/index.php\/wp-json\/wp\/v2\/types\/page"}],"author":[{"embeddable":true,"href":"https:\/\/relatoriosocial.lasalle.edu.br\/index.php\/wp-json\/wp\/v2\/users\/1"}],"replies":[{"embeddable":true,"href":"https:\/\/relatoriosocial.lasalle.edu.br\/index.php\/wp-json\/wp\/v2\/comments?post=2868"}],"version-history":[{"count":14,"href":"https:\/\/relatoriosocial.lasalle.edu.br\/index.php\/wp-json\/wp\/v2\/pages\/2868\/revisions"}],"predecessor-version":[{"id":4198,"href":"https:\/\/relatoriosocial.lasalle.edu.br\/index.php\/wp-json\/wp\/v2\/pages\/2868\/revisions\/4198"}],"wp:attachment":[{"href":"https:\/\/relatoriosocial.lasalle.edu.br\/index.php\/wp-json\/wp\/v2\/media?parent=2868"}],"curies":[{"name":"wp","href":"https:\/\/api.w.org\/{rel}","templated":true}]}}