{"id":2871,"date":"2022-06-27T10:34:46","date_gmt":"2022-06-27T13:34:46","guid":{"rendered":"http:\/\/10.224.80.154\/?page_id=2871"},"modified":"2023-05-08T10:56:50","modified_gmt":"2023-05-08T13:56:50","slug":"projetos-internacionais_2021","status":"publish","type":"page","link":"https:\/\/relatoriosocial.lasalle.edu.br\/index.php\/projetos-internacionais_2021\/","title":{"rendered":"Projetos Internacionais 2021"},"content":{"rendered":"\n[et_pb_section fb_built=&#8221;1&#8243; _builder_version=&#8221;4.17.4&#8243; _module_preset=&#8221;default&#8221; background_image=&#8221;https:\/\/relatoriosocial.lasalle.edu.br\/wp-content\/uploads\/2022\/06\/relatorio-social-2021-13.png&#8221; background_position=&#8221;top_center&#8221; hover_enabled=&#8221;0&#8243; global_colors_info=&#8221;{}&#8221; title_text=&#8221;relatorio-social-2021-13&#8243; sticky_enabled=&#8221;0&#8243;][et_pb_row _builder_version=&#8221;4.16&#8243; _module_preset=&#8221;default&#8221; global_colors_info=&#8221;{}&#8221;][et_pb_column type=&#8221;4_4&#8243; _builder_version=&#8221;4.16&#8243; _module_preset=&#8221;default&#8221; global_colors_info=&#8221;{}&#8221;][et_pb_image src=&#8221;http:\/\/10.224.80.154\/wp-content\/uploads\/2022\/06\/pagina_projetos_png_regiao_internacional.png&#8221; title_text=&#8221;pagina_projetos_png_regiao_internacional&#8221; align=&#8221;center&#8221; _builder_version=&#8221;4.16&#8243; _module_preset=&#8221;default&#8221; global_colors_info=&#8221;{}&#8221;][\/et_pb_image][\/et_pb_column][\/et_pb_row][\/et_pb_section][et_pb_section fb_built=&#8221;1&#8243; _builder_version=&#8221;4.17.4&#8243; _module_preset=&#8221;default&#8221; background_enable_color=&#8221;off&#8221; background_image=&#8221;https:\/\/relatoriosocial.lasalle.edu.br\/wp-content\/uploads\/2022\/06\/relatorio-social-2021-assistencia-social-17.png&#8221; background_position=&#8221;top_right&#8221; min_height=&#8221;550.6px&#8221; custom_margin=&#8221;0px|0px|0px|0px|false|false&#8221; custom_padding=&#8221;0px|0px|0px|0px|false|false&#8221; hover_enabled=&#8221;0&#8243; global_colors_info=&#8221;{}&#8221; title_text=&#8221;relatorio-social-2021-assistencia-social-17&#8243; sticky_enabled=&#8221;0&#8243;][et_pb_row column_structure=&#8221;2_5,3_5&#8243; _builder_version=&#8221;4.16&#8243; _module_preset=&#8221;default&#8221; custom_margin=&#8221;|auto|0px|auto||&#8221; custom_padding=&#8221;50px||50px||false|false&#8221; global_colors_info=&#8221;{}&#8221;][et_pb_column type=&#8221;2_5&#8243; _builder_version=&#8221;4.16&#8243; _module_preset=&#8221;default&#8221; global_colors_info=&#8221;{}&#8221;][et_pb_image src=&#8221;http:\/\/10.224.80.154\/wp-content\/uploads\/2022\/06\/62-PROJETO-REFEITORIO-SOLIDARIO.jpg&#8221; title_text=&#8221;62 &#8211; PROJETO REFEIT\u00d3RIO SOLID\u00c1RIO&#8221; _builder_version=&#8221;4.16&#8243; _module_preset=&#8221;default&#8221; global_colors_info=&#8221;{}&#8221;][\/et_pb_image][\/et_pb_column][et_pb_column type=&#8221;3_5&#8243; _builder_version=&#8221;4.16&#8243; _module_preset=&#8221;default&#8221; global_colors_info=&#8221;{}&#8221;][et_pb_text _builder_version=&#8221;4.16&#8243; _module_preset=&#8221;default&#8221; text_font=&#8221;|800|||||||&#8221; text_font_size=&#8221;26px&#8221; text_line_height=&#8221;1em&#8221; global_colors_info=&#8221;{}&#8221;]<p><span style=\"color: #ffffff;\"><strong><b>COMEDOR SOLIDARIO<\/b>\u00a0<\/strong><\/span><\/p>[\/et_pb_text][et_pb_text _builder_version=&#8221;4.16&#8243; _module_preset=&#8221;default&#8221; text_text_color=&#8221;#FFFFFF&#8221; text_font_size=&#8221;15px&#8221; text_line_height=&#8221;1.5em&#8221; global_colors_info=&#8221;{}&#8221;]<p><span style=\"color: #ffffff;\"><strong><b>Instituci\u00f3n responsable:<\/b><\/strong> <span style=\"font-weight: 400;\">Colegio San Gregorio de La Salle (Santiago)<\/span><br \/><strong><b>Beneficiados:<\/b><\/strong> <span style=\"font-weight: 400;\">\u00a0aproximadamente 11 personas en situaci\u00f3n de calle atendidas todos los d\u00edas.<\/span><br \/><strong><b>Periodo de ejecuci\u00f3n:<\/b><\/strong> <span style=\"font-weight: 400;\">marzo a diciembre de 2021.<\/span><\/span><\/p>[\/et_pb_text][et_pb_text _builder_version=&#8221;4.16&#8243; _module_preset=&#8221;default&#8221; text_font_size=&#8221;15px&#8221; text_line_height=&#8221;1.5em&#8221; text_orientation=&#8221;justified&#8221; global_colors_info=&#8221;{}&#8221;]<p><span style=\"color: #ffffff;\"><b>OBJETIVOS:<br \/><\/b><span style=\"font-weight: 400;\">ofrecer alimentaci\u00f3n saludable a personas en situaci\u00f3n de calle. Dignificar a las personas que necesitan alimentaci\u00f3n, ofreciendo un servicio solidario de calidad en un ambiente fraterno, respetuoso y formativo. Dar la posibilidad a los estudiantes para realizar un servicio de voluntariado.<\/span><\/span><\/p>[\/et_pb_text][et_pb_text _builder_version=&#8221;4.16&#8243; _module_preset=&#8221;default&#8221; text_font_size=&#8221;15px&#8221; text_line_height=&#8221;1.5em&#8221; text_orientation=&#8221;justified&#8221; global_colors_info=&#8221;{}&#8221;]<p><span style=\"color: #ffffff;\"><b>DESCRIPCI\u00d3N:<br \/><\/b><\/span><span style=\"font-weight: 400; color: #ffffff;\">el proyecto solidario, del que participan alumnos der 8\u00b0 a\u00f1o de Ense\u00f1anza B\u00e1sica hasta 4\u00b0 A\u00f1o de Ense\u00f1anza Media del Colegio San Gregorio de La Salle, ayuda a combatir la pobreza, el hambre y mala nutrici\u00f3n al entregar comida nutritiva y balanceada a quienes son atendidos en el proyecto. Los alimentos los preparan las madres de los alumnos y servidos por los mismos estudiantes, beneficiando a personas en situaci\u00f3n de calle.<br \/>Este servicio se realiza los d\u00edas viernes, con la participaci\u00f3n de estudiantes y sus padres o apoderados. El proyecto cuenta con el apoyo de los Centros Educativos Lasallistas en la recolecci\u00f3n de los alimentos donados al Comedor Solidario.<\/span><\/p>[\/et_pb_text][\/et_pb_column][\/et_pb_row][\/et_pb_section][et_pb_section fb_built=&#8221;1&#8243; _builder_version=&#8221;4.17.4&#8243; _module_preset=&#8221;default&#8221; background_enable_color=&#8221;off&#8221; background_image=&#8221;https:\/\/relatoriosocial.lasalle.edu.br\/wp-content\/uploads\/2022\/06\/relatorio-social-2021-assistencia-social-18.png&#8221; background_position=&#8221;top_left&#8221; min_height=&#8221;701.4px&#8221; custom_margin=&#8221;0px|0px|-13px|0px|false|false&#8221; custom_padding=&#8221;0px|0px|0px|0px|false|false&#8221; hover_enabled=&#8221;0&#8243; global_colors_info=&#8221;{}&#8221; title_text=&#8221;relatorio-social-2021-assistencia-social-18&#8243; sticky_enabled=&#8221;0&#8243;][et_pb_row column_structure=&#8221;3_5,2_5&#8243; _builder_version=&#8221;4.16&#8243; _module_preset=&#8221;default&#8221; custom_margin=&#8221;0px|auto|-7px|auto|false|false&#8221; custom_padding=&#8221;50px||50px||false|false&#8221; global_colors_info=&#8221;{}&#8221;][et_pb_column type=&#8221;3_5&#8243; _builder_version=&#8221;4.16&#8243; _module_preset=&#8221;default&#8221; global_colors_info=&#8221;{}&#8221;][et_pb_text _builder_version=&#8221;4.16&#8243; _module_preset=&#8221;default&#8221; text_font=&#8221;|800|||||||&#8221; text_font_size=&#8221;26px&#8221; text_line_height=&#8221;1.2em&#8221; global_colors_info=&#8221;{}&#8221;]<p><span style=\"color: #ffffff;\"><strong><b>DEFENSA DE LOS DERECHOS DE LA NI\u00d1EZ Y JUVENTUD<\/b><\/strong><\/span><\/p>[\/et_pb_text][et_pb_text _builder_version=&#8221;4.16&#8243; _module_preset=&#8221;default&#8221; text_text_color=&#8221;#FFFFFF&#8221; text_font_size=&#8221;15px&#8221; text_line_height=&#8221;1.5em&#8221; global_colors_info=&#8221;{}&#8221;]<p><span style=\"color: #ffffff;\"><strong><b>Instituci\u00f3n responsable<\/b>:<\/strong> <span style=\"font-weight: 400;\">mesa Interinstitucional BICE \u2013 Chile (Santiago)<br \/><\/span><strong><b>Beneficiados:<\/b><\/strong> <span style=\"font-weight: 400;\">ni\u00f1os, ni\u00f1as y j\u00f3venes a nivel nacional.<br \/><\/span><strong><b>N\u00famero de beneficiados:<\/b><\/strong> <span style=\"font-weight: 400;\">22.454 personas.<\/span><br \/><strong><b>Periodo de ejecuci\u00f3n:<\/b><\/strong><\/span><span style=\"color: #ffffff;\"> <span style=\"font-weight: 400;\">a\u00f1o 2021.<\/span><\/span><\/p>[\/et_pb_text][et_pb_text _builder_version=&#8221;4.16&#8243; _module_preset=&#8221;default&#8221; text_font_size=&#8221;15px&#8221; text_line_height=&#8221;1.5em&#8221; text_orientation=&#8221;justified&#8221; global_colors_info=&#8221;{}&#8221;]<p><span style=\"color: #ffffff;\"><b>OBJETIVOS:<br \/><\/b><span style=\"font-weight: 400;\"><span style=\"font-weight: 400;\">a) potenciar el trabajo de la Mesa BICE \u2013 Chile con el prop\u00f3sito de avanzar hacia una sociedad que respete la dignidad y los derechos de la ni\u00f1ez y juventud, siguiendo las orientaciones de la Oficina Internacional Cat\u00f3lico de la Infancia (BICE); b) resguardar que los ni\u00f1os, ni\u00f1as y j\u00f3venes participen como protagonistas en las diferentes instancias que la Mesa BICE-Chile promueve, transform\u00e1ndose en actores relevantes; c) trabajar por la dignidad y derechos de la ni\u00f1ez y juventud, promoviendo una cultura inclusiva; d) propiciar el di\u00e1logo y el encuentro con otras personas y organizaciones para construir objetivos comunes.<\/span><\/span><\/span><\/p>[\/et_pb_text][et_pb_text _builder_version=&#8221;4.16&#8243; _module_preset=&#8221;default&#8221; text_font_size=&#8221;15px&#8221; text_line_height=&#8221;1.5em&#8221; text_orientation=&#8221;justified&#8221; global_colors_info=&#8221;{}&#8221;]<p><span style=\"color: #ffffff;\"><b>DESCRIPCI\u00d3N:<br \/><\/b><span style=\"font-weight: 400;\"><span style=\"font-weight: 400;\">la alianza BICE \u2013 Chile est\u00e1 formada por el Vicariato de la Pastoral Social del Arzobispado de Santiago, CARITAS-CHILE, los padres Salesianos, la Fundaci\u00f3n EMMANUEL, la red Ignaciana de Educaci\u00f3n, el Vicariato de Educaci\u00f3n, los Hermanos maristas, la Fundaci\u00f3n Hogar de Cristo y por los Hermanos de La Salle que, con el pasar del tiempo, se ha transformado en una red que busca promover el trabajo con los ni\u00f1os, ni\u00f1as y j\u00f3venes y adolescentes a partir del enfoque de los derechos de esa poblaci\u00f3n. En los \u00faltimos a\u00f1os de trabajo, ha desarrollado un plan estrat\u00e9gico que contempla un conjunto de acciones: vincularse con organismos nacionales que trabajan en la defensa de la ni\u00f1ez, la elaboraci\u00f3n y aplicaci\u00f3n de cartillas educativas, la campa\u00f1a \u201cUn trato por un buen trato\u201d, seminarios, congresos, formaci\u00f3n de agentes pastorales y colaboraci\u00f3n con las instancias legislativas para la elaboraci\u00f3n de la ley de protecci\u00f3n de la infancia.<br \/><\/span><\/span><\/span><\/p>[\/et_pb_text][\/et_pb_column][et_pb_column type=&#8221;2_5&#8243; _builder_version=&#8221;4.16&#8243; _module_preset=&#8221;default&#8221; global_colors_info=&#8221;{}&#8221;][et_pb_image src=&#8221;http:\/\/10.224.80.154\/wp-content\/uploads\/2022\/06\/63-PROJETO-DEFESA-DOS-DIREITOS-DAS-CRIANCAS-E-JOVENS-1.jpg&#8221; title_text=&#8221;63 &#8211; PROJETO DEFESA DOS DIREITOS DAS CRIAN\u00c7AS E JOVENS&#8221; _builder_version=&#8221;4.16&#8243; _module_preset=&#8221;default&#8221; global_colors_info=&#8221;{}&#8221;][\/et_pb_image][\/et_pb_column][\/et_pb_row][\/et_pb_section][et_pb_section fb_built=&#8221;1&#8243; _builder_version=&#8221;4.17.4&#8243; _module_preset=&#8221;default&#8221; background_enable_color=&#8221;off&#8221; background_image=&#8221;https:\/\/relatoriosocial.lasalle.edu.br\/wp-content\/uploads\/2022\/06\/relatorio-social-2021-assistencia-social-17.png&#8221; background_position=&#8221;top_right&#8221; min_height=&#8221;550.6px&#8221; custom_margin=&#8221;0px|0px|0px|0px|false|false&#8221; custom_padding=&#8221;0px|0px|0px|0px|false|false&#8221; hover_enabled=&#8221;0&#8243; global_colors_info=&#8221;{}&#8221; title_text=&#8221;relatorio-social-2021-assistencia-social-17&#8243; sticky_enabled=&#8221;0&#8243;][et_pb_row column_structure=&#8221;2_5,3_5&#8243; _builder_version=&#8221;4.16&#8243; _module_preset=&#8221;default&#8221; custom_margin=&#8221;|auto|0px|auto||&#8221; custom_padding=&#8221;50px||50px||false|false&#8221; global_colors_info=&#8221;{}&#8221;][et_pb_column type=&#8221;2_5&#8243; _builder_version=&#8221;4.16&#8243; _module_preset=&#8221;default&#8221; global_colors_info=&#8221;{}&#8221;][et_pb_image src=&#8221;http:\/\/10.224.80.154\/wp-content\/uploads\/2022\/06\/64-PROJETO-CORPORACAO-DE-AMIGOS-DE-LA-SALLE-CORDAS-1.jpg&#8221; title_text=&#8221;64 &#8211; PROJETO CORPORA\u00c7\u00c3O DE AMIGOS DE LA SALLE (CORDAS)&#8221; _builder_version=&#8221;4.16&#8243; _module_preset=&#8221;default&#8221; global_colors_info=&#8221;{}&#8221;][\/et_pb_image][\/et_pb_column][et_pb_column type=&#8221;3_5&#8243; _builder_version=&#8221;4.16&#8243; _module_preset=&#8221;default&#8221; global_colors_info=&#8221;{}&#8221;][et_pb_text _builder_version=&#8221;4.16&#8243; _module_preset=&#8221;default&#8221; text_font=&#8221;|800|||||||&#8221; text_font_size=&#8221;26px&#8221; text_line_height=&#8221;1em&#8221; global_colors_info=&#8221;{}&#8221;]<p><span style=\"color: #ffffff;\"><strong>C<b>ORPORACI\u00d3N DE AMIGOS DE LA SALLE (CORDAS)<\/b><\/strong><\/span><\/p>[\/et_pb_text][et_pb_text _builder_version=&#8221;4.16&#8243; _module_preset=&#8221;default&#8221; text_text_color=&#8221;#FFFFFF&#8221; text_font_size=&#8221;15px&#8221; text_line_height=&#8221;1.5em&#8221; global_colors_info=&#8221;{}&#8221;]<p><span style=\"color: #ffffff;\"><strong><b>Instituci\u00f3n responsable:<\/b><\/strong> <span style=\"font-weight: 400;\">Corporaci\u00f3n Amigos de La Salle (CORDAS)<\/span><br \/><strong><b>Beneficiados:<\/b><\/strong> <span style=\"font-weight: 400;\">ni\u00f1os, ni\u00f1as y j\u00f3venes carentes<\/span>.<br \/><strong><b>N\u00famero de beneficiados:<\/b><\/strong>\u00a0<span style=\"font-weight: 400;\">14 j\u00f3venes<\/span>.<\/span><\/p>[\/et_pb_text][et_pb_text _builder_version=&#8221;4.16&#8243; _module_preset=&#8221;default&#8221; text_font_size=&#8221;15px&#8221; text_line_height=&#8221;1.5em&#8221; text_orientation=&#8221;justified&#8221; global_colors_info=&#8221;{}&#8221;]<p><span style=\"color: #ffffff;\"><b>OBJETIVOS:<br \/><\/b><span style=\"font-weight: 400;\">proporcionar recursos materiales y\/o econ\u00f3micos para la continuidad de los estudios como becas de estudio y material escolar, adem\u00e1s de apoyar y acompa\u00f1ar en su proceso formativo en el \u00e1mbito de la educaci\u00f3n profesional.<\/span><\/span><\/p>[\/et_pb_text][et_pb_text _builder_version=&#8221;4.16&#8243; _module_preset=&#8221;default&#8221; text_font_size=&#8221;15px&#8221; text_line_height=&#8221;1.5em&#8221; text_orientation=&#8221;justified&#8221; global_colors_info=&#8221;{}&#8221;]<p><span style=\"color: #ffffff;\"><b>DESCRIPCI\u00d3N:\u00a0<br \/><\/b><\/span><span style=\"font-weight: 400; color: #ffffff;\">el CORDAS es una organizaci\u00f3n sin fines de lucro constituida por un grupo de personas unidas en la motivaci\u00f3n de ofrecer apoyo y soporte en aspectos de educaci\u00f3n a ni\u00f1os, ni\u00f1as y j\u00f3venes carentes. La instituci\u00f3n cuenta con socios cautivos y socios colaboradores, cuyo trabajo es, conseguir aportes econ\u00f3micos que permitan materializar las obras planificadas y empe\u00f1adas en base a la Misi\u00f3n lasallista, cuyo fundamento es el servicio a la educaci\u00f3n de los m\u00e1s pobres y la fe cristiana, seg\u00fan los principios de la Congregaci\u00f3n de los Hermanos de las escuelas Cristianas.<\/span><\/p>[\/et_pb_text][\/et_pb_column][\/et_pb_row][\/et_pb_section][et_pb_section fb_built=&#8221;1&#8243; _builder_version=&#8221;4.17.4&#8243; _module_preset=&#8221;default&#8221; background_enable_color=&#8221;off&#8221; background_image=&#8221;https:\/\/relatoriosocial.lasalle.edu.br\/wp-content\/uploads\/2022\/06\/pagina_projetos_regiao_norte-nordeste_back2.png&#8221; background_position=&#8221;top_left&#8221; custom_margin=&#8221;0px|0px|-13px|0px|false|false&#8221; custom_padding=&#8221;0px|0px|0px|0px|false|false&#8221; hover_enabled=&#8221;0&#8243; global_colors_info=&#8221;{}&#8221; title_text=&#8221;pagina_projetos_regiao_norte-nordeste_back2&#8243; sticky_enabled=&#8221;0&#8243;][et_pb_row column_structure=&#8221;3_5,2_5&#8243; _builder_version=&#8221;4.16&#8243; _module_preset=&#8221;default&#8221; custom_margin=&#8221;0px|auto|-7px|auto|false|false&#8221; custom_padding=&#8221;50px||50px||false|false&#8221; global_colors_info=&#8221;{}&#8221;][et_pb_column type=&#8221;3_5&#8243; _builder_version=&#8221;4.16&#8243; _module_preset=&#8221;default&#8221; global_colors_info=&#8221;{}&#8221;][et_pb_text _builder_version=&#8221;4.16&#8243; _module_preset=&#8221;default&#8221; text_font=&#8221;|800|||||||&#8221; text_font_size=&#8221;26px&#8221; text_line_height=&#8221;1.2em&#8221; global_colors_info=&#8221;{}&#8221;]<p><span style=\"color: #ffffff;\"><strong><b>REFOR\u00c7O ESCOLAR E ALIMENTAR<\/b><\/strong><\/span><\/p>[\/et_pb_text][et_pb_text _builder_version=&#8221;4.16&#8243; _module_preset=&#8221;default&#8221; text_text_color=&#8221;#FFFFFF&#8221; text_font_size=&#8221;15px&#8221; text_line_height=&#8221;1.5em&#8221; global_colors_info=&#8221;{}&#8221;]<p><span style=\"color: #ffffff;\"><strong>Institui\u00e7\u00e3o respons\u00e1vel:<\/strong> <span style=\"font-weight: 400;\">Centro Educativo e Assistencial La Salle (Beira\/Sofala)<br \/><\/span><strong>P\u00fablico-alvo:<\/strong>\u00a0<\/span><span style=\"font-weight: 400;\">433 crian\u00e7as e adolescentes.<\/span><span style=\"color: #ffffff;\"><br \/><strong>Per\u00edodo de execu\u00e7\u00e3o:<\/strong> <span style=\"font-weight: 400;\">2021<\/span>.<\/span><\/p>[\/et_pb_text][et_pb_text _builder_version=&#8221;4.16&#8243; _module_preset=&#8221;default&#8221; text_font_size=&#8221;15px&#8221; text_line_height=&#8221;1.5em&#8221; text_orientation=&#8221;justified&#8221; custom_padding=&#8221;0px|||||&#8221; global_colors_info=&#8221;{}&#8221;]<p><span style=\"color: #ffffff;\"><b>OBJETIVO:<br \/><\/b><span style=\"font-weight: 400;\"><span style=\"font-weight: 400;\">Atender alunos com necessidade de refor\u00e7o escolar e alimentar, disponibilizando acesso aos recursos da biblioteca para treino de leitura, escrita e c\u00e1lculo.<\/span><\/span><\/span><\/p>[\/et_pb_text][et_pb_text _builder_version=&#8221;4.16&#8243; _module_preset=&#8221;default&#8221; text_font_size=&#8221;15px&#8221; text_line_height=&#8221;1.5em&#8221; text_orientation=&#8221;justified&#8221; global_colors_info=&#8221;{}&#8221;]<p><span style=\"color: #ffffff;\"><b>DESCRI\u00c7\u00c3O:<br \/><\/b><span style=\"font-weight: 400;\"><span style=\"font-weight: 400;\">O projeto promove a oferta de aulas de refor\u00e7o escolar, atividades formativas, de reflex\u00e3o e distribui\u00e7\u00e3o de lanches frente \u00e0s \u00faltimas adversidades mundiais como o coronav\u00edrus e as mudan\u00e7as clim\u00e1ticas.<br \/><\/span><\/span><\/span><\/p>[\/et_pb_text][\/et_pb_column][et_pb_column type=&#8221;2_5&#8243; _builder_version=&#8221;4.16&#8243; _module_preset=&#8221;default&#8221; global_colors_info=&#8221;{}&#8221;][et_pb_image src=&#8221;http:\/\/10.224.80.154\/wp-content\/uploads\/2022\/06\/65-PROJETO-REFORCO-ESCOLAR-E-ALIMENTAR-1-scaled-1.jpg&#8221; title_text=&#8221;65 &#8211; PROJETO REFOR\u00c7O ESCOLAR E ALIMENTAR&#8221; _builder_version=&#8221;4.16&#8243; _module_preset=&#8221;default&#8221; global_colors_info=&#8221;{}&#8221;][\/et_pb_image][\/et_pb_column][\/et_pb_row][\/et_pb_section][et_pb_section fb_built=&#8221;1&#8243; _builder_version=&#8221;4.17.4&#8243; _module_preset=&#8221;default&#8221; background_enable_color=&#8221;off&#8221; background_image=&#8221;https:\/\/relatoriosocial.lasalle.edu.br\/wp-content\/uploads\/2022\/06\/pagina_projetos_regiao_norte-nordeste_back1.png&#8221; background_position=&#8221;top_right&#8221; custom_margin=&#8221;0px|0px|0px|0px|false|false&#8221; custom_padding=&#8221;0px|0px|0px|0px|false|false&#8221; hover_enabled=&#8221;0&#8243; global_colors_info=&#8221;{}&#8221; title_text=&#8221;pagina_projetos_regiao_norte-nordeste_back1&#8243; sticky_enabled=&#8221;0&#8243;][et_pb_row column_structure=&#8221;2_5,3_5&#8243; _builder_version=&#8221;4.16&#8243; _module_preset=&#8221;default&#8221; custom_margin=&#8221;|auto|0px|auto||&#8221; custom_padding=&#8221;50px||50px||false|false&#8221; global_colors_info=&#8221;{}&#8221;][et_pb_column type=&#8221;2_5&#8243; _builder_version=&#8221;4.16&#8243; _module_preset=&#8221;default&#8221; global_colors_info=&#8221;{}&#8221;][et_pb_image src=&#8221;http:\/\/10.224.80.154\/wp-content\/uploads\/2022\/06\/66-PROJETO-RECREACAO-ANEXEI-scaled-1.jpg&#8221; title_text=&#8221;66 &#8211; PROJETO RECREA\u00c7\u00c3O ANEXEI&#8221; _builder_version=&#8221;4.16&#8243; _module_preset=&#8221;default&#8221; global_colors_info=&#8221;{}&#8221;][\/et_pb_image][\/et_pb_column][et_pb_column type=&#8221;3_5&#8243; _builder_version=&#8221;4.16&#8243; _module_preset=&#8221;default&#8221; global_colors_info=&#8221;{}&#8221;][et_pb_text _builder_version=&#8221;4.16&#8243; _module_preset=&#8221;default&#8221; text_font=&#8221;|800|||||||&#8221; text_font_size=&#8221;26px&#8221; text_line_height=&#8221;1em&#8221; global_colors_info=&#8221;{}&#8221;]<p><span style=\"color: #ffffff;\"><strong><b>RECREA\u00c7\u00c3O ANEXEI<\/b><\/strong><\/span><\/p>[\/et_pb_text][et_pb_text _builder_version=&#8221;4.16&#8243; _module_preset=&#8221;default&#8221; text_text_color=&#8221;#FFFFFF&#8221; text_font_size=&#8221;15px&#8221; text_line_height=&#8221;1.5em&#8221; global_colors_info=&#8221;{}&#8221;]<p><span style=\"color: #ffffff;\"><strong>Institui\u00e7\u00e3o respons\u00e1vel:<\/strong> <span style=\"font-weight: 400;\">Centro Educativo e Assistencial La Salle (Beira\/Sofala)<\/span><br \/><strong>P\u00fablico-alvo:<\/strong> <span style=\"font-weight: 400;\">638 crian\u00e7as e adolescentes, al\u00e9m da comunidade do entorno.<\/span><br \/><strong>Per\u00edodo de execu\u00e7\u00e3o:<\/strong> <span style=\"font-weight: 400;\">2021<\/span>.<\/span><\/p>[\/et_pb_text][et_pb_text _builder_version=&#8221;4.16&#8243; _module_preset=&#8221;default&#8221; text_font_size=&#8221;15px&#8221; text_line_height=&#8221;1.5em&#8221; text_orientation=&#8221;justified&#8221; global_colors_info=&#8221;{}&#8221;]<p><span style=\"color: #ffffff;\"><b>OBJETIVO:<br \/><\/b><span style=\"font-weight: 400;\">Oportunizar um espa\u00e7o de forma\u00e7\u00e3o humana e crist\u00e3 por meio de atividades recreativas e l\u00fadicas, trabalhando na preven\u00e7\u00e3o de doen\u00e7as.<br \/><\/span><\/span><\/p>[\/et_pb_text][et_pb_text _builder_version=&#8221;4.16&#8243; _module_preset=&#8221;default&#8221; text_font_size=&#8221;15px&#8221; text_line_height=&#8221;1.5em&#8221; text_orientation=&#8221;justified&#8221; global_colors_info=&#8221;{}&#8221;]<p><span style=\"color: #ffffff;\"><b>DESCRI\u00c7\u00c3O:<br \/><\/b><\/span><span style=\"font-weight: 400; color: #ffffff;\">O projeto desenvolve a recrea\u00e7\u00e3o por meio da pr\u00e1tica esportiva de forma l\u00fadica e segura, m\u00fasica, dan\u00e7a, filme, teatro, cantos, desenho, pintura, cuidados com a sa\u00fade e preven\u00e7\u00e3o de HIV\/Sida, entre outras doen\u00e7as.<\/span><\/p>[\/et_pb_text][\/et_pb_column][\/et_pb_row][\/et_pb_section]\n","protected":false},"excerpt":{"rendered":"<p>COMEDOR SOLIDARIO\u00a0Instituci\u00f3n responsable: Colegio San Gregorio de La Salle (Santiago)Beneficiados: \u00a0aproximadamente 11 personas en situaci\u00f3n de calle atendidas todos los d\u00edas.Periodo de ejecuci\u00f3n: marzo a diciembre de 2021.OBJETIVOS:ofrecer alimentaci\u00f3n saludable a personas en situaci\u00f3n de calle. Dignificar a las personas que necesitan alimentaci\u00f3n, ofreciendo un servicio solidario de calidad en un ambiente fraterno, respetuoso y [&hellip;]<\/p>\n","protected":false},"author":1,"featured_media":0,"parent":0,"menu_order":0,"comment_status":"closed","ping_status":"closed","template":"","meta":{"_et_pb_use_builder":"on","_et_pb_old_content":"","_et_gb_content_width":"","footnotes":""},"class_list":["post-2871","page","type-page","status-publish","hentry"],"_links":{"self":[{"href":"https:\/\/relatoriosocial.lasalle.edu.br\/index.php\/wp-json\/wp\/v2\/pages\/2871","targetHints":{"allow":["GET"]}}],"collection":[{"href":"https:\/\/relatoriosocial.lasalle.edu.br\/index.php\/wp-json\/wp\/v2\/pages"}],"about":[{"href":"https:\/\/relatoriosocial.lasalle.edu.br\/index.php\/wp-json\/wp\/v2\/types\/page"}],"author":[{"embeddable":true,"href":"https:\/\/relatoriosocial.lasalle.edu.br\/index.php\/wp-json\/wp\/v2\/users\/1"}],"replies":[{"embeddable":true,"href":"https:\/\/relatoriosocial.lasalle.edu.br\/index.php\/wp-json\/wp\/v2\/comments?post=2871"}],"version-history":[{"count":5,"href":"https:\/\/relatoriosocial.lasalle.edu.br\/index.php\/wp-json\/wp\/v2\/pages\/2871\/revisions"}],"predecessor-version":[{"id":4137,"href":"https:\/\/relatoriosocial.lasalle.edu.br\/index.php\/wp-json\/wp\/v2\/pages\/2871\/revisions\/4137"}],"wp:attachment":[{"href":"https:\/\/relatoriosocial.lasalle.edu.br\/index.php\/wp-json\/wp\/v2\/media?parent=2871"}],"curies":[{"name":"wp","href":"https:\/\/api.w.org\/{rel}","templated":true}]}}