{"id":2874,"date":"2022-06-27T10:35:31","date_gmt":"2022-06-27T13:35:31","guid":{"rendered":"http:\/\/10.224.80.154\/?page_id=2874"},"modified":"2023-05-08T10:57:16","modified_gmt":"2023-05-08T13:57:16","slug":"projetos-nacionais_2021","status":"publish","type":"page","link":"https:\/\/relatoriosocial.lasalle.edu.br\/index.php\/projetos-nacionais_2021\/","title":{"rendered":"Projetos Nacionais 2021"},"content":{"rendered":"\n[et_pb_section fb_built=&#8221;1&#8243; _builder_version=&#8221;4.17.4&#8243; _module_preset=&#8221;default&#8221; background_image=&#8221;https:\/\/relatoriosocial.lasalle.edu.br\/wp-content\/uploads\/2022\/06\/relatorio-social-2021-nacional.png&#8221; background_position=&#8221;top_center&#8221; hover_enabled=&#8221;0&#8243; global_colors_info=&#8221;{}&#8221; title_text=&#8221;relatorio-social-2021-nacional&#8221; sticky_enabled=&#8221;0&#8243;][et_pb_row _builder_version=&#8221;4.16&#8243; _module_preset=&#8221;default&#8221; global_colors_info=&#8221;{}&#8221;][et_pb_column type=&#8221;4_4&#8243; _builder_version=&#8221;4.16&#8243; _module_preset=&#8221;default&#8221; global_colors_info=&#8221;{}&#8221;][et_pb_image src=&#8221;http:\/\/10.224.80.154\/wp-content\/uploads\/2022\/06\/Ativo-nacional.png&#8221; title_text=&#8221;Ativo nacional&#8221; align=&#8221;center&#8221; _builder_version=&#8221;4.16&#8243; _module_preset=&#8221;default&#8221; global_colors_info=&#8221;{}&#8221;][\/et_pb_image][\/et_pb_column][\/et_pb_row][\/et_pb_section][et_pb_section fb_built=&#8221;1&#8243; _builder_version=&#8221;4.17.4&#8243; _module_preset=&#8221;default&#8221; background_enable_color=&#8221;off&#8221; background_image=&#8221;https:\/\/relatoriosocial.lasalle.edu.br\/wp-content\/uploads\/2022\/06\/relatorio-social-2021-assistencia-nacional.png&#8221; background_position=&#8221;top_right&#8221; min_height=&#8221;550.6px&#8221; custom_margin=&#8221;0px|0px|0px|0px|false|false&#8221; custom_padding=&#8221;0px|0px|0px|0px|false|false&#8221; hover_enabled=&#8221;0&#8243; global_colors_info=&#8221;{}&#8221; title_text=&#8221;relatorio-social-2021-assistencia-nacional&#8221; sticky_enabled=&#8221;0&#8243;][et_pb_row column_structure=&#8221;2_5,3_5&#8243; _builder_version=&#8221;4.16&#8243; _module_preset=&#8221;default&#8221; custom_margin=&#8221;|auto|0px|auto||&#8221; custom_padding=&#8221;50px||50px||false|false&#8221; global_colors_info=&#8221;{}&#8221;][et_pb_column type=&#8221;2_5&#8243; _builder_version=&#8221;4.16&#8243; _module_preset=&#8221;default&#8221; global_colors_info=&#8221;{}&#8221;][et_pb_image src=&#8221;https:\/\/relatoriosocial.lasalle.edu.br\/wp-content\/uploads\/2022\/06\/2-PROJETO-PROJETO-INCLUIR-scaled-1.jpg&#8221; title_text=&#8221;2-PROJETO-PROJETO-INCLUIR-scaled-1&#8243; _builder_version=&#8221;4.17.4&#8243; _module_preset=&#8221;default&#8221; hover_enabled=&#8221;0&#8243; global_colors_info=&#8221;{}&#8221; sticky_enabled=&#8221;0&#8243;][\/et_pb_image][\/et_pb_column][et_pb_column type=&#8221;3_5&#8243; _builder_version=&#8221;4.16&#8243; _module_preset=&#8221;default&#8221; global_colors_info=&#8221;{}&#8221;][et_pb_text _builder_version=&#8221;4.16&#8243; _module_preset=&#8221;default&#8221; text_font=&#8221;|800|||||||&#8221; text_font_size=&#8221;26px&#8221; text_line_height=&#8221;1em&#8221; global_colors_info=&#8221;{}&#8221;]<p><span style=\"color: #ffffff;\"><strong><b>PROJETO INCLUIR<\/b><\/strong><\/span><\/p>[\/et_pb_text][et_pb_text _builder_version=&#8221;4.16&#8243; _module_preset=&#8221;default&#8221; text_text_color=&#8221;#FFFFFF&#8221; text_font_size=&#8221;15px&#8221; text_line_height=&#8221;1.5em&#8221; global_colors_info=&#8221;{}&#8221;]<p><span style=\"color: #ffffff;\"><strong>Institui\u00e7\u00e3o respons\u00e1vel:<\/strong> <\/span><span style=\"font-weight: 400;\">Col\u00e9gio La Salle Z\u00e9 Doca, Escola La Salle Ananindeua, Escola La Salle Botucatu, Escola La Salle Esmeralda, Escola La Salle Pelotas, Escola La Salle P\u00e3o Dos Pobres, Escola La Salle Rio de Janeiro, Escola La Salle Sapucaia (Z\u00e9 Doca\/MA, Ananindeua\/PA, Niter\u00f3i\/RJ, Sapucaia do Sul\/RS, Pelotas\/RS, Porto Alegre\/RS, Botucatu\/SP)<br \/><\/span><span style=\"color: #ffffff;\"><strong>P\u00fablico-alvo:<\/strong> <span style=\"font-weight: 400;\">alunos beneficiados com Bolsa de Estudos Integral.<\/span><br \/><strong>N\u00famero de beneficiados:<\/strong> <span style=\"font-weight: 400;\">1.735 alunos.<\/span><br \/><strong>Per\u00edodo de execu\u00e7\u00e3o:<\/strong> <span style=\"font-weight: 400;\">2021.<\/span><\/span><\/p>[\/et_pb_text][et_pb_text _builder_version=&#8221;4.16&#8243; _module_preset=&#8221;default&#8221; text_font_size=&#8221;15px&#8221; text_line_height=&#8221;1.5em&#8221; text_orientation=&#8221;justified&#8221; global_colors_info=&#8221;{}&#8221;]<p><span style=\"color: #ffffff;\"><b>OBJETIVO:<br \/><\/b><span style=\"font-weight: 400;\">Apoiar os alunos beneficiados com Bolsa de Estudos Integral oriundos de fam\u00edlias em situa\u00e7\u00e3o de vulnerabilidade social. Prevenir a evas\u00e3o escolar e fortalecer o trabalho educativo e de conviv\u00eancia entre col\u00e9gio, fam\u00edlia e comunidade.<br \/><\/span><\/span><\/p>[\/et_pb_text][et_pb_text _builder_version=&#8221;4.16&#8243; _module_preset=&#8221;default&#8221; text_font_size=&#8221;15px&#8221; text_line_height=&#8221;1.5em&#8221; text_orientation=&#8221;justified&#8221; global_colors_info=&#8221;{}&#8221;]<p><span style=\"color: #ffffff;\"><b>DESCRI\u00c7\u00c3O:<br \/><\/b><\/span><span style=\"font-weight: 400; color: #ffffff;\">Fornecimento de material did\u00e1tico e uniforme escolar para os alunos bolsistas em situa\u00e7\u00e3o de vulnerabilidade social.<br \/><\/span><\/p>[\/et_pb_text][\/et_pb_column][\/et_pb_row][\/et_pb_section][et_pb_section fb_built=&#8221;1&#8243; _builder_version=&#8221;4.17.4&#8243; _module_preset=&#8221;default&#8221; background_enable_color=&#8221;off&#8221; background_image=&#8221;https:\/\/relatoriosocial.lasalle.edu.br\/wp-content\/uploads\/2022\/06\/relatorio-social-2021-nacional-2.png&#8221; background_position=&#8221;top_left&#8221; custom_margin=&#8221;0px|0px|-13px|0px|false|false&#8221; custom_padding=&#8221;0px|0px|0px|0px|false|false&#8221; hover_enabled=&#8221;0&#8243; global_colors_info=&#8221;{}&#8221; title_text=&#8221;relatorio-social-2021-nacional-2&#8243; sticky_enabled=&#8221;0&#8243;][et_pb_row column_structure=&#8221;3_5,2_5&#8243; _builder_version=&#8221;4.16&#8243; _module_preset=&#8221;default&#8221; custom_margin=&#8221;0px|auto|-7px|auto|false|false&#8221; custom_padding=&#8221;50px||50px||false|false&#8221; global_colors_info=&#8221;{}&#8221;][et_pb_column type=&#8221;3_5&#8243; _builder_version=&#8221;4.16&#8243; _module_preset=&#8221;default&#8221; global_colors_info=&#8221;{}&#8221;][et_pb_text _builder_version=&#8221;4.16&#8243; _module_preset=&#8221;default&#8221; text_font=&#8221;|800|||||||&#8221; text_font_size=&#8221;26px&#8221; text_line_height=&#8221;1.2em&#8221; global_colors_info=&#8221;{}&#8221;]<p><span style=\"color: #ffffff;\"><strong><b>NATAL SOLID\u00c1RIO<\/b><\/strong><\/span><\/p>[\/et_pb_text][et_pb_text _builder_version=&#8221;4.16&#8243; _module_preset=&#8221;default&#8221; text_text_color=&#8221;#FFFFFF&#8221; text_font_size=&#8221;15px&#8221; text_line_height=&#8221;1.5em&#8221; global_colors_info=&#8221;{}&#8221;]<p><span style=\"color: #ffffff;\"><strong>Institui\u00e7\u00e3o respons\u00e1vel:<\/strong> <span style=\"font-weight: 400;\">todas as Comunidades Educativas da Rede La Salle (Brasil)<\/span><span style=\"font-weight: 400;\"><br \/><\/span><strong>P\u00fablico-alvo:<\/strong> <span style=\"font-weight: 400;\">pessoas em situa\u00e7\u00e3o de vulnerabilidade social.<\/span><span style=\"font-weight: 400;\"><br \/><\/span><strong>N\u00famero de beneficiados:<\/strong> <span style=\"font-weight: 400;\">13 mil pessoas.<\/span><br \/><strong>Per\u00edodo de execu\u00e7\u00e3o:<\/strong> <span style=\"font-weight: 400;\">2021.<\/span><\/span><\/p>[\/et_pb_text][et_pb_text _builder_version=&#8221;4.16&#8243; _module_preset=&#8221;default&#8221; text_font_size=&#8221;15px&#8221; text_line_height=&#8221;1.5em&#8221; text_orientation=&#8221;justified&#8221; global_colors_info=&#8221;{}&#8221;]<p><span style=\"color: #ffffff;\"><b>OBJETIVO:<br \/><\/b><span style=\"font-weight: 400;\"><span style=\"font-weight: 400;\">Promover uma corrente de solidariedade por meio de a\u00e7\u00f5es solid\u00e1rias com a participa\u00e7\u00e3o de alunos e colaboradores lassalistas.\u00a0<\/span><\/span><\/span><\/p>[\/et_pb_text][et_pb_text _builder_version=&#8221;4.16&#8243; _module_preset=&#8221;default&#8221; text_font_size=&#8221;15px&#8221; text_line_height=&#8221;1.5em&#8221; text_orientation=&#8221;justified&#8221; global_colors_info=&#8221;{}&#8221;]<p><span style=\"color: #ffffff;\"><b>DESCRI\u00c7\u00c3O:<br \/><\/b><span style=\"font-weight: 400;\"><span style=\"font-weight: 400;\">No per\u00edodo natalino, as institui\u00e7\u00f5es mobilizam a comunidade escolar para a arrecada\u00e7\u00e3o de brinquedos destinados \u00e0 doa\u00e7\u00e3o \u00e0s crian\u00e7as em situa\u00e7\u00e3o de vulnerabilidade social, inspirados na espiritualidade e m\u00edstica crist\u00e3 e lassalista.<br \/><\/span><\/span><\/span><\/p>[\/et_pb_text][\/et_pb_column][et_pb_column type=&#8221;2_5&#8243; _builder_version=&#8221;4.16&#8243; _module_preset=&#8221;default&#8221; global_colors_info=&#8221;{}&#8221;][et_pb_image src=&#8221;https:\/\/relatoriosocial.lasalle.edu.br\/wp-content\/uploads\/2022\/06\/3-PROJETO-NATAL-SOLIDARIO.jpg&#8221; title_text=&#8221;3-PROJETO-NATAL-SOLIDARIO&#8221; _builder_version=&#8221;4.17.4&#8243; _module_preset=&#8221;default&#8221; hover_enabled=&#8221;0&#8243; global_colors_info=&#8221;{}&#8221; sticky_enabled=&#8221;0&#8243;][\/et_pb_image][\/et_pb_column][\/et_pb_row][\/et_pb_section][et_pb_section fb_built=&#8221;1&#8243; _builder_version=&#8221;4.17.4&#8243; _module_preset=&#8221;default&#8221; background_enable_color=&#8221;off&#8221; background_image=&#8221;https:\/\/relatoriosocial.lasalle.edu.br\/wp-content\/uploads\/2022\/06\/relatorio-social-2021-assistencia-nacional.png&#8221; background_position=&#8221;top_right&#8221; min_height=&#8221;550.6px&#8221; custom_margin=&#8221;0px|0px|0px|0px|false|false&#8221; custom_padding=&#8221;0px|0px|0px|0px|false|false&#8221; hover_enabled=&#8221;0&#8243; global_colors_info=&#8221;{}&#8221; title_text=&#8221;relatorio-social-2021-assistencia-nacional&#8221; sticky_enabled=&#8221;0&#8243;][et_pb_row column_structure=&#8221;2_5,3_5&#8243; _builder_version=&#8221;4.16&#8243; _module_preset=&#8221;default&#8221; custom_margin=&#8221;|auto|0px|auto||&#8221; custom_padding=&#8221;50px||50px||false|false&#8221; global_colors_info=&#8221;{}&#8221;][et_pb_column type=&#8221;2_5&#8243; _builder_version=&#8221;4.16&#8243; _module_preset=&#8221;default&#8221; global_colors_info=&#8221;{}&#8221;][et_pb_image src=&#8221;https:\/\/relatoriosocial.lasalle.edu.br\/wp-content\/uploads\/2022\/06\/33-PROJETO-ENCONTRO-NACIONAL-DE-JOVENS-LASSALISTAS.jpg&#8221; title_text=&#8221;33-PROJETO-ENCONTRO-NACIONAL-DE-JOVENS-LASSALISTAS&#8221; _builder_version=&#8221;4.17.4&#8243; _module_preset=&#8221;default&#8221; hover_enabled=&#8221;0&#8243; global_colors_info=&#8221;{}&#8221; sticky_enabled=&#8221;0&#8243;][\/et_pb_image][\/et_pb_column][et_pb_column type=&#8221;3_5&#8243; _builder_version=&#8221;4.16&#8243; _module_preset=&#8221;default&#8221; global_colors_info=&#8221;{}&#8221;][et_pb_text _builder_version=&#8221;4.16&#8243; _module_preset=&#8221;default&#8221; text_font=&#8221;|800|||||||&#8221; text_font_size=&#8221;26px&#8221; text_line_height=&#8221;1em&#8221; global_colors_info=&#8221;{}&#8221;]<p><span style=\"color: #ffffff;\"><strong><b>ENCONTRO NACIONAL DE JOVENS LASSALISTAS<\/b><\/strong><\/span><\/p>[\/et_pb_text][et_pb_text _builder_version=&#8221;4.16&#8243; _module_preset=&#8221;default&#8221; text_text_color=&#8221;#FFFFFF&#8221; text_font_size=&#8221;15px&#8221; text_line_height=&#8221;1.5em&#8221; global_colors_info=&#8221;{}&#8221;]<p><span style=\"color: #ffffff;\"><strong>Institui\u00e7\u00e3o respons\u00e1vel:<\/strong> <span style=\"font-weight: 400;\">Pastorais das Comunidades Educativas Lassalistas (Brasil)<\/span><\/span><span style=\"font-weight: 400;\"><br \/><\/span><span style=\"color: #ffffff;\"><strong>P\u00fablico-alvo:<\/strong> <span style=\"font-weight: 400;\">jovens participantes dos Grupos de Jovens das Comunidades Educativas Lassalistas do Brasil e projetos sociais atendidos por estes grupos.<\/span><br \/><strong>N\u00famero de beneficiados:<\/strong> <span style=\"font-weight: 400;\">aproximadamente 3 mil pessoas.<\/span><br \/><strong>Per\u00edodo de execu\u00e7\u00e3o:<\/strong> <span style=\"font-weight: 400;\">novembro de 2021.<\/span><\/span><\/p>[\/et_pb_text][et_pb_text _builder_version=&#8221;4.16&#8243; _module_preset=&#8221;default&#8221; text_font_size=&#8221;15px&#8221; text_line_height=&#8221;1.5em&#8221; text_orientation=&#8221;justified&#8221; global_colors_info=&#8221;{}&#8221;]<p><span style=\"color: #ffffff;\"><b>OBJETIVO:<br \/><\/b><span style=\"font-weight: 400;\">Envolver os jovens lassalistas e colaboradores em gestos concretos de solidariedade como forma de articular, com as comunidades locais, a\u00e7\u00f5es que visem colaborar com projetos parceiros voltados \u00e0 transforma\u00e7\u00e3o social.<br \/><\/span><\/span><\/p>[\/et_pb_text][et_pb_text _builder_version=&#8221;4.16&#8243; _module_preset=&#8221;default&#8221; text_font_size=&#8221;15px&#8221; text_line_height=&#8221;1.5em&#8221; text_orientation=&#8221;justified&#8221; global_colors_info=&#8221;{}&#8221;]<p><span style=\"color: #ffffff;\"><b>DESCRI\u00c7\u00c3O:<br \/><\/b><\/span><span style=\"font-weight: 400; color: #ffffff;\">Levando em considera\u00e7\u00e3o os dois anos de pandemia, se fez necess\u00e1rio criar uma forma diferente para celebrar a vida dos grupos de jovens da Rede La Salle. Atrav\u00e9s de um encontro s\u00edncrono, durante um final de semana, possibilitou-se que os jovens estivessem em sua Comunidade Educativa e, ao mesmo tempo, conectados com os jovens das outras Comunidades. Dentro deste encontro, foi poss\u00edvel refletir sobre a vida dos jovens durante a pandemia e proporcionar a eles uma viv\u00eancia atrav\u00e9s de uma a\u00e7\u00e3o social solid\u00e1ria. Mais de 30 escolas realizaram a\u00e7\u00f5es nas redondezas da sua comunidade, atendendo grupos de necessitados, iniciativas sociais e pessoas necessitadas.<br \/><\/span><\/p>[\/et_pb_text][\/et_pb_column][\/et_pb_row][\/et_pb_section][et_pb_section fb_built=&#8221;1&#8243; _builder_version=&#8221;4.17.4&#8243; _module_preset=&#8221;default&#8221; background_enable_color=&#8221;off&#8221; background_image=&#8221;https:\/\/relatoriosocial.lasalle.edu.br\/wp-content\/uploads\/2022\/06\/relatorio-social-2021-nacional-2.png&#8221; background_position=&#8221;top_left&#8221; custom_margin=&#8221;0px|0px|-13px|0px|false|false&#8221; custom_padding=&#8221;0px|0px|0px|0px|false|false&#8221; hover_enabled=&#8221;0&#8243; global_colors_info=&#8221;{}&#8221; title_text=&#8221;relatorio-social-2021-nacional-2&#8243; sticky_enabled=&#8221;0&#8243;][et_pb_row column_structure=&#8221;3_5,2_5&#8243; _builder_version=&#8221;4.16&#8243; _module_preset=&#8221;default&#8221; custom_margin=&#8221;0px|auto|-7px|auto|false|false&#8221; custom_padding=&#8221;50px||50px||false|false&#8221; global_colors_info=&#8221;{}&#8221;][et_pb_column type=&#8221;3_5&#8243; _builder_version=&#8221;4.16&#8243; _module_preset=&#8221;default&#8221; global_colors_info=&#8221;{}&#8221;][et_pb_text _builder_version=&#8221;4.16&#8243; _module_preset=&#8221;default&#8221; text_font=&#8221;|800|||||||&#8221; text_font_size=&#8221;26px&#8221; text_line_height=&#8221;1.2em&#8221; global_colors_info=&#8221;{}&#8221;]<p><span style=\"color: #ffffff;\"><strong><b>A\u00c7\u00c3O PARA PROFISSIONAIS DA SA\u00daDE<\/b><\/strong><\/span><\/p>[\/et_pb_text][et_pb_text _builder_version=&#8221;4.16&#8243; _module_preset=&#8221;default&#8221; text_text_color=&#8221;#FFFFFF&#8221; text_font_size=&#8221;15px&#8221; text_line_height=&#8221;1.5em&#8221; global_colors_info=&#8221;{}&#8221;]<p><span style=\"color: #ffffff;\"><strong>Institui\u00e7\u00e3o respons\u00e1vel:<\/strong> <span style=\"font-weight: 400;\">Col\u00e9gios La Salle \u00c1guas Claras, La Salle ATEC e La Salle S\u00e3o Paulo (\u00c1guas Claras\/DF, Tangar\u00e1 da Serra\/MT, S\u00e3o Paulo\/SP)<\/span><span style=\"font-weight: 400;\"><br \/><\/span><strong>P\u00fablico-alvo:<\/strong> <span style=\"font-weight: 400;\">profissionais de sa\u00fade dos Hospitais Santa Marcelina, Hospital Municipal de Mato Grosso, Hospital Santa \u00c2ngela e Hospital de Base de Bras\u00edlia.<\/span><span style=\"font-weight: 400;\"><br \/><\/span><strong>N\u00famero de beneficiados:<\/strong> <span style=\"font-weight: 400;\">1.200 profissionais.<\/span><br \/><strong>Per\u00edodo de execu\u00e7\u00e3o:<\/strong> <span style=\"font-weight: 400;\">2021.<\/span><\/span><\/p>[\/et_pb_text][et_pb_text _builder_version=&#8221;4.16&#8243; _module_preset=&#8221;default&#8221; text_font_size=&#8221;15px&#8221; text_line_height=&#8221;1.5em&#8221; text_orientation=&#8221;justified&#8221; global_colors_info=&#8221;{}&#8221;]<p><span style=\"color: #ffffff;\"><b>OBJETIVO:<br \/><\/b><span style=\"font-weight: 400;\"><span style=\"font-weight: 400;\">Promover a\u00e7\u00f5es para motivar e destacar a import\u00e2ncia da atua\u00e7\u00e3o dos profissionais de sa\u00fade durante a pandemia.\u00a0<\/span><\/span><\/span><\/p>[\/et_pb_text][et_pb_text _builder_version=&#8221;4.16&#8243; _module_preset=&#8221;default&#8221; text_font_size=&#8221;15px&#8221; text_line_height=&#8221;1.5em&#8221; text_orientation=&#8221;justified&#8221; global_colors_info=&#8221;{}&#8221;]<p><span style=\"color: #ffffff;\"><b>DESCRI\u00c7\u00c3O:<br \/><\/b><span style=\"font-weight: 400;\"><span style=\"font-weight: 400;\">Estudantes das institui\u00e7\u00f5es respons\u00e1veis produziram cartas motivacionais destinadas aos profissionais de sa\u00fade dos hospitais atendidos com o intuito de levar carinho e palavras de gratid\u00e3o pelo trabalho incessante nesta pandemia.<br \/><\/span><\/span><\/span><\/p>[\/et_pb_text][\/et_pb_column][et_pb_column type=&#8221;2_5&#8243; _builder_version=&#8221;4.16&#8243; _module_preset=&#8221;default&#8221; global_colors_info=&#8221;{}&#8221;][et_pb_image src=&#8221;https:\/\/relatoriosocial.lasalle.edu.br\/wp-content\/uploads\/2022\/06\/40-PROJETO-ACAO-PARA-PROFISSIONAIS-DA-SAUDE.jpg&#8221; title_text=&#8221;40-PROJETO-ACAO-PARA-PROFISSIONAIS-DA-SAUDE&#8221; _builder_version=&#8221;4.17.4&#8243; _module_preset=&#8221;default&#8221; hover_enabled=&#8221;0&#8243; global_colors_info=&#8221;{}&#8221; sticky_enabled=&#8221;0&#8243;][\/et_pb_image][\/et_pb_column][\/et_pb_row][\/et_pb_section][et_pb_section fb_built=&#8221;1&#8243; _builder_version=&#8221;4.17.4&#8243; _module_preset=&#8221;default&#8221; background_enable_color=&#8221;off&#8221; background_image=&#8221;https:\/\/relatoriosocial.lasalle.edu.br\/wp-content\/uploads\/2022\/06\/relatorio-social-2021-assistencia-nacional.png&#8221; background_position=&#8221;top_right&#8221; min_height=&#8221;550.6px&#8221; custom_margin=&#8221;0px|0px|0px|0px|false|false&#8221; custom_padding=&#8221;0px|0px|0px|0px|false|false&#8221; hover_enabled=&#8221;0&#8243; global_colors_info=&#8221;{}&#8221; title_text=&#8221;relatorio-social-2021-assistencia-nacional&#8221; sticky_enabled=&#8221;0&#8243;][et_pb_row column_structure=&#8221;2_5,3_5&#8243; _builder_version=&#8221;4.16&#8243; _module_preset=&#8221;default&#8221; custom_margin=&#8221;|auto|0px|auto||&#8221; custom_padding=&#8221;50px||50px||false|false&#8221; global_colors_info=&#8221;{}&#8221;][et_pb_column type=&#8221;2_5&#8243; _builder_version=&#8221;4.16&#8243; _module_preset=&#8221;default&#8221; global_colors_info=&#8221;{}&#8221;][et_pb_image src=&#8221;https:\/\/relatoriosocial.lasalle.edu.br\/wp-content\/uploads\/2022\/06\/46-PROJETO-INTEGRACAO-ESCOLA-FAMILIA.png&#8221; title_text=&#8221;46-PROJETO-INTEGRACAO-ESCOLA-FAMILIA&#8221; _builder_version=&#8221;4.17.4&#8243; _module_preset=&#8221;default&#8221; hover_enabled=&#8221;0&#8243; global_colors_info=&#8221;{}&#8221; sticky_enabled=&#8221;0&#8243;][\/et_pb_image][\/et_pb_column][et_pb_column type=&#8221;3_5&#8243; _builder_version=&#8221;4.16&#8243; _module_preset=&#8221;default&#8221; global_colors_info=&#8221;{}&#8221;][et_pb_text _builder_version=&#8221;4.16&#8243; _module_preset=&#8221;default&#8221; text_font=&#8221;|800|||||||&#8221; text_font_size=&#8221;26px&#8221; text_line_height=&#8221;1em&#8221; global_colors_info=&#8221;{}&#8221;]<p><span style=\"color: #ffffff;\"><strong><b>INTEGRA\u00c7\u00c3O ESCOLA-FAM\u00cdLIA<\/b><\/strong><\/span><\/p>[\/et_pb_text][et_pb_text _builder_version=&#8221;4.16&#8243; _module_preset=&#8221;default&#8221; text_text_color=&#8221;#FFFFFF&#8221; text_font_size=&#8221;15px&#8221; text_line_height=&#8221;1.5em&#8221; global_colors_info=&#8221;{}&#8221;]<p><span style=\"color: #ffffff;\"><strong>Institui\u00e7\u00e3o respons\u00e1vel:<\/strong> <span style=\"font-weight: 400;\">Col\u00e9gio La Salle Toledo, Col\u00e9gio Diocesano La Salle S\u00e3o Carlos, Col\u00e9gio La Salle Z\u00e9 Doca, Escola La Salle Botucatu (Z\u00e9 Doca\/MA, Toledo\/PR, Botucatu\/SP, S\u00e3o Carlos\/SP)<\/span><\/span><span style=\"font-weight: 400;\"><br \/><\/span><span style=\"color: #ffffff;\"><strong>P\u00fablico-alvo:<\/strong> <span style=\"font-weight: 400;\">alunos bolsistas e suas fam\u00edlias.<\/span><br \/><strong>N\u00famero de beneficiados:<\/strong> <span style=\"font-weight: 400;\">aproximadamente 1.243 fam\u00edlias em 2020.<\/span><br \/><strong>Per\u00edodo de execu\u00e7\u00e3o:<\/strong> <span style=\"font-weight: 400;\">desde 2010.<\/span><\/span><\/p>[\/et_pb_text][et_pb_text _builder_version=&#8221;4.16&#8243; _module_preset=&#8221;default&#8221; text_font_size=&#8221;15px&#8221; text_line_height=&#8221;1.5em&#8221; text_orientation=&#8221;justified&#8221; global_colors_info=&#8221;{}&#8221;]<p><span style=\"color: #ffffff;\"><b>OBJETIVO:<br \/><\/b><span style=\"font-weight: 400;\">Apoio \u00e0s fam\u00edlias dos alunos em situa\u00e7\u00e3o de vulnerabilidade social.<br \/><\/span><\/span><\/p>[\/et_pb_text][et_pb_text _builder_version=&#8221;4.16&#8243; _module_preset=&#8221;default&#8221; text_font_size=&#8221;15px&#8221; text_line_height=&#8221;1.5em&#8221; text_orientation=&#8221;justified&#8221; global_colors_info=&#8221;{}&#8221;]<p><span style=\"color: #ffffff;\"><b>DESCRI\u00c7\u00c3O:<br \/><\/b><\/span><span style=\"font-weight: 400; color: #ffffff;\">O Servi\u00e7o de Assist\u00eancia Social das unidades educativas atua para prevenir ocorr\u00eancias e situa\u00e7\u00f5es de exclus\u00e3o social, viol\u00eancia dom\u00e9stica, evas\u00e3o escolar, entre outras. Em 2021, os atendimentos foram direcionados para orienta\u00e7\u00f5es individuais e em grupos por meio de palestras, que aconteceram de forma virtual, em decorr\u00eancia da pandemia, por meio das plataformas como Google Meet e Zoom. Os atendimentos proporcionaram o fortalecimento do v\u00ednculo com as fam\u00edlias dentro das unidades educativas contribuindo para aquisi\u00e7\u00e3o de valores voltados \u00e0 \u00e9tica e \u00e0 cidadania.\u00a0<br \/><\/span><\/p>[\/et_pb_text][\/et_pb_column][\/et_pb_row][\/et_pb_section]\n","protected":false},"excerpt":{"rendered":"<p>PROJETO INCLUIRInstitui\u00e7\u00e3o respons\u00e1vel: Col\u00e9gio La Salle Z\u00e9 Doca, Escola La Salle Ananindeua, Escola La Salle Botucatu, Escola La Salle Esmeralda, Escola La Salle Pelotas, Escola La Salle P\u00e3o Dos Pobres, Escola La Salle Rio de Janeiro, Escola La Salle Sapucaia (Z\u00e9 Doca\/MA, Ananindeua\/PA, Niter\u00f3i\/RJ, Sapucaia do Sul\/RS, Pelotas\/RS, Porto Alegre\/RS, Botucatu\/SP)P\u00fablico-alvo: alunos beneficiados com Bolsa [&hellip;]<\/p>\n","protected":false},"author":1,"featured_media":0,"parent":0,"menu_order":0,"comment_status":"closed","ping_status":"closed","template":"","meta":{"_et_pb_use_builder":"on","_et_pb_old_content":"","_et_gb_content_width":"","footnotes":""},"class_list":["post-2874","page","type-page","status-publish","hentry"],"_links":{"self":[{"href":"https:\/\/relatoriosocial.lasalle.edu.br\/index.php\/wp-json\/wp\/v2\/pages\/2874","targetHints":{"allow":["GET"]}}],"collection":[{"href":"https:\/\/relatoriosocial.lasalle.edu.br\/index.php\/wp-json\/wp\/v2\/pages"}],"about":[{"href":"https:\/\/relatoriosocial.lasalle.edu.br\/index.php\/wp-json\/wp\/v2\/types\/page"}],"author":[{"embeddable":true,"href":"https:\/\/relatoriosocial.lasalle.edu.br\/index.php\/wp-json\/wp\/v2\/users\/1"}],"replies":[{"embeddable":true,"href":"https:\/\/relatoriosocial.lasalle.edu.br\/index.php\/wp-json\/wp\/v2\/comments?post=2874"}],"version-history":[{"count":7,"href":"https:\/\/relatoriosocial.lasalle.edu.br\/index.php\/wp-json\/wp\/v2\/pages\/2874\/revisions"}],"predecessor-version":[{"id":4138,"href":"https:\/\/relatoriosocial.lasalle.edu.br\/index.php\/wp-json\/wp\/v2\/pages\/2874\/revisions\/4138"}],"wp:attachment":[{"href":"https:\/\/relatoriosocial.lasalle.edu.br\/index.php\/wp-json\/wp\/v2\/media?parent=2874"}],"curies":[{"name":"wp","href":"https:\/\/api.w.org\/{rel}","templated":true}]}}