{"id":2892,"date":"2022-06-27T10:41:00","date_gmt":"2022-06-27T13:41:00","guid":{"rendered":"http:\/\/10.224.80.154\/?page_id=2892"},"modified":"2023-05-08T10:39:33","modified_gmt":"2023-05-08T13:39:33","slug":"escolas-conveniadas_2021","status":"publish","type":"page","link":"https:\/\/relatoriosocial.lasalle.edu.br\/index.php\/escolas-conveniadas_2021\/","title":{"rendered":"Escolas Conveniadas 2021"},"content":{"rendered":"\n[et_pb_section fb_built=&#8221;1&#8243; _builder_version=&#8221;4.17.4&#8243; _module_preset=&#8221;default&#8221; background_color=&#8221;rgba(0,0,0,0.2)&#8221; background_image=&#8221;https:\/\/relatoriosocial.lasalle.edu.br\/wp-content\/uploads\/2022\/06\/home_8_conveniadas.png&#8221; background_blend=&#8221;darken&#8221; min_height=&#8221;486px&#8221; custom_padding=&#8221;100px||100px||true|false&#8221; global_colors_info=&#8221;{}&#8221;][et_pb_row _builder_version=&#8221;4.17.6&#8243; _module_preset=&#8221;default&#8221; global_colors_info=&#8221;{}&#8221;][et_pb_column type=&#8221;4_4&#8243; _builder_version=&#8221;4.16&#8243; _module_preset=&#8221;default&#8221; global_colors_info=&#8221;{}&#8221;][et_pb_image src=&#8221;https:\/\/relatoriosocial.lasalle.edu.br\/wp-content\/uploads\/2022\/07\/Ativo-16-1.png&#8221; title_text=&#8221;Ativo-16-1&#8243; align=&#8221;center&#8221; _builder_version=&#8221;4.17.6&#8243; _module_preset=&#8221;default&#8221; module_alignment=&#8221;center&#8221; hover_enabled=&#8221;0&#8243; global_colors_info=&#8221;{}&#8221; sticky_enabled=&#8221;0&#8243;][\/et_pb_image][\/et_pb_column][\/et_pb_row][\/et_pb_section][et_pb_section fb_built=&#8221;1&#8243; admin_label=&#8221;Services&#8221; _builder_version=&#8221;4.17.4&#8243; background_image=&#8221;https:\/\/relatoriosocial.lasalle.edu.br\/wp-content\/uploads\/2022\/06\/001.png&#8221; background_position=&#8221;top_center&#8221; min_height=&#8221;1027.7px&#8221; custom_padding=&#8221;0px|||||&#8221; bottom_divider_height=&#8221;30vw&#8221; global_colors_info=&#8221;{}&#8221;][et_pb_row _builder_version=&#8221;4.16&#8243; global_colors_info=&#8221;{}&#8221;][et_pb_column type=&#8221;4_4&#8243; _builder_version=&#8221;4.16&#8243; global_colors_info=&#8221;{}&#8221;][et_pb_text _builder_version=&#8221;4.16&#8243; text_font=&#8221;||||||||&#8221; text_font_size=&#8221;17px&#8221; text_line_height=&#8221;1.8em&#8221; header_2_font=&#8221;Heebo|500|||||||&#8221; header_2_font_size=&#8221;60px&#8221; header_2_line_height=&#8221;1.1em&#8221; text_orientation=&#8221;center&#8221; background_layout=&#8221;dark&#8221; module_alignment=&#8221;center&#8221; hover_enabled=&#8221;0&#8243; text_font_size_tablet=&#8221;17px&#8221; text_font_size_phone=&#8221;14px&#8221; text_font_size_last_edited=&#8221;on|phone&#8221; header_2_font_size_tablet=&#8221;40px&#8221; header_2_font_size_phone=&#8221;24px&#8221; header_2_font_size_last_edited=&#8221;on|phone&#8221; text_text_align=&#8221;center&#8221; locked=&#8221;off&#8221; global_colors_info=&#8221;{}&#8221; sticky_enabled=&#8221;0&#8243;]<h2 style=\"text-align: center;\"><strong><span style=\"font-size: xx-large; font-family: inherit;\">Conhe\u00e7a as escola conveniadas \u00e0 Rede La Salle<\/span><\/strong><\/h2>\n<p style=\"text-align: justify;\">A<span style=\"font-weight: 400;\">s Escolas Conveniadas s\u00e3o frutos da parceria entre a Rede La Salle e os Governos Estaduais onde se localizam. Essas institui\u00e7\u00f5es adotam a Proposta Educativa Lassalista e ocupam um espa\u00e7o f\u00edsico cedido pela Rede La Salle, que tamb\u00e9m presta apoio pedag\u00f3gico e formativo aos educadores. Em contrapartida, o governo estadual, atrav\u00e9s da Secretaria de Educa\u00e7\u00e3o local, \u00e9 respons\u00e1vel pela composi\u00e7\u00e3o do corpo docente e pela manuten\u00e7\u00e3o da estrutura f\u00edsica.<\/span><\/p>\n<p style=\"text-align: justify;\"><span style=\"font-weight: 400;\">Atualmente, s\u00e3o quatro Escolas Conveniadas com a Rede La Salle, que contribuem com iniciativas socioeducativas nas cidades de Pato Branco\/PR, Curitiba\/PR, Rondon\u00f3polis\/MT e Ananindeua\/PA. Essa uni\u00e3o, celebrada entre a Rede e os Estados, garante que a filosofia lassalista seja mantida nessas localidades.<\/span><\/p>\n<p style=\"text-align: justify;\"><span style=\"font-weight: 400;\">Para que isso aconte\u00e7a, s\u00e3o refor\u00e7adas algumas premissas da atua\u00e7\u00e3o lassalista:<\/span><\/p>[\/et_pb_text][\/et_pb_column][\/et_pb_row][et_pb_row column_structure=&#8221;1_4,1_4,1_4,1_4&#8243; _builder_version=&#8221;4.16&#8243; _module_preset=&#8221;default&#8221; background_color=&#8221;#d1799f&#8221; box_shadow_style=&#8221;preset4&#8243; global_colors_info=&#8221;{}&#8221;][et_pb_column type=&#8221;1_4&#8243; _builder_version=&#8221;4.16&#8243; _module_preset=&#8221;default&#8221; global_colors_info=&#8221;{}&#8221;][et_pb_divider color=&#8221;#FFFFFF&#8221; divider_weight=&#8221;3px&#8221; _builder_version=&#8221;4.16&#8243; _module_preset=&#8221;default&#8221; custom_margin=&#8221;0px|40px|0px|40px|true|true&#8221; global_colors_info=&#8221;{}&#8221;][\/et_pb_divider][et_pb_text ul_item_indent=&#8221;100px&#8221; _builder_version=&#8221;4.16&#8243; _module_preset=&#8221;default&#8221; text_font=&#8221;||||||||&#8221; text_font_size=&#8221;18px&#8221; text_line_height=&#8221;1.8em&#8221; ul_line_height=&#8221;1.8em&#8221; text_orientation=&#8221;justified&#8221; background_layout=&#8221;dark&#8221; custom_padding=&#8221;15px|40px|15px|40px|true|true&#8221; global_colors_info=&#8221;{}&#8221;]<p style=\"text-align: left;\"><strong><span style=\"color: #ffffff;\">A Forma\u00e7\u00e3o Lassalista para os dirigentes e colaboradores.<\/span><\/strong><\/p>[\/et_pb_text][\/et_pb_column][et_pb_column type=&#8221;1_4&#8243; _builder_version=&#8221;4.16&#8243; _module_preset=&#8221;default&#8221; global_colors_info=&#8221;{}&#8221;][et_pb_divider color=&#8221;#FFFFFF&#8221; divider_weight=&#8221;3px&#8221; _builder_version=&#8221;4.17.6&#8243; _module_preset=&#8221;default&#8221; custom_margin=&#8221;0px|40px|0px|40px|true|false&#8221; global_colors_info=&#8221;{}&#8221;][\/et_pb_divider][et_pb_text ul_item_indent=&#8221;100px&#8221; _builder_version=&#8221;4.17.6&#8243; _module_preset=&#8221;default&#8221; text_font=&#8221;||||||||&#8221; text_font_size=&#8221;18px&#8221; text_line_height=&#8221;1.8em&#8221; ul_line_height=&#8221;1.8em&#8221; text_orientation=&#8221;justified&#8221; background_layout=&#8221;dark&#8221; custom_padding=&#8221;15px|40px|15px|40px|true|false&#8221; global_colors_info=&#8221;{}&#8221;]<p style=\"text-align: left;\"><strong><span style=\"color: #ffffff;\">As pr\u00e1ticas pastorais da Rede La Salle, sobretudo \u00e0quelas ligadas \u00e0 Pastoral da Juventude;<\/span><\/strong><\/p>[\/et_pb_text][\/et_pb_column][et_pb_column type=&#8221;1_4&#8243; _builder_version=&#8221;4.16&#8243; _module_preset=&#8221;default&#8221; global_colors_info=&#8221;{}&#8221;][et_pb_divider color=&#8221;#FFFFFF&#8221; divider_weight=&#8221;3px&#8221; _builder_version=&#8221;4.17.6&#8243; _module_preset=&#8221;default&#8221; custom_margin=&#8221;0px|40px|0px|40px|true|false&#8221; global_colors_info=&#8221;{}&#8221;][\/et_pb_divider][et_pb_text ul_item_indent=&#8221;100px&#8221; _builder_version=&#8221;4.17.6&#8243; _module_preset=&#8221;default&#8221; text_font=&#8221;||||||||&#8221; text_font_size=&#8221;18px&#8221; text_line_height=&#8221;1.8em&#8221; ul_line_height=&#8221;1.8em&#8221; text_orientation=&#8221;justified&#8221; background_layout=&#8221;dark&#8221; custom_padding=&#8221;15px|40px|15px|40px|true|false&#8221; global_colors_info=&#8221;{}&#8221;]<p style=\"text-align: left;\"><strong><span style=\"color: #ffffff;\">O trabalho sistem\u00e1tico de Pastoral Vocacional.<\/span><\/strong><\/p>[\/et_pb_text][\/et_pb_column][et_pb_column type=&#8221;1_4&#8243; _builder_version=&#8221;4.16&#8243; _module_preset=&#8221;default&#8221; global_colors_info=&#8221;{}&#8221;][et_pb_divider color=&#8221;#FFFFFF&#8221; divider_weight=&#8221;3px&#8221; _builder_version=&#8221;4.17.6&#8243; _module_preset=&#8221;default&#8221; custom_margin=&#8221;0px|40px|0px|40px|true|false&#8221; global_colors_info=&#8221;{}&#8221;][\/et_pb_divider][et_pb_text ul_item_indent=&#8221;100px&#8221; _builder_version=&#8221;4.17.6&#8243; _module_preset=&#8221;default&#8221; text_font=&#8221;||||||||&#8221; text_font_size=&#8221;18px&#8221; text_line_height=&#8221;1.8em&#8221; ul_line_height=&#8221;1.8em&#8221; text_orientation=&#8221;justified&#8221; background_layout=&#8221;dark&#8221; custom_padding=&#8221;15px|40px|15px|40px|true|false&#8221; global_colors_info=&#8221;{}&#8221;]<p style=\"text-align: left;\"><strong><span style=\"color: #ffffff;\">A presen\u00e7a de Irm\u00e3os e Lassalistas na anima\u00e7\u00e3o da Pastoral Vocacional.<\/span><\/strong><\/p>[\/et_pb_text][\/et_pb_column][\/et_pb_row][et_pb_row _builder_version=&#8221;4.16&#8243; custom_margin=&#8221;||-50px||false|false&#8221; global_colors_info=&#8221;{}&#8221;][et_pb_column type=&#8221;4_4&#8243; _builder_version=&#8221;4.16&#8243; custom_padding=&#8221;20px||||false|false&#8221; global_colors_info=&#8221;{}&#8221;][et_pb_text _builder_version=&#8221;4.16&#8243; text_font=&#8221;||||||||&#8221; text_font_size=&#8221;17px&#8221; text_line_height=&#8221;1.8em&#8221; header_2_font=&#8221;Heebo|500|||||||&#8221; header_2_font_size=&#8221;60px&#8221; header_2_line_height=&#8221;1.1em&#8221; text_orientation=&#8221;center&#8221; background_layout=&#8221;dark&#8221; module_alignment=&#8221;center&#8221; custom_margin=&#8221;0px||0px||false|false&#8221; custom_padding=&#8221;0px||0px||false|false&#8221; text_font_size_tablet=&#8221;17px&#8221; text_font_size_phone=&#8221;14px&#8221; text_font_size_last_edited=&#8221;on|phone&#8221; header_2_font_size_tablet=&#8221;40px&#8221; header_2_font_size_phone=&#8221;24px&#8221; header_2_font_size_last_edited=&#8221;on|phone&#8221; text_text_align=&#8221;center&#8221; locked=&#8221;off&#8221; global_colors_info=&#8221;{}&#8221;]<h2 style=\"text-align: left;\"><span style=\"font-size: xx-large;\">Conhe\u00e7a as unidades conveniadas<\/span><\/h2>[\/et_pb_text][\/et_pb_column][\/et_pb_row][et_pb_row column_structure=&#8221;1_4,1_4,1_4,1_4&#8243; _builder_version=&#8221;4.16&#8243; global_colors_info=&#8221;{}&#8221;][et_pb_column type=&#8221;1_4&#8243; _builder_version=&#8221;4.16&#8243; global_colors_info=&#8221;{}&#8221;][et_pb_image src=&#8221;https:\/\/relatoriosocial.lasalle.edu.br\/wp-content\/uploads\/2022\/07\/Escola-Celina-1.jpg&#8221; title_text=&#8221;Escola-Celina&#8221; align=&#8221;center&#8221; _builder_version=&#8221;4.17.6&#8243; _module_preset=&#8221;default&#8221; global_colors_info=&#8221;{}&#8221;][\/et_pb_image][et_pb_text _builder_version=&#8221;4.16&#8243; _module_preset=&#8221;default&#8221; global_colors_info=&#8221;{}&#8221;]<h2 style=\"text-align: center;\"><strong><span style=\"color: #ffffff;\">Escola Estadual Celina Del Tetto<\/span><\/strong><\/h2>\n<p style=\"text-align: center;\"><span style=\"font-weight: 400; color: #ffffff;\">Ananindeua\/PA<\/span><\/p>\n<p style=\"text-align: center;\"><span style=\"font-weight: 400; color: #ffffff;\"><b>ALUNOS MATRICULADOS CONCLUINTES EM 2021<\/b><\/span><\/p>\n<h1 style=\"text-align: center;\"><span style=\"font-weight: 400; color: #ffffff;\"><b>898<\/b><\/span><\/h1>[\/et_pb_text][\/et_pb_column][et_pb_column type=&#8221;1_4&#8243; _builder_version=&#8221;4.16&#8243; global_colors_info=&#8221;{}&#8221;][et_pb_image src=&#8221;https:\/\/relatoriosocial.lasalle.edu.br\/wp-content\/uploads\/2022\/07\/curitiba.jpg&#8221; title_text=&#8221;curitiba&#8221; align=&#8221;center&#8221; _builder_version=&#8221;4.17.6&#8243; _module_preset=&#8221;default&#8221; global_colors_info=&#8221;{}&#8221;][\/et_pb_image][et_pb_text _builder_version=&#8221;4.16&#8243; _module_preset=&#8221;default&#8221; global_colors_info=&#8221;{}&#8221;]<h2 style=\"text-align: center;\"><strong><span style=\"color: #ffffff;\">Col\u00e9gio Estadual<br \/>La Salle<\/span><\/strong><\/h2>\n<p style=\"text-align: center;\"><span style=\"font-weight: 400; color: #ffffff;\">Curitiba\/PR<\/span><\/p>\n<p style=\"text-align: center;\"><span style=\"font-weight: 400; color: #ffffff;\"><b>ALUNOS MATRICULADOS CONCLUINTES EM 2021<\/b><\/span><\/p>\n<h1 style=\"text-align: center;\"><span style=\"font-weight: 400; color: #ffffff;\"><b>1.610<\/b><\/span><\/h1>[\/et_pb_text][\/et_pb_column][et_pb_column type=&#8221;1_4&#8243; _builder_version=&#8221;4.16&#8243; global_colors_info=&#8221;{}&#8221;][et_pb_image src=&#8221;https:\/\/relatoriosocial.lasalle.edu.br\/wp-content\/uploads\/2022\/07\/pato-branco.jpg&#8221; title_text=&#8221;pato-branco&#8221; align=&#8221;center&#8221; _builder_version=&#8221;4.17.6&#8243; _module_preset=&#8221;default&#8221; global_colors_info=&#8221;{}&#8221;][\/et_pb_image][et_pb_text _builder_version=&#8221;4.16&#8243; _module_preset=&#8221;default&#8221; global_colors_info=&#8221;{}&#8221;]<h2 style=\"text-align: center;\"><strong><span style=\"color: #ffffff;\">Col\u00e9gio Estadual<br \/>La Salle<\/span><\/strong><\/h2>\n<p style=\"text-align: center;\"><span style=\"font-weight: 400; color: #ffffff;\">Pato Branco\/PR<\/span><\/p>\n<p style=\"text-align: center;\"><span style=\"font-weight: 400; color: #ffffff;\"><b>ALUNOS MATRICULADOS CONCLUINTES EM 2021<\/b><\/span><\/p>\n<h1 style=\"text-align: center;\"><span style=\"font-weight: 400; color: #ffffff;\"><b>784<\/b><\/span><\/h1>[\/et_pb_text][\/et_pb_column][et_pb_column type=&#8221;1_4&#8243; _builder_version=&#8221;4.16&#8243; global_colors_info=&#8221;{}&#8221;][et_pb_image src=&#8221;https:\/\/relatoriosocial.lasalle.edu.br\/wp-content\/uploads\/2022\/07\/Rondonopolis.jpg&#8221; title_text=&#8221;Rondon\u00f3polis&#8221; align=&#8221;center&#8221; _builder_version=&#8221;4.17.6&#8243; _module_preset=&#8221;default&#8221; global_colors_info=&#8221;{}&#8221;][\/et_pb_image][et_pb_text _builder_version=&#8221;4.16&#8243; _module_preset=&#8221;default&#8221; global_colors_info=&#8221;{}&#8221;]<h2 style=\"text-align: center;\"><strong><span style=\"color: #ffffff;\">Escola Estadual<br \/>La Salle<\/span><\/strong><\/h2>\n<p style=\"text-align: center;\"><span style=\"font-weight: 400; color: #ffffff;\">Rondon\u00f3polis\/MT<\/span><\/p>\n<p style=\"text-align: center;\"><span style=\"font-weight: 400; color: #ffffff;\"><b>ALUNOS MATRICULADOS CONCLUINTES EM 2021<\/b><\/span><\/p>\n<h1 style=\"text-align: center;\"><span style=\"font-weight: 400; color: #ffffff;\"><b>809<\/b><\/span><\/h1>[\/et_pb_text][\/et_pb_column][\/et_pb_row][\/et_pb_section]\n","protected":false},"excerpt":{"rendered":"<p>Conhe\u00e7a as escola conveniadas \u00e0 Rede La Salle As Escolas Conveniadas s\u00e3o frutos da parceria entre a Rede La Salle e os Governos Estaduais onde se localizam. Essas institui\u00e7\u00f5es adotam a Proposta Educativa Lassalista e ocupam um espa\u00e7o f\u00edsico cedido pela Rede La Salle, que tamb\u00e9m presta apoio pedag\u00f3gico e formativo aos educadores. Em contrapartida, [&hellip;]<\/p>\n","protected":false},"author":1,"featured_media":0,"parent":0,"menu_order":0,"comment_status":"closed","ping_status":"closed","template":"","meta":{"_et_pb_use_builder":"on","_et_pb_old_content":"","_et_gb_content_width":"","footnotes":""},"class_list":["post-2892","page","type-page","status-publish","hentry"],"_links":{"self":[{"href":"https:\/\/relatoriosocial.lasalle.edu.br\/index.php\/wp-json\/wp\/v2\/pages\/2892","targetHints":{"allow":["GET"]}}],"collection":[{"href":"https:\/\/relatoriosocial.lasalle.edu.br\/index.php\/wp-json\/wp\/v2\/pages"}],"about":[{"href":"https:\/\/relatoriosocial.lasalle.edu.br\/index.php\/wp-json\/wp\/v2\/types\/page"}],"author":[{"embeddable":true,"href":"https:\/\/relatoriosocial.lasalle.edu.br\/index.php\/wp-json\/wp\/v2\/users\/1"}],"replies":[{"embeddable":true,"href":"https:\/\/relatoriosocial.lasalle.edu.br\/index.php\/wp-json\/wp\/v2\/comments?post=2892"}],"version-history":[{"count":9,"href":"https:\/\/relatoriosocial.lasalle.edu.br\/index.php\/wp-json\/wp\/v2\/pages\/2892\/revisions"}],"predecessor-version":[{"id":4127,"href":"https:\/\/relatoriosocial.lasalle.edu.br\/index.php\/wp-json\/wp\/v2\/pages\/2892\/revisions\/4127"}],"wp:attachment":[{"href":"https:\/\/relatoriosocial.lasalle.edu.br\/index.php\/wp-json\/wp\/v2\/media?parent=2892"}],"curies":[{"name":"wp","href":"https:\/\/api.w.org\/{rel}","templated":true}]}}