{"id":4143,"date":"2023-05-08T10:59:27","date_gmt":"2023-05-08T13:59:27","guid":{"rendered":"https:\/\/relatoriosocial.lasalle.edu.br\/?page_id=4143"},"modified":"2023-05-19T11:52:52","modified_gmt":"2023-05-19T14:52:52","slug":"projetos-internacionais_2022","status":"publish","type":"page","link":"https:\/\/relatoriosocial.lasalle.edu.br\/index.php\/projetos-internacionais_2022\/","title":{"rendered":"Projetos Internacionais 2022"},"content":{"rendered":"<p>[et_pb_section fb_built=&#8221;1&#8243; _builder_version=&#8221;4.17.6&#8243; _module_preset=&#8221;default&#8221; background_enable_color=&#8221;off&#8221; background_image=&#8221;https:\/\/relatoriosocial.lasalle.edu.br\/wp-content\/uploads\/2023\/05\/foto-banner-projetos-internacional.jpg&#8221; background_size=&#8221;custom&#8221; background_image_width=&#8221;54%&#8221; background_position=&#8221;top_left&#8221; background_horizontal_offset=&#8221;0%&#8221; width=&#8221;100%&#8221; max_width=&#8221;100%&#8221; custom_padding=&#8221;0px||0px||true|false&#8221; hover_enabled=&#8221;0&#8243; locked=&#8221;off&#8221; global_colors_info=&#8221;{}&#8221; theme_builder_area=&#8221;post_content&#8221; title_text=&#8221;foto-banner-projetos-internacional&#8221; sticky_enabled=&#8221;0&#8243;][et_pb_row column_structure=&#8221;1_2,1_2&#8243; _builder_version=&#8221;4.17.6&#8243; _module_preset=&#8221;default&#8221; width=&#8221;99%&#8221; max_width=&#8221;2560px&#8221; max_height=&#8221;450px&#8221; custom_margin=&#8221;0px|0px|0px|0px|false|false&#8221; custom_padding=&#8221;0px|0px|0px|0px|false|false&#8221; hover_enabled=&#8221;0&#8243; locked=&#8221;off&#8221; global_colors_info=&#8221;{}&#8221; theme_builder_area=&#8221;post_content&#8221; sticky_enabled=&#8221;0&#8243; module_alignment=&#8221;right&#8221;][et_pb_column type=&#8221;1_2&#8243; _builder_version=&#8221;4.17.6&#8243; _module_preset=&#8221;default&#8221; hover_enabled=&#8221;0&#8243; global_colors_info=&#8221;{}&#8221; theme_builder_area=&#8221;post_content&#8221; background_color=&#8221;RGBA(255,255,255,0)&#8221; sticky_enabled=&#8221;0&#8243;][\/et_pb_column][et_pb_column type=&#8221;1_2&#8243; _builder_version=&#8221;4.17.6&#8243; _module_preset=&#8221;default&#8221; background_color=&#8221;#1D70B7&#8243; hover_enabled=&#8221;0&#8243; global_colors_info=&#8221;{}&#8221; theme_builder_area=&#8221;post_content&#8221; sticky_enabled=&#8221;0&#8243;][et_pb_image src=&#8221;https:\/\/relatoriosocial.lasalle.edu.br\/wp-content\/uploads\/2023\/05\/projetos-lettering-40.png&#8221; title_text=&#8221;projetos-lettering-40&#8243; align=&#8221;center&#8221; _builder_version=&#8221;4.17.6&#8243; _module_preset=&#8221;default&#8221; width=&#8221;53%&#8221; max_width=&#8221;100%&#8221; module_alignment=&#8221;center&#8221; min_height=&#8221;96%&#8221; max_height=&#8221;450px&#8221; custom_margin=&#8221;134px||134px||true|false&#8221; hover_enabled=&#8221;0&#8243; global_colors_info=&#8221;{}&#8221; theme_builder_area=&#8221;post_content&#8221; sticky_enabled=&#8221;0&#8243;][\/et_pb_image][\/et_pb_column][\/et_pb_row][\/et_pb_section][et_pb_section fb_built=&#8221;1&#8243; _builder_version=&#8221;4.17.6&#8243; _module_preset=&#8221;default&#8221; background_enable_color=&#8221;off&#8221; background_position=&#8221;top_left&#8221; min_height=&#8221;701.4px&#8221; custom_margin=&#8221;0px|0px|-13px|0px|false|false&#8221; custom_padding=&#8221;0px|0px|0px|0px|false|false&#8221; hover_enabled=&#8221;0&#8243; global_colors_info=&#8221;{}&#8221; background_enable_image=&#8221;off&#8221; sticky_enabled=&#8221;0&#8243;][et_pb_row column_structure=&#8221;3_5,2_5&#8243; _builder_version=&#8221;4.16&#8243; _module_preset=&#8221;default&#8221; custom_margin=&#8221;0px|auto|-7px|auto|false|false&#8221; custom_padding=&#8221;50px||50px||false|false&#8221; global_colors_info=&#8221;{}&#8221;][et_pb_column type=&#8221;3_5&#8243; _builder_version=&#8221;4.16&#8243; _module_preset=&#8221;default&#8221; global_colors_info=&#8221;{}&#8221;][et_pb_text _builder_version=&#8221;4.17.6&#8243; _module_preset=&#8221;default&#8221; text_font=&#8221;|800|||||||&#8221; text_font_size=&#8221;26px&#8221; text_line_height=&#8221;1.2em&#8221; custom_padding=&#8221;||0px|||&#8221; hover_enabled=&#8221;0&#8243; global_colors_info=&#8221;{}&#8221; text_text_color=&#8221;#1D70B7&#8243; sticky_enabled=&#8221;0&#8243;]<\/p>\n<p><span style=\"color: #1d70b7;\"><strong><b>PROJETO LA SALLE CUIDANDO DA CASA COMUM<\/b><\/strong><\/span><\/p>\n<p>[\/et_pb_text][et_pb_text _builder_version=&#8221;4.17.6&#8243; _module_preset=&#8221;default&#8221; text_text_color=&#8221;#FFFFFF&#8221; text_font_size=&#8221;15px&#8221; text_line_height=&#8221;1.5em&#8221; custom_padding=&#8221;11px|||||&#8221; global_colors_info=&#8221;{}&#8221;]<\/p>\n<p style=\"text-align: justify;\"><span style=\"color: #474747;\"><b>Institui\u00e7\u00e3o respons\u00e1vel:<\/b><span style=\"font-weight: 400;\"> Prov\u00edncia La Salle Brasil-Chile (Brasil e Chile)<\/span><\/span><\/p>\n<p style=\"text-align: justify;\"><span style=\"color: #474747;\"><b>P\u00fablico-alvo:<\/b><span style=\"font-weight: 400;\"> comunidades educativas, gestores, educadores, estudantes e fam\u00edlias das comunidades lassalistas do Brasil e do Chile<\/span><\/span><\/p>\n<p style=\"text-align: justify;\"><span style=\"color: #474747;\"><b>N\u00famero de beneficiados:<\/b><span style=\"font-weight: 400;\"> aproximadamente 63.000 pessoas impactadas<\/span><\/span><\/p>\n<p style=\"text-align: justify;\"><span style=\"color: #474747;\"><b>Per\u00edodo de execu\u00e7\u00e3o:<\/b><span style=\"font-weight: 400;\"> 2022<\/span><\/span><\/p>\n<p style=\"text-align: justify;\"><span style=\"color: #474747;\"><b>Objetivo:<\/b><\/span><\/p>\n<p style=\"text-align: justify;\"><span style=\"font-weight: 400; color: #474747;\">Sensibilizar a comunidade lassalista no Brasil e do Chile sobre a necessidade do cuidado com o meio ambiente e avan\u00e7ar numa consci\u00eancia de cidadania global, a partir dos Objetivos de Desenvolvimento Sustent\u00e1vel (ODS) da ONU. Al\u00e9m disso, promover novas a\u00e7\u00f5es e ampliar as a\u00e7\u00f5es existentes relativas \u00e0 ecologia integral e ao cuidado da casa comum nas Comunidades Educativas, com o intuito de partilhar, com a sociedade, as boas pr\u00e1ticas relativas ao cuidado do meio ambiente promovidas nas institui\u00e7\u00f5es de ensino dos dois pa\u00edses.<\/span><\/p>\n<p style=\"text-align: justify;\"><span style=\"color: #474747;\"><b>Descri\u00e7\u00e3o:<\/b><\/span><\/p>\n<p style=\"text-align: justify;\"><span style=\"font-weight: 400; color: #474747;\">O Projeto La Salle Cuidando da Casa Comum uniu iniciativas das institui\u00e7\u00f5es lassalistas do Brasil e do Chile para formar uma corrente sustent\u00e1vel e mostrar, na pr\u00e1tica, que \u00e9 poss\u00edvel viver em harmonia com a natureza. Cada a\u00e7\u00e3o realizada nas Comunidades Educativas \u00e9 parte desse grande projeto que visa ajudar na constru\u00e7\u00e3o de um mundo em harmonia com a natureza e com o cuidado da casa comum. A iniciativa est\u00e1 conectada diretamente ao documento &#8216;LAUDATO SI&#8217;, escrito pelo Papa Francisco, \u00e0 agenda 2030 da ONU e \u00e0 iniciativa internacional do Vaticano, Scholas Occurrentes.<\/span><\/p>\n<p style=\"text-align: justify;\"><span style=\"font-weight: 400; color: #474747;\">Todas as institui\u00e7\u00f5es de ensino foram convidadas a se engajem com a tem\u00e1tica a fim de amplificar e dar mais visibilidade \u00e0s a\u00e7\u00f5es desenvolvidas nas Comunidades Educativas Lassalistas, a fim de propor um novo olhar para as escolas, ber\u00e7o de ideias inovadoras em prol do cuidado com a natureza.<\/span><\/p>\n<p style=\"text-align: justify;\"><span style=\"font-weight: 400; color: #474747;\">Para fortalecer o trabalho j\u00e1 desenvolvido, a Rede La Salle promoveu o Pr\u00eamio La Salle Cuidando da Casa Comum, que reconheceu, as melhores a\u00e7\u00f5es de sustentabilidade promovidas pelas institui\u00e7\u00f5es lassalistas do Brasil e do Chile que impactam positivamente no meio ambiente. Foram premiados doze projetos de unidades de educa\u00e7\u00e3o b\u00e1sica e superior dos dois pa\u00edses.<\/span><\/p>\n<p style=\"text-align: justify;\"><span style=\"font-weight: 400; color: #474747;\"><\/span><\/p>\n<p style=\"text-align: justify;\"><span style=\"color: #474747;\"><span style=\"font-weight: 400;\">\u00a0<\/span><\/span><span style=\"font-weight: 400;\"><\/span><\/p>\n<p>[\/et_pb_text][\/et_pb_column][et_pb_column type=&#8221;2_5&#8243; _builder_version=&#8221;4.16&#8243; _module_preset=&#8221;default&#8221; global_colors_info=&#8221;{}&#8221;][et_pb_image src=&#8221;https:\/\/relatoriosocial.lasalle.edu.br\/wp-content\/uploads\/2023\/05\/PROJETO-LA-SALLE-CUIDANDO-DA-CASA-COMUM.png&#8221; title_text=&#8221;PROJETO LA SALLE CUIDANDO DA CASA COMUM&#8221; _builder_version=&#8221;4.17.6&#8243; _module_preset=&#8221;default&#8221; hover_enabled=&#8221;0&#8243; global_colors_info=&#8221;{}&#8221; sticky_enabled=&#8221;0&#8243;][\/et_pb_image][\/et_pb_column][\/et_pb_row][\/et_pb_section][et_pb_section fb_built=&#8221;1&#8243; _builder_version=&#8221;4.17.6&#8243; _module_preset=&#8221;default&#8221; background_position=&#8221;top_right&#8221; min_height=&#8221;550.6px&#8221; custom_margin=&#8221;0px|0px|0px|0px|false|false&#8221; custom_padding=&#8221;0px|0px|0px|0px|false|false&#8221; hover_enabled=&#8221;0&#8243; global_colors_info=&#8221;{}&#8221; background_enable_image=&#8221;off&#8221; background_color=&#8221;#e1e9f0&#8243; sticky_enabled=&#8221;0&#8243;][et_pb_row column_structure=&#8221;2_5,3_5&#8243; _builder_version=&#8221;4.16&#8243; _module_preset=&#8221;default&#8221; custom_margin=&#8221;|auto|0px|auto||&#8221; custom_padding=&#8221;50px||50px||false|false&#8221; global_colors_info=&#8221;{}&#8221;][et_pb_column type=&#8221;2_5&#8243; _builder_version=&#8221;4.16&#8243; _module_preset=&#8221;default&#8221; global_colors_info=&#8221;{}&#8221;][et_pb_image src=&#8221;https:\/\/relatoriosocial.lasalle.edu.br\/wp-content\/uploads\/2023\/05\/PROJETO-EL-COMEDOR-SOLIDARIO.jpg&#8221; title_text=&#8221;PROJETO EL COMEDOR SOLID\u00c1RIO&#8221; _builder_version=&#8221;4.17.6&#8243; _module_preset=&#8221;default&#8221; global_colors_info=&#8221;{}&#8221;][\/et_pb_image][\/et_pb_column][et_pb_column type=&#8221;3_5&#8243; _builder_version=&#8221;4.16&#8243; _module_preset=&#8221;default&#8221; global_colors_info=&#8221;{}&#8221;][et_pb_text _builder_version=&#8221;4.17.6&#8243; _module_preset=&#8221;default&#8221; text_font=&#8221;|800|||||||&#8221; text_font_size=&#8221;26px&#8221; text_line_height=&#8221;1.2em&#8221; hover_enabled=&#8221;0&#8243; global_colors_info=&#8221;{}&#8221; sticky_enabled=&#8221;0&#8243;]<\/p>\n<p><span style=\"color: #1d70b7;\"><strong><b>PROJETO EL COMEDOR SOLIDARIO<\/b>\u00a0<\/strong><\/span><\/p>\n<p>[\/et_pb_text][et_pb_text _builder_version=&#8221;4.17.6&#8243; _module_preset=&#8221;default&#8221; text_text_color=&#8221;#FFFFFF&#8221; text_font_size=&#8221;15px&#8221; text_line_height=&#8221;1.5em&#8221; custom_padding=&#8221;||0px|||&#8221; global_colors_info=&#8221;{}&#8221;]<\/p>\n<p style=\"text-align: justify;\"><span style=\"color: #474747;\"><b>Instituci\u00f3n responsable:<\/b><span style=\"font-weight: 400;\"> Colegio San Gregorio de La Salle (Regi\u00f3n Metropolitana, Chile)<\/span><\/span><\/p>\n<p style=\"text-align: justify;\"><span style=\"color: #474747;\"><b>P\u00fablico-objetivo: <\/b><span style=\"font-weight: 400;\">hombres y mujeres en situaci\u00f3n de calle<\/span><\/span><\/p>\n<p style=\"text-align: justify;\"><span style=\"color: #474747;\"><b>Personas atendidas:<\/b><span style=\"font-weight: 400;\"> aproximadamente 130 personas por d\u00eda\u00a0\u00a0<\/span><\/span><\/p>\n<p style=\"text-align: justify;\"><span style=\"color: #474747;\"><b>Periodo de realizaci\u00f3n:<\/b><span style=\"font-weight: 400;\"> marzo a diciembre de 2022<\/span><\/span><\/p>\n<p style=\"text-align: justify;\"><span style=\"color: #474747;\"><b>Objetivos:<\/b><\/span><\/p>\n<p style=\"text-align: justify;\"><span style=\"font-weight: 400; color: #474747;\">Entregar alimentaci\u00f3n saludable a personas en situaci\u00f3n de calle. Dignificar a las personas que tienen necesidad de alimentaci\u00f3n otorgando un servicio solidario de calidad en un ambiente fraterno, respetuoso y formativo. Permitir a los estudiantes realizar un servicio de voluntariado.<\/span><\/p>\n<p style=\"text-align: justify;\"><span style=\"color: #474747;\"><b>Descripci\u00f3n:<\/b><\/span><\/p>\n<p style=\"text-align: justify;\"><span style=\"font-weight: 400; color: #474747;\">Es un proyecto solidario, conformado por cursos de octavo b\u00e1sico a cuarto medio, del Colegio San Gregorio De La Salle, quienes combaten la pobreza el hambre y la mala nutrici\u00f3n al entregar comida nutritiva y balanceada, elaborada por las madres de los alumnos y servida por los estudiantes, siendo beneficiaria gente en condici\u00f3n de calle. Este servicio se realiza de lunes a viernes con la participaci\u00f3n de estudiantes y apoderados. Tambi\u00e9n se cuenta con el apoyo de los Centros Educativos Lasallistas mediantes el aporte de alimentos los turnos de atenci\u00f3n a las personas que acuden cada d\u00eda al comedor.<\/span><\/p>\n<p>[\/et_pb_text][\/et_pb_column][\/et_pb_row][\/et_pb_section][et_pb_section fb_built=&#8221;1&#8243; _builder_version=&#8221;4.17.6&#8243; _module_preset=&#8221;default&#8221; background_enable_color=&#8221;off&#8221; background_position=&#8221;top_left&#8221; min_height=&#8221;701.4px&#8221; custom_margin=&#8221;0px|0px|-13px|0px|false|false&#8221; custom_padding=&#8221;0px|0px|0px|0px|false|false&#8221; hover_enabled=&#8221;0&#8243; global_colors_info=&#8221;{}&#8221; background_enable_image=&#8221;off&#8221; sticky_enabled=&#8221;0&#8243;][et_pb_row column_structure=&#8221;3_5,2_5&#8243; _builder_version=&#8221;4.16&#8243; _module_preset=&#8221;default&#8221; custom_margin=&#8221;0px|auto|-7px|auto|false|false&#8221; custom_padding=&#8221;50px||50px||false|false&#8221; global_colors_info=&#8221;{}&#8221;][et_pb_column type=&#8221;3_5&#8243; _builder_version=&#8221;4.16&#8243; _module_preset=&#8221;default&#8221; global_colors_info=&#8221;{}&#8221;][et_pb_text _builder_version=&#8221;4.17.6&#8243; _module_preset=&#8221;default&#8221; text_font=&#8221;|800|||||||&#8221; text_font_size=&#8221;26px&#8221; text_line_height=&#8221;1.2em&#8221; global_colors_info=&#8221;{}&#8221;]<\/p>\n<p><span style=\"color: #1d70b7;\"><strong><b>PROJETO DEFENSA DE LOS DERECHOS DE LA NI\u00d1EZ Y JUVENTUD<\/b><\/strong><\/span><\/p>\n<p>[\/et_pb_text][et_pb_text _builder_version=&#8221;4.17.6&#8243; _module_preset=&#8221;default&#8221; text_text_color=&#8221;#FFFFFF&#8221; text_font_size=&#8221;15px&#8221; text_line_height=&#8221;1.5em&#8221; global_colors_info=&#8221;{}&#8221;]<\/p>\n<p style=\"text-align: justify;\"><span style=\"color: #474747;\"><b>Instituci\u00f3n responsable:<\/b><span style=\"font-weight: 400;\"> Mesa Inter Institucional BICE (Chile)<\/span><\/span><\/p>\n<p style=\"text-align: justify;\"><span style=\"color: #474747;\"><b>P\u00fablico-objetivo:<\/b><span style=\"font-weight: 400;\"> ni\u00f1os, ni\u00f1as y j\u00f3venes en nivel nacional<\/span><\/span><\/p>\n<p style=\"text-align: justify;\"><span style=\"color: #474747;\"><b>Periodo de realizaci\u00f3n:<\/b><span style=\"font-weight: 400;\"> 2022<\/span><\/span><\/p>\n<p style=\"text-align: justify;\"><span style=\"color: #474747;\"><b>Personas atendidas:<\/b><span style=\"font-weight: 400;\"> 38.789<\/span><\/span><\/p>\n<p style=\"text-align: justify;\"><span style=\"color: #474747;\"><b>Objetivos:<\/b><\/span><\/p>\n<p style=\"text-align: justify;\"><span style=\"font-weight: 400; color: #474747;\">Potenciar el trabajo de la Mesa BICE \u2013 Chile, con el prop\u00f3sito de avanzar hacia una sociedad donde se respete la dignidad y los derechos de cada ni\u00f1o, ni\u00f1a y joven, siguiendo las orientaciones de la Oficina Internacional Cat\u00f3lica de la Infancia (BICE). Resguardar que los ni\u00f1os, ni\u00f1as y j\u00f3venes participen protagonicamente en las diversas instancias que promueva la Mesa BICE \u2013 Chile, transform\u00e1ndolos en actores relevantes de \u00e9sta. Trabajar por la dignidad y derechos de los ni\u00f1os, ni\u00f1as y adolescentes, promoviendo una cultura inclusiva. Propiciar el dialogo y el encuentro con otras personas y organizaciones para construir objetivos comunes.<\/span><\/p>\n<p style=\"text-align: justify;\"><span style=\"color: #474747;\"><b>Descripci\u00f3n:<\/b><\/span><\/p>\n<p style=\"text-align: justify;\"><span style=\"font-weight: 400; color: #474747;\">En estos 3 \u00faltimos a\u00f1os de trabajo se ha desarrollado un plan estrat\u00e9gico que contempla un conjunto de acciones: vincularse con organismos nacionales que trabajan por la defensa de la ni\u00f1ez; la confecci\u00f3n y aplicaci\u00f3n de cartillas educativas; la campa\u00f1a \u201cUn trato por el buen trato\u201d, seminarios, formaci\u00f3n de agentes pastorales, colaboraci\u00f3n con las instancias legislativas para el dise\u00f1o de la ley de protecci\u00f3n de la infancia y un congreso. La Vicar\u00eda de la Pastoral Social del Arzobispado de Santiago, CARITAS \u2013 Chile, los Salesianos,\u00a0 La Red Ignaciana de Educaci\u00f3n, la Vicar\u00eda de la Educaci\u00f3n, los Hermanos Maristas, la Fundaci\u00f3n Hogar de Cristo y los Hermanos De La Salle conformaron la alianza BICE \u2013 CHILE, que con el tiempo se a transformado en una red que busca promover el trabajo con la ni\u00f1ez y adolescencia desde el enfoque de derechos.\u00a0<\/span><\/p>\n<p>[\/et_pb_text][\/et_pb_column][et_pb_column type=&#8221;2_5&#8243; _builder_version=&#8221;4.16&#8243; _module_preset=&#8221;default&#8221; global_colors_info=&#8221;{}&#8221;][et_pb_image src=&#8221;https:\/\/relatoriosocial.lasalle.edu.br\/wp-content\/uploads\/2023\/05\/BICE-derecho-de-los-ninos.jpeg&#8221; title_text=&#8221;BICE derecho de los ni\u00f1os&#8221; _builder_version=&#8221;4.17.6&#8243; _module_preset=&#8221;default&#8221; global_colors_info=&#8221;{}&#8221;][\/et_pb_image][\/et_pb_column][\/et_pb_row][\/et_pb_section][et_pb_section fb_built=&#8221;1&#8243; _builder_version=&#8221;4.17.6&#8243; _module_preset=&#8221;default&#8221; background_position=&#8221;top_right&#8221; min_height=&#8221;550.6px&#8221; custom_margin=&#8221;0px|0px|0px|0px|false|false&#8221; custom_padding=&#8221;0px|0px|0px|0px|false|false&#8221; hover_enabled=&#8221;0&#8243; global_colors_info=&#8221;{}&#8221; background_enable_image=&#8221;off&#8221; background_color=&#8221;#e1e9f0&#8243; sticky_enabled=&#8221;0&#8243;][et_pb_row column_structure=&#8221;2_5,3_5&#8243; _builder_version=&#8221;4.16&#8243; _module_preset=&#8221;default&#8221; custom_margin=&#8221;|auto|0px|auto||&#8221; custom_padding=&#8221;50px||50px||false|false&#8221; global_colors_info=&#8221;{}&#8221;][et_pb_column type=&#8221;2_5&#8243; _builder_version=&#8221;4.16&#8243; _module_preset=&#8221;default&#8221; global_colors_info=&#8221;{}&#8221;][et_pb_image src=&#8221;https:\/\/relatoriosocial.lasalle.edu.br\/wp-content\/uploads\/2023\/05\/PROJETO-QUALIDADE-DE-VIDA-PARA-CRIANCAS-ADOLESCENTES-E-JOVENS.jpg&#8221; title_text=&#8221;PROJETO QUALIDADE DE VIDA PARA CRIAN\u00c7AS, ADOLESCENTES E JOVENS&#8221; _builder_version=&#8221;4.17.6&#8243; _module_preset=&#8221;default&#8221; global_colors_info=&#8221;{}&#8221;][\/et_pb_image][\/et_pb_column][et_pb_column type=&#8221;3_5&#8243; _builder_version=&#8221;4.16&#8243; _module_preset=&#8221;default&#8221; global_colors_info=&#8221;{}&#8221;][et_pb_text _builder_version=&#8221;4.17.6&#8243; _module_preset=&#8221;default&#8221; text_font=&#8221;|800|||||||&#8221; text_font_size=&#8221;26px&#8221; text_line_height=&#8221;1em&#8221; global_colors_info=&#8221;{}&#8221;]<\/p>\n<p><span style=\"color: #1d70b7;\"><b>PROJETO QUALIDADE DE VIDA PARA CRIAN\u00c7AS, ADOLESCENTES E JOVENS<\/b><\/span><\/p>\n<p>[\/et_pb_text][et_pb_text _builder_version=&#8221;4.17.6&#8243; _module_preset=&#8221;default&#8221; text_text_color=&#8221;#FFFFFF&#8221; text_font_size=&#8221;15px&#8221; text_line_height=&#8221;1.5em&#8221; global_colors_info=&#8221;{}&#8221;]<\/p>\n<p style=\"text-align: justify;\"><span style=\"color: #474747;\"><b>Institui\u00e7\u00e3o <\/b><b>respons\u00e1vel: <\/b><span style=\"font-weight: 400;\">Centro Educativo e Assistencial La Salle (Beira, Mo\u00e7ambique)<\/span><\/span><\/p>\n<p style=\"text-align: justify;\"><span style=\"color: #474747;\"><b>P\u00fablico-alvo:<\/b><span style=\"font-weight: 400;\"> crian\u00e7as, adolescentes e comunidade local<\/span><\/span><\/p>\n<p style=\"text-align: justify;\"><span style=\"color: #474747;\"><b>N\u00famero de benefici\u00e1rios:<\/b><span style=\"font-weight: 400;\"> aproximadamente 1.000 crian\u00e7as e adolescentes<\/span><\/span><\/p>\n<p style=\"text-align: justify;\"><span style=\"color: #474747;\"><b>Per\u00edodo de execu\u00e7\u00e3o:<\/b><span style=\"font-weight: 400;\"> 2022<\/span><\/span><\/p>\n<p style=\"text-align: justify;\"><span style=\"color: #474747;\"><b>Objetivo:<\/b><\/span><\/p>\n<p style=\"text-align: justify;\"><span style=\"font-weight: 400; color: #474747;\">Oportunizar um espa\u00e7o de forma\u00e7\u00e3o humana e crist\u00e3 por meio de atividades recreativas e l\u00fadicas, com foco na preven\u00e7\u00e3o de doen\u00e7as e na promo\u00e7\u00e3o do direito a uma educa\u00e7\u00e3o de qualidade.<\/span><\/p>\n<p style=\"text-align: justify;\"><span style=\"color: #474747;\"><b>Descri\u00e7\u00e3o:<\/b><\/span><\/p>\n<p style=\"text-align: justify;\"><span style=\"font-weight: 400; color: #474747;\">Recrea\u00e7\u00e3o na pr\u00e1tica do esporte de forma l\u00fadica e segura, m\u00fasica, dan\u00e7a, filme, teatro, cantos, desenho, pintura, cuidados com a sa\u00fade e preven\u00e7\u00e3o de HIV\/Sida, entre outras doen\u00e7as.<\/span><\/p>\n<p><span style=\"color: #474747;\">\u00a0<\/span><\/p>\n<p>[\/et_pb_text][\/et_pb_column][\/et_pb_row][\/et_pb_section][et_pb_section fb_built=&#8221;1&#8243; _builder_version=&#8221;4.17.6&#8243; _module_preset=&#8221;default&#8221; background_enable_color=&#8221;off&#8221; background_position=&#8221;top_left&#8221; min_height=&#8221;550.4px&#8221; custom_margin=&#8221;0px|0px|-13px|0px|false|false&#8221; custom_padding=&#8221;0px|0px|0px|0px|false|false&#8221; hover_enabled=&#8221;0&#8243; global_colors_info=&#8221;{}&#8221; background_enable_image=&#8221;off&#8221; sticky_enabled=&#8221;0&#8243;][et_pb_row column_structure=&#8221;3_5,2_5&#8243; _builder_version=&#8221;4.16&#8243; _module_preset=&#8221;default&#8221; custom_margin=&#8221;0px|auto|-7px|auto|false|false&#8221; custom_padding=&#8221;50px||50px||false|false&#8221; global_colors_info=&#8221;{}&#8221;][et_pb_column type=&#8221;3_5&#8243; _builder_version=&#8221;4.16&#8243; _module_preset=&#8221;default&#8221; global_colors_info=&#8221;{}&#8221;][et_pb_text _builder_version=&#8221;4.17.6&#8243; _module_preset=&#8221;default&#8221; text_font=&#8221;|800|||||||&#8221; text_font_size=&#8221;26px&#8221; text_line_height=&#8221;1.2em&#8221; hover_enabled=&#8221;0&#8243; global_colors_info=&#8221;{}&#8221; sticky_enabled=&#8221;0&#8243;]<\/p>\n<p><span style=\"color: #1d70b7;\"><strong><b>PROJETO REFOR\u00c7O ESCOLAR E ALIMENTAR<\/b><\/strong><\/span><\/p>\n<p>[\/et_pb_text][et_pb_text _builder_version=&#8221;4.16&#8243; _module_preset=&#8221;default&#8221; text_text_color=&#8221;#FFFFFF&#8221; text_font_size=&#8221;15px&#8221; text_line_height=&#8221;1.5em&#8221; custom_padding=&#8221;||0px|||&#8221; global_colors_info=&#8221;{}&#8221;]<\/p>\n<p><span style=\"color: #474747;\"><b>Institui\u00e7\u00e3o Respons\u00e1vel:<\/b><span style=\"font-weight: 400;\"> Centro Educativo e Assistencial La Salle (Beira, Mo\u00e7ambique)<\/span><\/span><\/p>\n<p><span style=\"color: #474747;\"><b>P\u00fablico-alvo:<\/b><span style=\"font-weight: 400;\"> crian\u00e7as e adolescentes<\/span><\/span><\/p>\n<p><span style=\"color: #474747;\"><b>N\u00famero de benefici\u00e1rios:<\/b><span style=\"font-weight: 400;\"> 392 crian\u00e7as e adolescentes<\/span><\/span><\/p>\n<p><span style=\"color: #474747;\"><b>Per\u00edodo de execu\u00e7\u00e3o:<\/b><span style=\"font-weight: 400;\"> 2022<\/span><\/span><\/p>\n<p><span style=\"color: #474747;\"><b>Objetivo:<\/b><\/span><\/p>\n<p><span style=\"font-weight: 400; color: #474747;\">Atender alunos com necessidade de refor\u00e7o escolar e alimentar, disponibilizando acesso aos recursos da biblioteca para treino de leitura, escrita e c\u00e1lculo.<\/span><\/p>\n<p><span style=\"color: #474747;\"><b>Descri\u00e7\u00e3o:<\/b><\/span><\/p>\n<p><span style=\"font-weight: 400; color: #474747;\">Oferta de aulas de refor\u00e7o escolar, atividades formativas, de reflex\u00e3o e distribui\u00e7\u00e3o de lanches face aos \u00faltimos choques consecutivos (coronav\u00edrus e mudan\u00e7as clim\u00e1ticas).<\/span><\/p>\n<p>[\/et_pb_text][\/et_pb_column][et_pb_column type=&#8221;2_5&#8243; _builder_version=&#8221;4.16&#8243; _module_preset=&#8221;default&#8221; global_colors_info=&#8221;{}&#8221;][et_pb_image src=&#8221;https:\/\/relatoriosocial.lasalle.edu.br\/wp-content\/uploads\/2023\/05\/Reforcoo-scaled.jpg&#8221; title_text=&#8221;Refor\u00e7oo&#8221; _builder_version=&#8221;4.17.6&#8243; _module_preset=&#8221;default&#8221; global_colors_info=&#8221;{}&#8221;][\/et_pb_image][\/et_pb_column][\/et_pb_row][\/et_pb_section]<\/p>\n","protected":false},"excerpt":{"rendered":"<p>PROJETO LA SALLE CUIDANDO DA CASA COMUMInstitui\u00e7\u00e3o respons\u00e1vel: Prov\u00edncia La Salle Brasil-Chile (Brasil e Chile) P\u00fablico-alvo: comunidades educativas, gestores, educadores, estudantes e fam\u00edlias das comunidades lassalistas do Brasil e do Chile N\u00famero de beneficiados: aproximadamente 63.000 pessoas impactadas Per\u00edodo de execu\u00e7\u00e3o: 2022 Objetivo: Sensibilizar a comunidade lassalista no Brasil e do Chile sobre a necessidade [&hellip;]<\/p>\n","protected":false},"author":1,"featured_media":0,"parent":0,"menu_order":0,"comment_status":"closed","ping_status":"closed","template":"","meta":{"_et_pb_use_builder":"on","_et_pb_old_content":"<!-- wp:divi\/placeholder \/-->","_et_gb_content_width":"","footnotes":""},"class_list":["post-4143","page","type-page","status-publish","hentry"],"_links":{"self":[{"href":"https:\/\/relatoriosocial.lasalle.edu.br\/index.php\/wp-json\/wp\/v2\/pages\/4143","targetHints":{"allow":["GET"]}}],"collection":[{"href":"https:\/\/relatoriosocial.lasalle.edu.br\/index.php\/wp-json\/wp\/v2\/pages"}],"about":[{"href":"https:\/\/relatoriosocial.lasalle.edu.br\/index.php\/wp-json\/wp\/v2\/types\/page"}],"author":[{"embeddable":true,"href":"https:\/\/relatoriosocial.lasalle.edu.br\/index.php\/wp-json\/wp\/v2\/users\/1"}],"replies":[{"embeddable":true,"href":"https:\/\/relatoriosocial.lasalle.edu.br\/index.php\/wp-json\/wp\/v2\/comments?post=4143"}],"version-history":[{"count":13,"href":"https:\/\/relatoriosocial.lasalle.edu.br\/index.php\/wp-json\/wp\/v2\/pages\/4143\/revisions"}],"predecessor-version":[{"id":4609,"href":"https:\/\/relatoriosocial.lasalle.edu.br\/index.php\/wp-json\/wp\/v2\/pages\/4143\/revisions\/4609"}],"wp:attachment":[{"href":"https:\/\/relatoriosocial.lasalle.edu.br\/index.php\/wp-json\/wp\/v2\/media?parent=4143"}],"curies":[{"name":"wp","href":"https:\/\/api.w.org\/{rel}","templated":true}]}}