{"id":4147,"date":"2023-05-08T11:03:53","date_gmt":"2023-05-08T14:03:53","guid":{"rendered":"https:\/\/relatoriosocial.lasalle.edu.br\/?page_id=4147"},"modified":"2023-05-17T13:44:03","modified_gmt":"2023-05-17T16:44:03","slug":"projetos-nacionais_2022","status":"publish","type":"page","link":"https:\/\/relatoriosocial.lasalle.edu.br\/index.php\/projetos-nacionais_2022\/","title":{"rendered":"Projetos Nacionais 2022"},"content":{"rendered":"<p>[et_pb_section fb_built=&#8221;1&#8243; _builder_version=&#8221;4.17.6&#8243; _module_preset=&#8221;default&#8221; background_enable_color=&#8221;off&#8221; background_image=&#8221;https:\/\/relatoriosocial.lasalle.edu.br\/wp-content\/uploads\/2023\/05\/foto-banner-projetos-nacional.jpg&#8221; background_size=&#8221;custom&#8221; background_image_width=&#8221;54%&#8221; background_position=&#8221;center_left&#8221; background_horizontal_offset=&#8221;0%&#8221; width=&#8221;100%&#8221; max_width=&#8221;100%&#8221; custom_padding=&#8221;0px||0px||true|false&#8221; hover_enabled=&#8221;0&#8243; locked=&#8221;off&#8221; global_colors_info=&#8221;{}&#8221; title_text=&#8221;foto-banner-projetos-nacional&#8221; sticky_enabled=&#8221;0&#8243;][et_pb_row column_structure=&#8221;1_2,1_2&#8243; _builder_version=&#8221;4.17.6&#8243; _module_preset=&#8221;default&#8221; width=&#8221;100%&#8221; max_width=&#8221;2560px&#8221; max_height=&#8221;450px&#8221; custom_margin=&#8221;|auto|0px|auto||&#8221; custom_padding=&#8221;0px||0px||false|false&#8221; hover_enabled=&#8221;0&#8243; locked=&#8221;off&#8221; global_colors_info=&#8221;{}&#8221; sticky_enabled=&#8221;0&#8243;][et_pb_column type=&#8221;1_2&#8243; _builder_version=&#8221;4.17.6&#8243; _module_preset=&#8221;default&#8221; global_colors_info=&#8221;{}&#8221;][\/et_pb_column][et_pb_column type=&#8221;1_2&#8243; _builder_version=&#8221;4.17.6&#8243; _module_preset=&#8221;default&#8221; background_color=&#8221;#1D70B7&#8243; hover_enabled=&#8221;0&#8243; global_colors_info=&#8221;{}&#8221; sticky_enabled=&#8221;0&#8243;][et_pb_image src=&#8221;https:\/\/relatoriosocial.lasalle.edu.br\/wp-content\/uploads\/2023\/05\/projetos-lettering-41.png&#8221; title_text=&#8221;projetos-lettering-41&#8243; align=&#8221;center&#8221; _builder_version=&#8221;4.17.6&#8243; _module_preset=&#8221;default&#8221; width=&#8221;53%&#8221; max_width=&#8221;100%&#8221; module_alignment=&#8221;center&#8221; min_height=&#8221;96%&#8221; max_height=&#8221;450px&#8221; custom_margin=&#8221;134px||134px||true|false&#8221; hover_enabled=&#8221;0&#8243; global_colors_info=&#8221;{}&#8221; sticky_enabled=&#8221;0&#8243;][\/et_pb_image][\/et_pb_column][\/et_pb_row][\/et_pb_section][et_pb_section fb_built=&#8221;1&#8243; _builder_version=&#8221;4.17.6&#8243; _module_preset=&#8221;default&#8221; background_enable_color=&#8221;off&#8221; background_enable_image=&#8221;off&#8221; background_position=&#8221;top_right&#8221; min_height=&#8221;550.6px&#8221; custom_margin=&#8221;0px|0px|0px|0px|false|false&#8221; custom_padding=&#8221;0px|0px|0px|0px|false|false&#8221; global_colors_info=&#8221;{}&#8221;][et_pb_row column_structure=&#8221;2_5,3_5&#8243; _builder_version=&#8221;4.17.6&#8243; _module_preset=&#8221;default&#8221; custom_margin=&#8221;|auto|0px|auto||&#8221; custom_padding=&#8221;50px||50px||false|false&#8221; hover_enabled=&#8221;0&#8243; global_colors_info=&#8221;{}&#8221; max_width=&#8221;2560px&#8221; use_custom_gutter=&#8221;on&#8221; gutter_width=&#8221;2&#8243; sticky_enabled=&#8221;0&#8243;][et_pb_column type=&#8221;2_5&#8243; _builder_version=&#8221;4.16&#8243; _module_preset=&#8221;default&#8221; global_colors_info=&#8221;{}&#8221;][et_pb_image src=&#8221;https:\/\/relatoriosocial.lasalle.edu.br\/wp-content\/uploads\/2023\/05\/PROJETO-NATAL-SOLIDARIO-1.png&#8221; title_text=&#8221;PROJETO NATAL SOLID\u00c1RIO&#8221; _builder_version=&#8221;4.17.6&#8243; _module_preset=&#8221;default&#8221; global_colors_info=&#8221;{}&#8221;][\/et_pb_image][\/et_pb_column][et_pb_column type=&#8221;3_5&#8243; _builder_version=&#8221;4.16&#8243; _module_preset=&#8221;default&#8221; global_colors_info=&#8221;{}&#8221;][et_pb_text _builder_version=&#8221;4.17.6&#8243; _module_preset=&#8221;default&#8221; text_font=&#8221;|800|||||||&#8221; text_text_color=&#8221;#1D70B7&#8243; text_font_size=&#8221;26px&#8221; text_line_height=&#8221;1em&#8221; global_colors_info=&#8221;{}&#8221;]<\/p>\n<p><strong><b>PROJETO NATAL SOLID\u00c1RIO<\/b><\/strong><\/p>\n<p>[\/et_pb_text][et_pb_text _builder_version=&#8221;4.17.6&#8243; _module_preset=&#8221;default&#8221; text_text_color=&#8221;#474747&#8243; text_font_size=&#8221;15px&#8221; text_line_height=&#8221;1.5em&#8221; hover_enabled=&#8221;0&#8243; global_colors_info=&#8221;{}&#8221; sticky_enabled=&#8221;0&#8243;]<\/p>\n<p style=\"text-align: justify;\"><b>Institui\u00e7\u00f5es respons\u00e1veis: <\/b><span style=\"font-weight: 400;\">todas as Comunidades Educativas da Rede La Salle (Brasil)<\/span><\/p>\n<p style=\"text-align: justify;\"><b>P\u00fablico-alvo:<\/b><span style=\"font-weight: 400;\"> pessoas em situa\u00e7\u00e3o de vulnerabilidade social<\/span><\/p>\n<p style=\"text-align: justify;\"><b>N\u00famero de beneficiados:<\/b><span style=\"font-weight: 400;\"> aproximadamente 13 mil pessoas<\/span><\/p>\n<p style=\"text-align: justify;\"><b>Per\u00edodo de execu\u00e7\u00e3o:<\/b><span style=\"font-weight: 400;\"> 2022<\/span><\/p>\n<p style=\"text-align: justify;\"><b>Objetivo:<\/b><\/p>\n<p style=\"text-align: justify;\"><span style=\"font-weight: 400;\">Promover uma corrente de solidariedade por meio de a\u00e7\u00f5es solid\u00e1rias com a participa\u00e7\u00e3o de alunos, fam\u00edlias e colaboradores lassalistas.<\/span><\/p>\n<p style=\"text-align: justify;\"><b>Descri\u00e7\u00e3o:<\/b><\/p>\n<p style=\"text-align: justify;\"><span style=\"font-weight: 400;\">No per\u00edodo natalino, as institui\u00e7\u00f5es mobilizam a comunidade escolar para a arrecada\u00e7\u00e3o de brinquedos destinados \u00e0 doa\u00e7\u00e3o \u00e0s crian\u00e7as em situa\u00e7\u00e3o de vulnerabilidade social, inspirados na espiritualidade e m\u00edstica crist\u00e3 e lassalista.<\/span><\/p>\n<p>[\/et_pb_text][\/et_pb_column][\/et_pb_row][\/et_pb_section][et_pb_section fb_built=&#8221;1&#8243; _builder_version=&#8221;4.17.6&#8243; _module_preset=&#8221;default&#8221; background_position=&#8221;top_left&#8221; custom_margin=&#8221;0px|0px|-13px|0px|false|false&#8221; custom_padding=&#8221;0px|0px|0px|0px|false|false&#8221; hover_enabled=&#8221;0&#8243; global_colors_info=&#8221;{}&#8221; sticky_enabled=&#8221;0&#8243; background_color=&#8221;#e1e9f0&#8243; background_enable_image=&#8221;off&#8221;][et_pb_row column_structure=&#8221;3_5,2_5&#8243; _builder_version=&#8221;4.17.6&#8243; _module_preset=&#8221;default&#8221; custom_margin=&#8221;0px|auto|-7px|auto|false|false&#8221; custom_padding=&#8221;50px||50px||false|false&#8221; hover_enabled=&#8221;0&#8243; global_colors_info=&#8221;{}&#8221; min_height=&#8221;567.4px&#8221; max_width=&#8221;2560px&#8221; use_custom_gutter=&#8221;on&#8221; gutter_width=&#8221;2&#8243; sticky_enabled=&#8221;0&#8243;][et_pb_column type=&#8221;3_5&#8243; _builder_version=&#8221;4.16&#8243; _module_preset=&#8221;default&#8221; global_colors_info=&#8221;{}&#8221;][et_pb_text _builder_version=&#8221;4.17.6&#8243; _module_preset=&#8221;default&#8221; text_font=&#8221;|800|||||||&#8221; text_font_size=&#8221;26px&#8221; text_line_height=&#8221;1.2em&#8221; hover_enabled=&#8221;0&#8243; global_colors_info=&#8221;{}&#8221; text_text_color=&#8221;#1D70B7&#8243; sticky_enabled=&#8221;0&#8243;]<\/p>\n<p><strong><b>PROJETO INCLUIR<\/b><\/strong><\/p>\n<p>[\/et_pb_text][et_pb_text _builder_version=&#8221;4.17.6&#8243; _module_preset=&#8221;default&#8221; text_text_color=&#8221;#474747&#8243; text_font_size=&#8221;15px&#8221; text_line_height=&#8221;1.5em&#8221; hover_enabled=&#8221;0&#8243; global_colors_info=&#8221;{}&#8221; sticky_enabled=&#8221;0&#8243;]<\/p>\n<p style=\"text-align: justify;\"><b>Institui\u00e7\u00f5es respons\u00e1veis:<\/b><span style=\"font-weight: 400;\"> Col\u00e9gios La Salle Botucatu <\/span><span style=\"font-weight: 400;\">(Botucatu\/SP)<\/span><span style=\"font-weight: 400;\">, La Salle Z\u00e9 Doca <\/span><span style=\"font-weight: 400;\">(Z\u00e9 Doca\/MA)<\/span><span style=\"font-weight: 400;\"> e Escol<\/span><\/p>\n<p style=\"text-align: justify;\"><b>Institui\u00e7\u00f5es respons\u00e1veis:<\/b><span style=\"font-weight: 400;\"> Col\u00e9gios La Salle Botucatu <\/span><span style=\"font-weight: 400;\">(Botucatu\/SP)<\/span><span style=\"font-weight: 400;\">, La Salle Z\u00e9 Doca <\/span><span style=\"font-weight: 400;\">(Z\u00e9 Doca\/MA)<\/span><span style=\"font-weight: 400;\"> e Escola La Salle Rio de Janeiro (<\/span><span style=\"font-weight: 400;\">Niter\u00f3i\/RJ)<\/span><\/p>\n<p style=\"text-align: justify;\"><b>P\u00fablico-alvo:<\/b><span style=\"font-weight: 400;\"> estudantes contemplados com bolsa de estudo integral\u00a0<\/span><\/p>\n<p style=\"text-align: justify;\"><b>N\u00famero de beneficiados:<\/b> <span style=\"font-weight: 400;\">1.609 estudantes\u00a0<\/span><\/p>\n<p style=\"text-align: justify;\"><b>Per\u00edodo de execu\u00e7\u00e3o:<\/b><span style=\"font-weight: 400;\"> 2022<\/span><\/p>\n<p style=\"text-align: justify;\"><b>Objetivo:<\/b><\/p>\n<p style=\"text-align: justify;\"><span style=\"font-weight: 400;\">Apoiar estudantes beneficiados com Bolsa de Estudos integral oriundos de fam\u00edlias em situa\u00e7\u00e3o de vulnerabilidade social a fim de prevenir a evas\u00e3o escolar e fortalecer o trabalho educativo e de conviv\u00eancia entre col\u00e9gio, fam\u00edlia e comunidade.<\/span><\/p>\n<p style=\"text-align: justify;\"><b>Descri\u00e7\u00e3o:<\/b><\/p>\n<p style=\"text-align: justify;\"><span style=\"font-weight: 400;\">Doa\u00e7\u00e3o de materiais did\u00e1ticos e uniformes escolares, al\u00e9m da realiza\u00e7\u00e3o de encontros em grupo, atendimento individual e encaminhamentos para refor\u00e7o escolar e \u00e0 \u00e1rea de sa\u00fade, atuando de forma complementar \u00e0 educa\u00e7\u00e3o dos beneficiados.<\/span><\/p>\n<p>[\/et_pb_text][\/et_pb_column][et_pb_column type=&#8221;2_5&#8243; _builder_version=&#8221;4.16&#8243; _module_preset=&#8221;default&#8221; global_colors_info=&#8221;{}&#8221;][et_pb_image src=&#8221;https:\/\/relatoriosocial.lasalle.edu.br\/wp-content\/uploads\/2023\/05\/PROJETO-INCLUIR.jpg&#8221; title_text=&#8221;PROJETO INCLUIR&#8221; _builder_version=&#8221;4.17.6&#8243; _module_preset=&#8221;default&#8221; global_colors_info=&#8221;{}&#8221;][\/et_pb_image][\/et_pb_column][\/et_pb_row][\/et_pb_section][et_pb_section fb_built=&#8221;1&#8243; _builder_version=&#8221;4.17.6&#8243; _module_preset=&#8221;default&#8221; background_enable_color=&#8221;off&#8221; background_position=&#8221;top_right&#8221; min_height=&#8221;550.6px&#8221; custom_margin=&#8221;0px|0px|0px|0px|false|false&#8221; custom_padding=&#8221;0px|0px|0px|0px|false|false&#8221; hover_enabled=&#8221;0&#8243; global_colors_info=&#8221;{}&#8221; background_enable_image=&#8221;off&#8221; sticky_enabled=&#8221;0&#8243;][et_pb_row column_structure=&#8221;2_5,3_5&#8243; _builder_version=&#8221;4.17.6&#8243; _module_preset=&#8221;default&#8221; custom_margin=&#8221;|auto|0px|auto||&#8221; custom_padding=&#8221;50px||50px||false|false&#8221; hover_enabled=&#8221;0&#8243; global_colors_info=&#8221;{}&#8221; use_custom_gutter=&#8221;on&#8221; gutter_width=&#8221;2&#8243; max_width=&#8221;2560px&#8221; sticky_enabled=&#8221;0&#8243;][et_pb_column type=&#8221;2_5&#8243; _builder_version=&#8221;4.16&#8243; _module_preset=&#8221;default&#8221; global_colors_info=&#8221;{}&#8221;][et_pb_image src=&#8221;https:\/\/relatoriosocial.lasalle.edu.br\/wp-content\/uploads\/2023\/05\/PROJETO-MESA-BICE-BRASIL.jpg&#8221; title_text=&#8221;PROJETO MESA BICE BRASIL&#8221; _builder_version=&#8221;4.17.6&#8243; _module_preset=&#8221;default&#8221; global_colors_info=&#8221;{}&#8221;][\/et_pb_image][\/et_pb_column][et_pb_column type=&#8221;3_5&#8243; _builder_version=&#8221;4.16&#8243; _module_preset=&#8221;default&#8221; global_colors_info=&#8221;{}&#8221;][et_pb_text _builder_version=&#8221;4.17.6&#8243; _module_preset=&#8221;default&#8221; text_font=&#8221;|800|||||||&#8221; text_font_size=&#8221;26px&#8221; text_line_height=&#8221;1em&#8221; hover_enabled=&#8221;0&#8243; global_colors_info=&#8221;{}&#8221; text_text_color=&#8221;#1D70B7&#8243; sticky_enabled=&#8221;0&#8243;]<\/p>\n<p><b>PROJETO MESA BICE BRASIL<\/b><\/p>\n<p>[\/et_pb_text][et_pb_text _builder_version=&#8221;4.17.6&#8243; _module_preset=&#8221;default&#8221; text_text_color=&#8221;#474747&#8243; text_font_size=&#8221;15px&#8221; text_line_height=&#8221;1.5em&#8221; hover_enabled=&#8221;0&#8243; global_colors_info=&#8221;{}&#8221; sticky_enabled=&#8221;0&#8243;]<\/p>\n<p style=\"text-align: justify;\"><b>Institui\u00e7\u00e3o respons\u00e1vel: <\/b><span style=\"font-weight: 400;\">Escrit\u00f3rio da Rede La Salle (Bras\u00edlia\/DF) e Funda\u00e7\u00e3o La Salle (Canoas\/RS)<\/span><\/p>\n<p style=\"text-align: justify;\"><b>P\u00fablico-alvo: <\/b><span style=\"font-weight: 400;\">crian\u00e7as, adolescentes e as institui\u00e7\u00f5es Centro de Educa\u00e7\u00e3o e Cidadania La Salle de Ananindeua\/PA, Escolas Municipais de Educa\u00e7\u00e3o Infantil Prof.\u00aa Simone Serafim e Izabel Cristina Souza da Costa, ambas de Sapucaia do Sul\/RS, e o N\u00facleo de Apoio ao Superendividado &#8211; Equipe Educa\u00e7\u00e3o, de Canoas\/RS<\/span><\/p>\n<p style=\"text-align: justify;\"><b>N\u00famero de beneficiados em 2022: <\/b><span style=\"font-weight: 400;\">15.945 crian\u00e7as e adolescentes e 11 Institui\u00e7\u00f5es signat\u00e1rias do Acordo BICE<\/span><\/p>\n<p style=\"text-align: justify;\"><b>Per\u00edodo de execu\u00e7\u00e3o:<\/b><span style=\"font-weight: 400;\"> desde 2016<\/span><\/p>\n<p style=\"text-align: justify;\"><b>Objetivo:<\/b><\/p>\n<p style=\"text-align: justify;\"><span style=\"font-weight: 400;\">Promover a defesa e o respeito aos direitos das crian\u00e7as e dos adolescentes.<\/span><\/p>\n<p style=\"text-align: justify;\"><b>Descri\u00e7\u00e3o:<\/b><\/p>\n<p style=\"text-align: justify;\"><span style=\"font-weight: 400;\">O Bureau International Catholique de l`Enfance (BICE) \u00e9 uma Rede internacional de organiza\u00e7\u00f5es, cujo a Rede La Salle, juntamente com outras Associa\u00e7\u00f5es Cat\u00f3licas, faz parte. Por meio do servi\u00e7o educativo e de pastoral, entre outros, se dedicam esfor\u00e7os ao desenvolvimento integral de crian\u00e7as e adolescentes, buscando promover a cultura inclusiva, a dignidade e os direitos das crian\u00e7as e adolescentes mediante estrat\u00e9gias de di\u00e1logo entre gera\u00e7\u00f5es. Tamb\u00e9m promove o exerc\u00edcio dos direitos plenos e fomenta as crian\u00e7as e adolescentes a desenvolver seu protagonismo, liderando a\u00e7\u00f5es por meio da participa\u00e7\u00e3o cidad\u00e3 e advocacy, al\u00e9m de\u00a0 promover semin\u00e1rios, forma\u00e7\u00f5es, mobiliza\u00e7\u00f5es junto \u00e0s organiza\u00e7\u00f5es da sociedade civil e produ\u00e7\u00e3o de material informativo.<\/span><\/p>\n<p>[\/et_pb_text][\/et_pb_column][\/et_pb_row][\/et_pb_section]<\/p>\n","protected":false},"excerpt":{"rendered":"<p>PROJETO NATAL SOLID\u00c1RIOInstitui\u00e7\u00f5es respons\u00e1veis: todas as Comunidades Educativas da Rede La Salle (Brasil) P\u00fablico-alvo: pessoas em situa\u00e7\u00e3o de vulnerabilidade social N\u00famero de beneficiados: aproximadamente 13 mil pessoas Per\u00edodo de execu\u00e7\u00e3o: 2022 Objetivo: Promover uma corrente de solidariedade por meio de a\u00e7\u00f5es solid\u00e1rias com a participa\u00e7\u00e3o de alunos, fam\u00edlias e colaboradores lassalistas. Descri\u00e7\u00e3o: No per\u00edodo natalino, [&hellip;]<\/p>\n","protected":false},"author":1,"featured_media":0,"parent":0,"menu_order":0,"comment_status":"closed","ping_status":"closed","template":"","meta":{"_et_pb_use_builder":"on","_et_pb_old_content":"<!-- wp:divi\/placeholder \/-->","_et_gb_content_width":"","footnotes":""},"class_list":["post-4147","page","type-page","status-publish","hentry"],"_links":{"self":[{"href":"https:\/\/relatoriosocial.lasalle.edu.br\/index.php\/wp-json\/wp\/v2\/pages\/4147","targetHints":{"allow":["GET"]}}],"collection":[{"href":"https:\/\/relatoriosocial.lasalle.edu.br\/index.php\/wp-json\/wp\/v2\/pages"}],"about":[{"href":"https:\/\/relatoriosocial.lasalle.edu.br\/index.php\/wp-json\/wp\/v2\/types\/page"}],"author":[{"embeddable":true,"href":"https:\/\/relatoriosocial.lasalle.edu.br\/index.php\/wp-json\/wp\/v2\/users\/1"}],"replies":[{"embeddable":true,"href":"https:\/\/relatoriosocial.lasalle.edu.br\/index.php\/wp-json\/wp\/v2\/comments?post=4147"}],"version-history":[{"count":10,"href":"https:\/\/relatoriosocial.lasalle.edu.br\/index.php\/wp-json\/wp\/v2\/pages\/4147\/revisions"}],"predecessor-version":[{"id":4524,"href":"https:\/\/relatoriosocial.lasalle.edu.br\/index.php\/wp-json\/wp\/v2\/pages\/4147\/revisions\/4524"}],"wp:attachment":[{"href":"https:\/\/relatoriosocial.lasalle.edu.br\/index.php\/wp-json\/wp\/v2\/media?parent=4147"}],"curies":[{"name":"wp","href":"https:\/\/api.w.org\/{rel}","templated":true}]}}