{"id":4151,"date":"2023-05-08T11:29:03","date_gmt":"2023-05-08T14:29:03","guid":{"rendered":"https:\/\/relatoriosocial.lasalle.edu.br\/?page_id=4151"},"modified":"2023-05-19T15:34:50","modified_gmt":"2023-05-19T18:34:50","slug":"projetos-norte_2022","status":"publish","type":"page","link":"https:\/\/relatoriosocial.lasalle.edu.br\/index.php\/projetos-norte_2022\/","title":{"rendered":"Projetos Norte 2022"},"content":{"rendered":"<p>[et_pb_section fb_built=&#8221;1&#8243; _builder_version=&#8221;4.17.6&#8243; _module_preset=&#8221;default&#8221; background_enable_color=&#8221;off&#8221; background_image=&#8221;https:\/\/relatoriosocial.lasalle.edu.br\/wp-content\/uploads\/2023\/05\/foto-banner-projetos-norte.jpg&#8221; background_size=&#8221;custom&#8221; background_image_width=&#8221;54%&#8221; background_position=&#8221;top_left&#8221; background_horizontal_offset=&#8221;0%&#8221; width=&#8221;100%&#8221; max_width=&#8221;100%&#8221; custom_padding=&#8221;0px||0px||true|false&#8221; locked=&#8221;off&#8221; global_colors_info=&#8221;{}&#8221;][et_pb_row column_structure=&#8221;1_2,1_2&#8243; _builder_version=&#8221;4.17.6&#8243; _module_preset=&#8221;default&#8221; width=&#8221;99%&#8221; max_width=&#8221;2560px&#8221; module_alignment=&#8221;right&#8221; max_height=&#8221;450px&#8221; custom_margin=&#8221;0px|0px|0px|0px|false|false&#8221; custom_padding=&#8221;0px|0px|0px|0px|false|false&#8221; locked=&#8221;off&#8221; global_colors_info=&#8221;{}&#8221;][et_pb_column type=&#8221;1_2&#8243; _builder_version=&#8221;4.17.6&#8243; _module_preset=&#8221;default&#8221; background_color=&#8221;RGBA(255,255,255,0)&#8221; global_colors_info=&#8221;{}&#8221;][\/et_pb_column][et_pb_column type=&#8221;1_2&#8243; _builder_version=&#8221;4.17.6&#8243; _module_preset=&#8221;default&#8221; background_color=&#8221;#1D70B7&#8243; global_colors_info=&#8221;{}&#8221;][et_pb_image src=&#8221;https:\/\/relatoriosocial.lasalle.edu.br\/wp-content\/uploads\/2023\/05\/projetos-lettering-42.png&#8221; title_text=&#8221;projetos-lettering-42&#8243; align=&#8221;center&#8221; _builder_version=&#8221;4.17.6&#8243; _module_preset=&#8221;default&#8221; width=&#8221;53%&#8221; max_width=&#8221;100%&#8221; module_alignment=&#8221;center&#8221; min_height=&#8221;96%&#8221; max_height=&#8221;450px&#8221; custom_margin=&#8221;134px||134px||true|false&#8221; global_colors_info=&#8221;{}&#8221;][\/et_pb_image][\/et_pb_column][\/et_pb_row][\/et_pb_section][et_pb_section fb_built=&#8221;1&#8243; _builder_version=&#8221;4.17.6&#8243; _module_preset=&#8221;default&#8221; background_enable_color=&#8221;off&#8221; background_enable_image=&#8221;off&#8221; background_position=&#8221;top_left&#8221; min_height=&#8221;452.4px&#8221; custom_margin=&#8221;0px|0px|0px|0px|false|false&#8221; custom_padding=&#8221;0px|0px|0px|0px|false|false&#8221; global_colors_info=&#8221;{}&#8221;][et_pb_row column_structure=&#8221;3_5,2_5&#8243; _builder_version=&#8221;4.16&#8243; _module_preset=&#8221;default&#8221; custom_margin=&#8221;0px|auto|-7px|auto|false|false&#8221; custom_padding=&#8221;50px||50px||false|false&#8221; global_colors_info=&#8221;{}&#8221;][et_pb_column type=&#8221;3_5&#8243; _builder_version=&#8221;4.16&#8243; _module_preset=&#8221;default&#8221; global_colors_info=&#8221;{}&#8221;][et_pb_text _builder_version=&#8221;4.17.6&#8243; _module_preset=&#8221;default&#8221; text_font=&#8221;|800|||||||&#8221; text_font_size=&#8221;26px&#8221; text_line_height=&#8221;1.2em&#8221; global_colors_info=&#8221;{}&#8221;]<\/p>\n<p><span style=\"color: #1d70b7;\"><strong><b>PROJETO QUINTAIS PRODUTIVOS<\/b><\/strong><\/span><\/p>\n<p>[\/et_pb_text][et_pb_text _builder_version=&#8221;4.17.6&#8243; _module_preset=&#8221;default&#8221; text_text_color=&#8221;#FFFFFF&#8221; text_font_size=&#8221;15px&#8221; text_line_height=&#8221;1.5em&#8221; custom_padding=&#8221;||0px|||&#8221; global_colors_info=&#8221;{}&#8221;]<\/p>\n<p style=\"text-align: justify;\"><span style=\"color: #474747;\"><b>Institui\u00e7\u00e3o respons\u00e1vel: <\/b><span style=\"font-weight: 400;\">Comunidade Mission\u00e1ria Lassalista Presidente M\u00e9dici (Presidente M\u00e9dici\/MA)<\/span><\/span><\/p>\n<p style=\"text-align: justify;\"><span style=\"color: #474747;\"><b>P\u00fablico-alvo:<\/b><span style=\"font-weight: 400;\"> fam\u00edlias rurais em busca de sustentabilidade<\/span><\/span><\/p>\n<p style=\"text-align: justify;\"><span style=\"color: #474747;\"><b>N\u00famero de beneficiados: <\/b><span style=\"font-weight: 400;\">42 pessoas<\/span><\/span><\/p>\n<p style=\"text-align: justify;\"><span style=\"color: #474747;\"><b>Per\u00edodo de execu\u00e7\u00e3o: <\/b><span style=\"font-weight: 400;\">2022<\/span><\/span><\/p>\n<p style=\"text-align: justify;\"><span style=\"color: #474747;\"><b>Objetivos:<\/b><\/span><\/p>\n<p style=\"text-align: justify;\"><span style=\"font-weight: 400; color: #474747;\">Oferecer forma\u00e7\u00e3o sobre agricultura org\u00e2nica e hortali\u00e7as folhosas, e organizar mutir\u00f5es para a constru\u00e7\u00e3o\/preenchimento de oito canteiros para cada fam\u00edlia, al\u00e9m de auxiliar no processo de perfura\u00e7\u00e3o de po\u00e7os artesianos.<\/span><\/p>\n<p style=\"text-align: justify;\"><span style=\"color: #474747;\"><b>Descri\u00e7\u00e3o:<\/b><\/span><\/p>\n<p style=\"text-align: justify;\"><span style=\"font-weight: 400; color: #474747;\">Projeto elaborado pela Comunidade Mission\u00e1ria e coordenado pelos respons\u00e1veis Renato Thiel e Francisco Magalh\u00e3es, com recursos da Rede Eclesial Pan-Amaz\u00f4nica &#8211; REPAM, para seis fam\u00edlias do interior do munic\u00edpio de Presidente M\u00e9dici\/MA, auxiliando no aumento da gera\u00e7\u00e3o de renda e na perman\u00eancia dos agricultores no meio rural.<\/span><\/p>\n<p style=\"text-align: justify;\">\n<p>[\/et_pb_text][\/et_pb_column][et_pb_column type=&#8221;2_5&#8243; _builder_version=&#8221;4.16&#8243; _module_preset=&#8221;default&#8221; global_colors_info=&#8221;{}&#8221;][et_pb_image src=&#8221;https:\/\/relatoriosocial.lasalle.edu.br\/wp-content\/uploads\/2023\/05\/PROJETO-QUINTAIS-PRODUTIVOS.jpg&#8221; title_text=&#8221;PROJETO QUINTAIS PRODUTIVOS&#8221; _builder_version=&#8221;4.17.6&#8243; _module_preset=&#8221;default&#8221; global_colors_info=&#8221;{}&#8221;][\/et_pb_image][\/et_pb_column][\/et_pb_row][\/et_pb_section][et_pb_section fb_built=&#8221;1&#8243; _builder_version=&#8221;4.17.6&#8243; _module_preset=&#8221;default&#8221; background_color=&#8221;#e1e9f0&#8243; background_enable_image=&#8221;off&#8221; background_position=&#8221;top_right&#8221; min_height=&#8221;550.6px&#8221; custom_margin=&#8221;0px|0px|0px|0px|false|false&#8221; custom_padding=&#8221;0px|0px|0px|0px|false|false&#8221; global_colors_info=&#8221;{}&#8221;][et_pb_row column_structure=&#8221;2_5,3_5&#8243; _builder_version=&#8221;4.16&#8243; _module_preset=&#8221;default&#8221; custom_margin=&#8221;|auto|0px|auto||&#8221; custom_padding=&#8221;50px||50px||false|false&#8221; global_colors_info=&#8221;{}&#8221;][et_pb_column type=&#8221;2_5&#8243; _builder_version=&#8221;4.16&#8243; _module_preset=&#8221;default&#8221; global_colors_info=&#8221;{}&#8221;][et_pb_image src=&#8221;https:\/\/relatoriosocial.lasalle.edu.br\/wp-content\/uploads\/2023\/05\/PROJETO-LA-SALLE-VIDAS-VERDES.jpg&#8221; title_text=&#8221;PROJETO LA SALLE VIDAS VERDES&#8221; _builder_version=&#8221;4.17.6&#8243; _module_preset=&#8221;default&#8221; global_colors_info=&#8221;{}&#8221;][\/et_pb_image][\/et_pb_column][et_pb_column type=&#8221;3_5&#8243; _builder_version=&#8221;4.16&#8243; _module_preset=&#8221;default&#8221; global_colors_info=&#8221;{}&#8221;][et_pb_text _builder_version=&#8221;4.17.6&#8243; _module_preset=&#8221;default&#8221; text_font=&#8221;|800|||||||&#8221; text_font_size=&#8221;26px&#8221; text_line_height=&#8221;1em&#8221; global_colors_info=&#8221;{}&#8221;]<\/p>\n<p><span style=\"color: #1d70b7;\"><b>PROJETO LA SALLE VIDAS VERDE<\/b><\/span><\/p>\n<p>[\/et_pb_text][et_pb_text _builder_version=&#8221;4.17.6&#8243; _module_preset=&#8221;default&#8221; text_text_color=&#8221;#FFFFFF&#8221; text_font_size=&#8221;15px&#8221; text_line_height=&#8221;1.5em&#8221; global_colors_info=&#8221;{}&#8221;]<\/p>\n<p style=\"text-align: justify;\"><span style=\"color: #474747;\"><b>Institui\u00e7\u00e3o respons\u00e1vel:<\/b><span style=\"font-weight: 400;\"> Comunidade Mission\u00e1ria Lassalista Presidente M\u00e9dici (Presidente M\u00e9dici\/MA)<\/span><\/span><\/p>\n<p style=\"text-align: justify;\"><span style=\"color: #474747;\"><b>P\u00fablico-alvo:<\/b><span style=\"font-weight: 400;\"> Estudantes de escolas municipais, estaduais e outras institui\u00e7\u00f5es de ensino do munic\u00edpio de Presidente M\u00e9dici\/MA<\/span><\/span><\/p>\n<p style=\"text-align: justify;\"><span style=\"color: #474747;\"><b>N\u00famero de beneficiados<\/b><span style=\"font-weight: 400;\">: 1.650 pessoas<\/span><\/span><\/p>\n<p style=\"text-align: justify;\"><span style=\"color: #474747;\"><b>Per\u00edodo de execu\u00e7\u00e3o:<\/b><span style=\"font-weight: 400;\"> 2022<\/span><\/span><\/p>\n<p style=\"text-align: justify;\"><span style=\"color: #474747;\"><b>Objetivo:<\/b><\/span><\/p>\n<p style=\"text-align: justify;\"><span style=\"font-weight: 400; color: #474747;\">Promover a\u00e7\u00f5es e iniciativas de conscientiza\u00e7\u00e3o sobre a import\u00e2ncia do cuidado com o meio ambiente, entre as quais est\u00e1 a distribui\u00e7\u00e3o de mais de duas mil mudas de \u00e1rvores para o plantio e arboriza\u00e7\u00e3o de ruas e avenidas da cidade,\u00a0 buscando formar um corredor ecol\u00f3gico.<\/span><\/p>\n<p style=\"text-align: justify;\"><span style=\"color: #474747;\"><b>Descri\u00e7\u00e3o:<\/b><\/span><\/p>\n<p style=\"text-align: justify;\"><span style=\"font-weight: 400; color: #474747;\">O projeto surgiu da participa\u00e7\u00e3o de 4 jovens no Curso Scholas Occurrentes, nos meses de mar\u00e7o e abril de 2022, que abordaram a quest\u00e3o ambiental no munic\u00edpio de Presidente M\u00e9dici\/MA.<\/span><\/p>\n<p style=\"text-align: justify;\"><span style=\"font-weight: 400; color: #474747;\">A iniciativa promoveu atividades formativas na comunidade, em escolas municipais e estaduais e em creches, em especial, durante a semana do meio ambiente, nas cidades de Presidente M\u00e9dici, Maranh\u00e3ozinho, Centro do Guilherme, Santa Luzia do Paru\u00e1 e Maraca\u00e7um\u00e9, todas no Maranh\u00e3o, com a distribui\u00e7\u00e3o de mudas de \u00e1rvore entre moradores, fam\u00edlias, estudantes e educadores.<\/span><\/p>\n<p style=\"text-align: justify;\"><span style=\"font-weight: 400; color: #474747;\">O projeto contou, ainda, com aporte financeiro de entidades dos Estados Unidos para expans\u00e3o e nuclea\u00e7\u00e3o. No per\u00edodo de execu\u00e7\u00e3o, tamb\u00e9m foi realizado o 1\u00ba Semin\u00e1rio Vidas Verdes Importam, em 26 de novembro, com a participa\u00e7\u00e3o de 78 estudantes e professores de 9 escolas da regi\u00e3o e 3 grupos comprometidos com o meio ambiente.<\/span><\/p>\n<p style=\"text-align: justify;\"><span style=\"color: #474747;\">\u00a0<\/span><\/p>\n<p>[\/et_pb_text][\/et_pb_column][\/et_pb_row][\/et_pb_section][et_pb_section fb_built=&#8221;1&#8243; _builder_version=&#8221;4.17.6&#8243; _module_preset=&#8221;default&#8221; background_enable_color=&#8221;off&#8221; background_enable_image=&#8221;off&#8221; background_position=&#8221;top_left&#8221; min_height=&#8221;452.4px&#8221; custom_margin=&#8221;0px|0px|0px|0px|false|false&#8221; custom_padding=&#8221;0px|0px|0px|0px|false|false&#8221; global_colors_info=&#8221;{}&#8221;][et_pb_row column_structure=&#8221;3_5,2_5&#8243; _builder_version=&#8221;4.16&#8243; _module_preset=&#8221;default&#8221; custom_margin=&#8221;0px|auto|-7px|auto|false|false&#8221; custom_padding=&#8221;50px||50px||false|false&#8221; global_colors_info=&#8221;{}&#8221;][et_pb_column type=&#8221;3_5&#8243; _builder_version=&#8221;4.16&#8243; _module_preset=&#8221;default&#8221; global_colors_info=&#8221;{}&#8221;][et_pb_text _builder_version=&#8221;4.17.6&#8243; _module_preset=&#8221;default&#8221; text_font=&#8221;|800|||||||&#8221; text_font_size=&#8221;26px&#8221; text_line_height=&#8221;1.2em&#8221; global_colors_info=&#8221;{}&#8221;]<\/p>\n<p><span style=\"color: #1d70b7;\"><strong><b>PROJETO LA SALLE ALFABETIZA\u00c7\u00c3O E REFOR\u00c7O ESCOLAR<\/b><\/strong><\/span><\/p>\n<p>[\/et_pb_text][et_pb_text _builder_version=&#8221;4.17.6&#8243; _module_preset=&#8221;default&#8221; text_text_color=&#8221;#FFFFFF&#8221; text_font_size=&#8221;15px&#8221; text_line_height=&#8221;1.5em&#8221; global_colors_info=&#8221;{}&#8221;]<\/p>\n<p style=\"text-align: justify;\"><span style=\"color: #474747;\"><b>Institui\u00e7\u00e3o respons\u00e1vel:<\/b><span style=\"font-weight: 400;\"> Comunidade Mission\u00e1ria Lassalista Presidente M\u00e9dici (Presidente M\u00e9dici\/MA)<\/span><\/span><\/p>\n<p style=\"text-align: justify;\"><span style=\"color: #474747;\"><b>P\u00fablico-alvo:<\/b><span style=\"font-weight: 400;\"> Estudantes n\u00e3o alfabetizados na idade certa e com dificuldades educacionais<\/span><\/span><\/p>\n<p style=\"text-align: justify;\"><span style=\"color: #474747;\"><b>N\u00famero de beneficiados: <\/b><span style=\"font-weight: 400;\">39 alunos e, por extens\u00e3o, suas fam\u00edlias<\/span><\/span><\/p>\n<p style=\"text-align: justify;\"><span style=\"color: #474747;\"><b>Per\u00edodo de execu\u00e7\u00e3o: <\/b><span style=\"font-weight: 400;\">2022<\/span><\/span><\/p>\n<p style=\"text-align: justify;\"><span style=\"color: #474747;\"><b>Objetivos:<\/b><\/span><\/p>\n<p style=\"text-align: justify;\"><span style=\"font-weight: 400; color: #474747;\">Oferecer refor\u00e7o escolar para estudantes com dificuldades de aprendizagem em virtude de atraso na alfabetiza\u00e7\u00e3o.<\/span><\/p>\n<p style=\"text-align: justify;\"><span style=\"color: #474747;\"><b>Descri\u00e7\u00e3o:<\/b><\/span><\/p>\n<p style=\"text-align: justify;\"><span style=\"font-weight: 400; color: #474747;\">O projeto foi criado pelas leigas Francisca Marques Pereira e Janete de Paula para atender estudantes de 4\u00ba, 5\u00ba e 6\u00ba Anos do Ensino Fundamental do Anexo La Salle e Escola Municipal Santa Teresa. No ano de 2022, foram criadas tr\u00eas turmas de refor\u00e7o escolar que contaram com acompanhamento da educadora Ana Cristina Gomes e da volunt\u00e1ria Suelane Figueiredo, com apoio de Pr\u00e9-postulantes e supervis\u00e3o da leiga Francisca Pereira. Os estudantes participaram do refor\u00e7o escolar por duas horas di\u00e1rias, durante quatro dias da semana.<\/span><\/p>\n<p style=\"text-align: justify;\">\n<p>[\/et_pb_text][\/et_pb_column][et_pb_column type=&#8221;2_5&#8243; _builder_version=&#8221;4.16&#8243; _module_preset=&#8221;default&#8221; global_colors_info=&#8221;{}&#8221;][et_pb_image src=&#8221;https:\/\/relatoriosocial.lasalle.edu.br\/wp-content\/uploads\/2023\/05\/PROJETO-LA-SALLE-ALFABETIZACAO-E-REFORCO-ESCOLAR.jpg&#8221; title_text=&#8221;PROJETO LA SALLE ALFABETIZA\u00c7\u00c3O E REFOR\u00c7O ESCOLAR&#8221; _builder_version=&#8221;4.17.6&#8243; _module_preset=&#8221;default&#8221; global_colors_info=&#8221;{}&#8221;][\/et_pb_image][\/et_pb_column][\/et_pb_row][\/et_pb_section][et_pb_section fb_built=&#8221;1&#8243; _builder_version=&#8221;4.17.6&#8243; _module_preset=&#8221;default&#8221; background_color=&#8221;#e1e9f0&#8243; background_enable_image=&#8221;off&#8221; background_position=&#8221;top_right&#8221; custom_margin=&#8221;0px|0px|0px|0px|false|false&#8221; custom_padding=&#8221;0px|0px|0px|0px|false|false&#8221; global_colors_info=&#8221;{}&#8221;][et_pb_row column_structure=&#8221;2_5,3_5&#8243; _builder_version=&#8221;4.16&#8243; _module_preset=&#8221;default&#8221; custom_margin=&#8221;|auto|0px|auto||&#8221; custom_padding=&#8221;50px||50px||false|false&#8221; global_colors_info=&#8221;{}&#8221;][et_pb_column type=&#8221;2_5&#8243; _builder_version=&#8221;4.16&#8243; _module_preset=&#8221;default&#8221; global_colors_info=&#8221;{}&#8221;][et_pb_image src=&#8221;https:\/\/relatoriosocial.lasalle.edu.br\/wp-content\/uploads\/2023\/05\/PROJETO-LEITURA-VIVA-VII-ALFALETRAR.jpg&#8221; title_text=&#8221;PROJETO LEITURA VIVA VII &#8211; ALFALETRAR&#8221; _builder_version=&#8221;4.17.6&#8243; _module_preset=&#8221;default&#8221; global_colors_info=&#8221;{}&#8221;][\/et_pb_image][\/et_pb_column][et_pb_column type=&#8221;3_5&#8243; _builder_version=&#8221;4.16&#8243; _module_preset=&#8221;default&#8221; global_colors_info=&#8221;{}&#8221;][et_pb_text _builder_version=&#8221;4.17.6&#8243; _module_preset=&#8221;default&#8221; text_font=&#8221;|800|||||||&#8221; text_font_size=&#8221;26px&#8221; text_line_height=&#8221;1.2em&#8221; global_colors_info=&#8221;{}&#8221;]<\/p>\n<p><span style=\"color: #1d70b7;\"><b>PROJETO LEITURA VIVA VII &#8211; ALFALETRAR<\/b><\/span><\/p>\n<p>[\/et_pb_text][et_pb_text _builder_version=&#8221;4.17.6&#8243; _module_preset=&#8221;default&#8221; text_text_color=&#8221;#FFFFFF&#8221; text_font_size=&#8221;15px&#8221; text_line_height=&#8221;1.5em&#8221; global_colors_info=&#8221;{}&#8221;]<\/p>\n<p style=\"text-align: justify;\"><span style=\"color: #474747;\"><b>Institui\u00e7\u00e3o respons\u00e1vel:<\/b><span style=\"font-weight: 400;\"> Col\u00e9gio La Salle Z\u00e9 Doca (Z\u00e9 Doca\/MA)<\/span><\/span><\/p>\n<p style=\"text-align: justify;\"><span style=\"color: #474747;\"><b>P\u00fablico-alvo: <\/b><span style=\"font-weight: 400;\">crian\u00e7as e adolescentes da comunidade de Z\u00e9 Doca\/MA<\/span><\/span><\/p>\n<p style=\"text-align: justify;\"><span style=\"color: #474747;\"><b>N\u00famero de beneficiados em 2022:<\/b><span style=\"font-weight: 400;\"> 303 crian\u00e7as e adolescentes<\/span><\/span><\/p>\n<p style=\"text-align: justify;\"><span style=\"color: #474747;\"><b>Per\u00edodo de execu\u00e7\u00e3o:<\/b><span style=\"font-weight: 400;\"> desde 2016<\/span><\/span><\/p>\n<p style=\"text-align: justify;\"><span style=\"color: #474747;\"><b>Objetivo:<\/b><\/span><\/p>\n<p style=\"text-align: justify;\"><span style=\"font-weight: 400; color: #474747;\">Promover a leitura.<\/span><\/p>\n<p style=\"text-align: justify;\"><span style=\"color: #474747;\"><b>Descri\u00e7\u00e3o:<\/b><\/span><\/p>\n<p style=\"text-align: justify;\"><span style=\"font-weight: 400; color: #474747;\">Envolver as crian\u00e7as e adolescentes atendidas no universo da leitura por meio de atividades que estimulam a participa\u00e7\u00e3o, rodas de leitura, v\u00eddeos, teatro, desenhos, cartazes, livros paradid\u00e1ticos, experimentos, hist\u00f3rias e dramatiza\u00e7\u00f5es.<\/span><\/p>\n<p>[\/et_pb_text][\/et_pb_column][\/et_pb_row][\/et_pb_section]<\/p>\n","protected":false},"excerpt":{"rendered":"<p>PROJETO QUINTAIS PRODUTIVOSInstitui\u00e7\u00e3o respons\u00e1vel: Comunidade Mission\u00e1ria Lassalista Presidente M\u00e9dici (Presidente M\u00e9dici\/MA) P\u00fablico-alvo: fam\u00edlias rurais em busca de sustentabilidade N\u00famero de beneficiados: 42 pessoas Per\u00edodo de execu\u00e7\u00e3o: 2022 Objetivos: Oferecer forma\u00e7\u00e3o sobre agricultura org\u00e2nica e hortali\u00e7as folhosas, e organizar mutir\u00f5es para a constru\u00e7\u00e3o\/preenchimento de oito canteiros para cada fam\u00edlia, al\u00e9m de auxiliar no processo de perfura\u00e7\u00e3o [&hellip;]<\/p>\n","protected":false},"author":1,"featured_media":0,"parent":0,"menu_order":0,"comment_status":"closed","ping_status":"closed","template":"","meta":{"_et_pb_use_builder":"on","_et_pb_old_content":"","_et_gb_content_width":"","footnotes":""},"class_list":["post-4151","page","type-page","status-publish","hentry"],"_links":{"self":[{"href":"https:\/\/relatoriosocial.lasalle.edu.br\/index.php\/wp-json\/wp\/v2\/pages\/4151","targetHints":{"allow":["GET"]}}],"collection":[{"href":"https:\/\/relatoriosocial.lasalle.edu.br\/index.php\/wp-json\/wp\/v2\/pages"}],"about":[{"href":"https:\/\/relatoriosocial.lasalle.edu.br\/index.php\/wp-json\/wp\/v2\/types\/page"}],"author":[{"embeddable":true,"href":"https:\/\/relatoriosocial.lasalle.edu.br\/index.php\/wp-json\/wp\/v2\/users\/1"}],"replies":[{"embeddable":true,"href":"https:\/\/relatoriosocial.lasalle.edu.br\/index.php\/wp-json\/wp\/v2\/comments?post=4151"}],"version-history":[{"count":9,"href":"https:\/\/relatoriosocial.lasalle.edu.br\/index.php\/wp-json\/wp\/v2\/pages\/4151\/revisions"}],"predecessor-version":[{"id":4645,"href":"https:\/\/relatoriosocial.lasalle.edu.br\/index.php\/wp-json\/wp\/v2\/pages\/4151\/revisions\/4645"}],"wp:attachment":[{"href":"https:\/\/relatoriosocial.lasalle.edu.br\/index.php\/wp-json\/wp\/v2\/media?parent=4151"}],"curies":[{"name":"wp","href":"https:\/\/api.w.org\/{rel}","templated":true}]}}