{"id":4192,"date":"2023-05-08T11:52:21","date_gmt":"2023-05-08T14:52:21","guid":{"rendered":"https:\/\/relatoriosocial.lasalle.edu.br\/?page_id=4192"},"modified":"2023-05-19T14:15:54","modified_gmt":"2023-05-19T17:15:54","slug":"projetos-centro-oeste_2022","status":"publish","type":"page","link":"https:\/\/relatoriosocial.lasalle.edu.br\/index.php\/projetos-centro-oeste_2022\/","title":{"rendered":"Projetos Centro-Oeste 2022"},"content":{"rendered":"<p>[et_pb_section fb_built=&#8221;1&#8243; _builder_version=&#8221;4.17.6&#8243; _module_preset=&#8221;default&#8221; background_enable_color=&#8221;off&#8221; background_image=&#8221;https:\/\/relatoriosocial.lasalle.edu.br\/wp-content\/uploads\/2023\/05\/foto-banner-projetos-centro.jpg&#8221; background_size=&#8221;custom&#8221; background_image_width=&#8221;54%&#8221; background_position=&#8221;top_left&#8221; background_horizontal_offset=&#8221;0%&#8221; width=&#8221;100%&#8221; max_width=&#8221;100%&#8221; custom_padding=&#8221;0px||0px||true|false&#8221; hover_enabled=&#8221;0&#8243; locked=&#8221;off&#8221; global_colors_info=&#8221;{}&#8221; theme_builder_area=&#8221;post_content&#8221; title_text=&#8221;foto-banner-projetos-centro&#8221; sticky_enabled=&#8221;0&#8243;][et_pb_row column_structure=&#8221;1_2,1_2&#8243; _builder_version=&#8221;4.17.6&#8243; _module_preset=&#8221;default&#8221; width=&#8221;99%&#8221; max_width=&#8221;2560px&#8221; module_alignment=&#8221;right&#8221; max_height=&#8221;450px&#8221; custom_margin=&#8221;0px|0px|0px|0px|false|false&#8221; custom_padding=&#8221;0px|0px|0px|0px|false|false&#8221; locked=&#8221;off&#8221; global_colors_info=&#8221;{}&#8221; theme_builder_area=&#8221;post_content&#8221;][et_pb_column type=&#8221;1_2&#8243; _builder_version=&#8221;4.17.6&#8243; _module_preset=&#8221;default&#8221; background_color=&#8221;RGBA(255,255,255,0)&#8221; global_colors_info=&#8221;{}&#8221; theme_builder_area=&#8221;post_content&#8221;][\/et_pb_column][et_pb_column type=&#8221;1_2&#8243; _builder_version=&#8221;4.17.6&#8243; _module_preset=&#8221;default&#8221; background_color=&#8221;#1D70B7&#8243; global_colors_info=&#8221;{}&#8221; theme_builder_area=&#8221;post_content&#8221;][et_pb_image src=&#8221;https:\/\/relatoriosocial.lasalle.edu.br\/wp-content\/uploads\/2023\/05\/projetos-lettering-43.png&#8221; title_text=&#8221;projetos-lettering-43&#8243; align=&#8221;center&#8221; _builder_version=&#8221;4.17.6&#8243; _module_preset=&#8221;default&#8221; width=&#8221;53%&#8221; max_width=&#8221;100%&#8221; module_alignment=&#8221;center&#8221; min_height=&#8221;96%&#8221; max_height=&#8221;450px&#8221; custom_margin=&#8221;134px||134px||true|false&#8221; hover_enabled=&#8221;0&#8243; global_colors_info=&#8221;{}&#8221; theme_builder_area=&#8221;post_content&#8221; sticky_enabled=&#8221;0&#8243;][\/et_pb_image][\/et_pb_column][\/et_pb_row][\/et_pb_section][et_pb_section fb_built=&#8221;1&#8243; _builder_version=&#8221;4.17.6&#8243; _module_preset=&#8221;default&#8221; background_enable_color=&#8221;off&#8221; background_position=&#8221;top_right&#8221; custom_margin=&#8221;0px|0px|0px|0px|false|false&#8221; custom_padding=&#8221;0px|0px|0px|0px|false|false&#8221; hover_enabled=&#8221;0&#8243; global_colors_info=&#8221;{}&#8221; background_enable_image=&#8221;off&#8221; sticky_enabled=&#8221;0&#8243; min_height=&#8221;632.7px&#8221;][et_pb_row column_structure=&#8221;2_5,3_5&#8243; _builder_version=&#8221;4.16&#8243; _module_preset=&#8221;default&#8221; custom_margin=&#8221;|auto|0px|auto||&#8221; custom_padding=&#8221;50px||50px||false|false&#8221; global_colors_info=&#8221;{}&#8221;][et_pb_column type=&#8221;2_5&#8243; _builder_version=&#8221;4.16&#8243; _module_preset=&#8221;default&#8221; global_colors_info=&#8221;{}&#8221;][et_pb_image src=&#8221;https:\/\/relatoriosocial.lasalle.edu.br\/wp-content\/uploads\/2023\/05\/PROJETO-MAOS-UNIDAS.jpg&#8221; title_text=&#8221;PROJETO M\u00c3OS UNIDAS&#8221; _builder_version=&#8221;4.17.6&#8243; _module_preset=&#8221;default&#8221; global_colors_info=&#8221;{}&#8221;][\/et_pb_image][\/et_pb_column][et_pb_column type=&#8221;3_5&#8243; _builder_version=&#8221;4.16&#8243; _module_preset=&#8221;default&#8221; global_colors_info=&#8221;{}&#8221;][et_pb_text _builder_version=&#8221;4.17.6&#8243; _module_preset=&#8221;default&#8221; text_font=&#8221;|800|||||||&#8221; text_font_size=&#8221;26px&#8221; text_line_height=&#8221;1em&#8221; hover_enabled=&#8221;0&#8243; global_colors_info=&#8221;{}&#8221; sticky_enabled=&#8221;0&#8243;]<\/p>\n<p><span style=\"color: #1d70b7;\"><strong><b>PROJETO M\u00c3OS UNIDAS<\/b><\/strong><\/span><\/p>\n<p>[\/et_pb_text][et_pb_text _builder_version=&#8221;4.16&#8243; _module_preset=&#8221;default&#8221; text_text_color=&#8221;#FFFFFF&#8221; text_font_size=&#8221;15px&#8221; text_line_height=&#8221;1.5em&#8221; hover_enabled=&#8221;0&#8243; global_colors_info=&#8221;{}&#8221; sticky_enabled=&#8221;0&#8243;]<\/p>\n<p><span style=\"color: #474747;\"><b>Institui\u00e7\u00e3o respons\u00e1vel:<\/b><span style=\"font-weight: 400;\"> Col\u00e9gio La Salle \u00c1guas Claras (Bras\u00edlia\/DF)<\/span><\/span><\/p>\n<p><span style=\"color: #474747;\"><b>P\u00fablico-alvo:<\/b><span style=\"font-weight: 400;\"> Comunidade Dom Frei Lu\u00eds Amig\u00f3, Recanto das Emas, Institui\u00e7\u00e3o Longa Perman\u00eancia para Crian\u00e7as, Associa\u00e7\u00e3o Crist\u00e3 Santa Clara (Cidade Estrutural\/DF), Assentamento Irm\u00e3 Dorothy &#8211; Projeto Social EDUCAMO (Sobradinho\/DF) e Instituto Barba na Rua (Taguatinga Norte\/DF)<\/span><\/span><\/p>\n<p><span style=\"color: #474747;\"><b>N\u00famero de beneficiados em 2022: <\/b><span style=\"font-weight: 400;\">5 institui\u00e7\u00f5es assistenciais<\/span><\/span><\/p>\n<p><span style=\"color: #474747;\"><b>In\u00edcio desde: <\/b><span style=\"font-weight: 400;\">\u00a02008<\/span><\/span><\/p>\n<p><span style=\"color: #474747;\"><b>Objetivo:<\/b><\/span><\/p>\n<p><span style=\"font-weight: 400; color: #474747;\">Possibilitar a viv\u00eancia da cidadania por meio de a\u00e7\u00f5es solid\u00e1rias.<\/span><\/p>\n<p><span style=\"color: #474747;\"><b>Descri\u00e7\u00e3o:<\/b><\/span><\/p>\n<p><span style=\"font-weight: 400; color: #474747;\">A equipe de Anima\u00e7\u00e3o Pastoral e os N\u00facleos Sou Solid\u00e1rio do DF promovem uma a\u00e7\u00e3o social que permite a reflex\u00e3o e participa\u00e7\u00e3o dos alunos e suas fam\u00edlias frente \u00e0s desigualdades sociais.\u00a0 As interven\u00e7\u00f5es se d\u00e3o em todos os n\u00edveis de ensino por meio das a\u00e7\u00f5es como: P\u00e1scoa Solid\u00e1ria, Semana de La Salle, Aquecendo Cora\u00e7\u00f5es e Natal Solid\u00e1rio. Em 2022, foram arrecadados alimentos n\u00e3o perec\u00edveis, roupas, cal\u00e7ados, brinquedos, livros e entre outros para doa\u00e7\u00e3o \u00e0s entidades atendidas.<\/span><\/p>\n<p>[\/et_pb_text][\/et_pb_column][\/et_pb_row][\/et_pb_section][et_pb_section fb_built=&#8221;1&#8243; _builder_version=&#8221;4.17.6&#8243; _module_preset=&#8221;default&#8221; background_position=&#8221;top_left&#8221; min_height=&#8221;550.4px&#8221; custom_margin=&#8221;0px|0px|0px|0px|false|false&#8221; custom_padding=&#8221;0px|0px|0px|0px|false|false&#8221; hover_enabled=&#8221;0&#8243; global_colors_info=&#8221;{}&#8221; background_enable_image=&#8221;off&#8221; background_color=&#8221;#e1e9f0&#8243; sticky_enabled=&#8221;0&#8243;][et_pb_row column_structure=&#8221;3_5,2_5&#8243; _builder_version=&#8221;4.16&#8243; _module_preset=&#8221;default&#8221; custom_margin=&#8221;0px|auto|-7px|auto|false|false&#8221; custom_padding=&#8221;50px||50px||false|false&#8221; global_colors_info=&#8221;{}&#8221;][et_pb_column type=&#8221;3_5&#8243; _builder_version=&#8221;4.16&#8243; _module_preset=&#8221;default&#8221; global_colors_info=&#8221;{}&#8221;][et_pb_text _builder_version=&#8221;4.17.6&#8243; _module_preset=&#8221;default&#8221; text_font=&#8221;|800|||||||&#8221; text_font_size=&#8221;26px&#8221; text_line_height=&#8221;1.2em&#8221; hover_enabled=&#8221;0&#8243; global_colors_info=&#8221;{}&#8221; sticky_enabled=&#8221;0&#8243;]<\/p>\n<p><span style=\"color: #1d70b7;\"><strong><b>PROJETO VIVER E CONVIVER EM SOLIDARIEDADE<\/b><\/strong><\/span><\/p>\n<p>[\/et_pb_text][et_pb_text _builder_version=&#8221;4.16&#8243; _module_preset=&#8221;default&#8221; text_text_color=&#8221;#FFFFFF&#8221; text_font_size=&#8221;15px&#8221; text_line_height=&#8221;1.5em&#8221; global_colors_info=&#8221;{}&#8221;]<\/p>\n<p><span style=\"color: #474747;\"><b>Institui\u00e7\u00e3o respons\u00e1vel: <\/b><span style=\"font-weight: 400;\">Col\u00e9gio La Salle ATEC (Tangar\u00e1 da Serra\/MT)<\/span><\/span><\/p>\n<p><span style=\"color: #474747;\"><b>P\u00fablico-alvo:<\/b><span style=\"font-weight: 400;\"> fam\u00edlias carentes do munic\u00edpio de Tangar\u00e1 da Serra\/MT<\/span><\/span><\/p>\n<p><span style=\"color: #474747;\"><b>N\u00famero de beneficiados em 2022:<\/b> <span style=\"font-weight: 400;\">36 fam\u00edlias<\/span><\/span><\/p>\n<p><span style=\"color: #474747;\"><b>Per\u00edodo de execu\u00e7\u00e3o:<\/b><span style=\"font-weight: 400;\"> desde 2015<\/span><\/span><\/p>\n<p><span style=\"color: #474747;\"><b>Objetivo:<\/b><\/span><\/p>\n<p><span style=\"font-weight: 400; color: #474747;\">Promover a\u00e7\u00f5es solid\u00e1rias por meio de campanha de arrecada\u00e7\u00e3o de alimentos.<\/span><\/p>\n<p><span style=\"color: #474747;\"><b>Descri\u00e7\u00e3o:<\/b><\/span><\/p>\n<p><span style=\"font-weight: 400; color: #474747;\">O projeto engloba iniciativas e a\u00e7\u00f5es solid\u00e1rias por meio de uma campanha de arrecada\u00e7\u00e3o de alimentos e doa\u00e7\u00e3o a fam\u00edlias carentes cadastradas pela Pastoral da Fam\u00edlia do munic\u00edpio de Tangar\u00e1 da Serra\/MT. Em 2022, foram doados 350 kg de alimentos.<\/span><\/p>\n<p><span style=\"font-weight: 400;\"><\/span><\/p>\n<p>[\/et_pb_text][\/et_pb_column][et_pb_column type=&#8221;2_5&#8243; _builder_version=&#8221;4.16&#8243; _module_preset=&#8221;default&#8221; global_colors_info=&#8221;{}&#8221;][et_pb_image src=&#8221;https:\/\/relatoriosocial.lasalle.edu.br\/wp-content\/uploads\/2023\/05\/PROJETO-VIVER-E-CONVIVER-EM-SOLIDARIEDADE.jpg&#8221; title_text=&#8221;PROJETO VIVER E CONVIVER EM SOLIDARIEDADE&#8221; _builder_version=&#8221;4.17.6&#8243; _module_preset=&#8221;default&#8221; global_colors_info=&#8221;{}&#8221;]<\/p>\n<p><span style=\"color: #1d70b7;\"><b>PROJETO PROGRESS\u00c3O GEOM\u00c9TRICA<\/b><\/span><\/p>\n<p>[\/et_pb_image][\/et_pb_column][\/et_pb_row][\/et_pb_section][et_pb_section fb_built=&#8221;1&#8243; _builder_version=&#8221;4.17.6&#8243; _module_preset=&#8221;default&#8221; background_enable_color=&#8221;off&#8221; background_position=&#8221;top_right&#8221; min_height=&#8221;550.6px&#8221; custom_margin=&#8221;0px|0px|0px|0px|false|false&#8221; custom_padding=&#8221;0px|0px|0px|0px|false|false&#8221; hover_enabled=&#8221;0&#8243; global_colors_info=&#8221;{}&#8221; background_enable_image=&#8221;off&#8221; sticky_enabled=&#8221;0&#8243;][et_pb_row column_structure=&#8221;2_5,3_5&#8243; _builder_version=&#8221;4.16&#8243; _module_preset=&#8221;default&#8221; custom_margin=&#8221;|auto|0px|auto||&#8221; custom_padding=&#8221;50px||50px||false|false&#8221; global_colors_info=&#8221;{}&#8221;][et_pb_column type=&#8221;2_5&#8243; _builder_version=&#8221;4.16&#8243; _module_preset=&#8221;default&#8221; global_colors_info=&#8221;{}&#8221;][et_pb_image src=&#8221;https:\/\/relatoriosocial.lasalle.edu.br\/wp-content\/uploads\/2023\/05\/PROJETO-PROGRESSAO-GEOMETRICA.jpg&#8221; title_text=&#8221;PROJETO PROGRESS\u00c3O GEOM\u00c9TRICA&#8221; _builder_version=&#8221;4.17.6&#8243; _module_preset=&#8221;default&#8221; global_colors_info=&#8221;{}&#8221;][\/et_pb_image][\/et_pb_column][et_pb_column type=&#8221;3_5&#8243; _builder_version=&#8221;4.16&#8243; _module_preset=&#8221;default&#8221; global_colors_info=&#8221;{}&#8221;][et_pb_text _builder_version=&#8221;4.17.6&#8243; _module_preset=&#8221;default&#8221; text_font=&#8221;|800|||||||&#8221; text_font_size=&#8221;26px&#8221; text_line_height=&#8221;1em&#8221; global_colors_info=&#8221;{}&#8221;]<\/p>\n<p><span style=\"color: #e8e8e8;\"><b>PROJETO PROGRESS\u00c3O GEOM\u00c9TRICA<\/b><\/span><\/p>\n<p>[\/et_pb_text][et_pb_text _builder_version=&#8221;4.16&#8243; _module_preset=&#8221;default&#8221; text_text_color=&#8221;#FFFFFF&#8221; text_font_size=&#8221;15px&#8221; text_line_height=&#8221;1.5em&#8221; global_colors_info=&#8221;{}&#8221;]<\/p>\n<p><span style=\"color: #474747;\"><b>Institui\u00e7\u00e3o respons\u00e1vel:<\/b><span style=\"font-weight: 400;\"> Col\u00e9gio La Salle ATEC (Tangar\u00e1 da Serra\/MT)<\/span><\/span><\/p>\n<p><span style=\"color: #474747;\"><b>P\u00fablico-alvo:<\/b><span style=\"font-weight: 400;\"> idosos atendidos pelo Lar do Idoso do munic\u00edpio de Tangar\u00e1 da Serra\/MT<\/span><\/span><\/p>\n<p><span style=\"color: #474747;\"><b>N\u00famero de beneficiados em 2022: <\/b><span style=\"font-weight: 400;\">38 idosos\u00a0<\/span><\/span><\/p>\n<p><span style=\"color: #474747;\"><b>Per\u00edodo de execu\u00e7\u00e3o:<\/b><span style=\"font-weight: 400;\"> desde 2015<\/span><\/span><\/p>\n<p><span style=\"font-weight: 400; color: #474747;\"><\/span><\/p>\n<p><span style=\"color: #474747;\"><b>Objetivo:<\/b><\/span><\/p>\n<p><span style=\"font-weight: 400; color: #474747;\">Promover uma a\u00e7\u00e3o de solidariedade para arrecada\u00e7\u00e3o de alimentos.<\/span><\/p>\n<p><span style=\"color: #474747;\"><b>Descri\u00e7\u00e3o:<\/b><\/span><\/p>\n<p><span style=\"font-weight: 400; color: #474747;\">O projeto foi elaborado a partir da apresenta\u00e7\u00e3o do filme \u201cA corrente do Bem\u201d aos estudantes do col\u00e9gio a fim de sensibiliz\u00e1-los para uma campanha de solidariedade e resgate dos valores humanos. A campanha resultou na arrecada\u00e7\u00e3o de \u00f3leo de cozinha, leite, creme de leite, sagu, fub\u00e1, ch\u00e1 mate, entre outros produtos, que foram doados ao p\u00fablico atendido.<\/span><\/p>\n<p>[\/et_pb_text][et_pb_text _builder_version=&#8221;4.16&#8243; _module_preset=&#8221;default&#8221; text_font_size=&#8221;15px&#8221; text_line_height=&#8221;1.5em&#8221; text_orientation=&#8221;justified&#8221; global_colors_info=&#8221;{}&#8221;]<\/p>\n<p><span style=\"color: #ffffff;\"><b>\u00a0<\/b><\/span><\/p>\n<p>[\/et_pb_text][\/et_pb_column][\/et_pb_row][\/et_pb_section]<\/p>\n","protected":false},"excerpt":{"rendered":"<p>PROJETO M\u00c3OS UNIDASInstitui\u00e7\u00e3o respons\u00e1vel: Col\u00e9gio La Salle \u00c1guas Claras (Bras\u00edlia\/DF) P\u00fablico-alvo: Comunidade Dom Frei Lu\u00eds Amig\u00f3, Recanto das Emas, Institui\u00e7\u00e3o Longa Perman\u00eancia para Crian\u00e7as, Associa\u00e7\u00e3o Crist\u00e3 Santa Clara (Cidade Estrutural\/DF), Assentamento Irm\u00e3 Dorothy &#8211; Projeto Social EDUCAMO (Sobradinho\/DF) e Instituto Barba na Rua (Taguatinga Norte\/DF) N\u00famero de beneficiados em 2022: 5 institui\u00e7\u00f5es assistenciais In\u00edcio desde: [&hellip;]<\/p>\n","protected":false},"author":1,"featured_media":0,"parent":0,"menu_order":0,"comment_status":"closed","ping_status":"closed","template":"","meta":{"_et_pb_use_builder":"on","_et_pb_old_content":"<!-- wp:divi\/placeholder \/-->","_et_gb_content_width":"","footnotes":""},"class_list":["post-4192","page","type-page","status-publish","hentry"],"_links":{"self":[{"href":"https:\/\/relatoriosocial.lasalle.edu.br\/index.php\/wp-json\/wp\/v2\/pages\/4192","targetHints":{"allow":["GET"]}}],"collection":[{"href":"https:\/\/relatoriosocial.lasalle.edu.br\/index.php\/wp-json\/wp\/v2\/pages"}],"about":[{"href":"https:\/\/relatoriosocial.lasalle.edu.br\/index.php\/wp-json\/wp\/v2\/types\/page"}],"author":[{"embeddable":true,"href":"https:\/\/relatoriosocial.lasalle.edu.br\/index.php\/wp-json\/wp\/v2\/users\/1"}],"replies":[{"embeddable":true,"href":"https:\/\/relatoriosocial.lasalle.edu.br\/index.php\/wp-json\/wp\/v2\/comments?post=4192"}],"version-history":[{"count":9,"href":"https:\/\/relatoriosocial.lasalle.edu.br\/index.php\/wp-json\/wp\/v2\/pages\/4192\/revisions"}],"predecessor-version":[{"id":4617,"href":"https:\/\/relatoriosocial.lasalle.edu.br\/index.php\/wp-json\/wp\/v2\/pages\/4192\/revisions\/4617"}],"wp:attachment":[{"href":"https:\/\/relatoriosocial.lasalle.edu.br\/index.php\/wp-json\/wp\/v2\/media?parent=4192"}],"curies":[{"name":"wp","href":"https:\/\/api.w.org\/{rel}","templated":true}]}}