{"id":4211,"date":"2023-05-08T12:00:40","date_gmt":"2023-05-08T15:00:40","guid":{"rendered":"https:\/\/relatoriosocial.lasalle.edu.br\/?page_id=4211"},"modified":"2023-06-28T11:44:51","modified_gmt":"2023-06-28T14:44:51","slug":"mensagem-provincial_2022","status":"publish","type":"page","link":"https:\/\/relatoriosocial.lasalle.edu.br\/index.php\/mensagem-provincial_2022\/","title":{"rendered":"Mensagem do Provincial 2022"},"content":{"rendered":"<p>[et_pb_section fb_built=&#8221;1&#8243; _builder_version=&#8221;4.17.6&#8243; _module_preset=&#8221;default&#8221; background_image=&#8221;https:\/\/relatoriosocial.lasalle.edu.br\/wp-content\/uploads\/2023\/05\/banner-mensagem-provincial.jpg&#8221; background_position=&#8221;top_center&#8221; background_vertical_offset=&#8221;28%&#8221; min_height=&#8221;450px&#8221; max_height=&#8221;450px&#8221; custom_padding=&#8221;100px||100px||true|false&#8221; global_colors_info=&#8221;{}&#8221;][et_pb_row _builder_version=&#8221;4.17.6&#8243; _module_preset=&#8221;default&#8221; custom_margin=&#8221;20px|0px||0px|false|false&#8221; hover_enabled=&#8221;0&#8243; global_colors_info=&#8221;{}&#8221; width_last_edited=&#8221;on|phone&#8221; width_phone=&#8221;52%&#8221; module_alignment=&#8221;left&#8221; custom_padding=&#8221;|||10%|false|false&#8221; sticky_enabled=&#8221;0&#8243;][et_pb_column type=&#8221;4_4&#8243; _builder_version=&#8221;4.17.6&#8243; _module_preset=&#8221;default&#8221; global_colors_info=&#8221;{}&#8221;][et_pb_image src=&#8221;https:\/\/relatoriosocial.lasalle.edu.br\/wp-content\/uploads\/2023\/05\/Relatorio-Social-2022-Home-Mensagem-Provincial.png&#8221; title_text=&#8221;Relatorio Social 2022 &#8211; Home &#8211; Mensagem Provincial&#8221; _builder_version=&#8221;4.17.6&#8243; _module_preset=&#8221;default&#8221; width=&#8221;28%&#8221; custom_padding=&#8221;|5px||||&#8221; hover_enabled=&#8221;0&#8243; global_colors_info=&#8221;{}&#8221; width_last_edited=&#8221;on|phone&#8221; width_phone=&#8221;100%&#8221; sticky_enabled=&#8221;0&#8243; width_tablet=&#8221;28%&#8221;][\/et_pb_image][\/et_pb_column][\/et_pb_row][\/et_pb_section][et_pb_section fb_built=&#8221;1&#8243; _builder_version=&#8221;4.17.6&#8243; _module_preset=&#8221;default&#8221; background_color=&#8221;#FFFFFF&#8221; background_enable_image=&#8221;off&#8221; background_position=&#8221;top_left&#8221; width=&#8221;100%&#8221; max_width=&#8221;100%&#8221; custom_margin=&#8221;||||false|false&#8221; global_colors_info=&#8221;{}&#8221;][et_pb_row _builder_version=&#8221;4.17.6&#8243; _module_preset=&#8221;default&#8221; max_width=&#8221;2560px&#8221; global_colors_info=&#8221;{}&#8221;][et_pb_column type=&#8221;4_4&#8243; _builder_version=&#8221;4.16&#8243; _module_preset=&#8221;default&#8221; global_colors_info=&#8221;{}&#8221;][et_pb_text _builder_version=&#8221;4.17.6&#8243; _module_preset=&#8221;default&#8221; text_font=&#8221;Montserrat|800|||||||&#8221; text_text_color=&#8221;#1D70B7&#8243; text_font_size=&#8221;30px&#8221; text_line_height=&#8221;1.2em&#8221; background_layout=&#8221;dark&#8221; custom_padding=&#8221;||||false|false&#8221; text_font_size_tablet=&#8221;30px&#8221; text_font_size_phone=&#8221;20px&#8221; text_font_size_last_edited=&#8221;on|phone&#8221; global_colors_info=&#8221;{}&#8221;]<\/p>\n<p><strong>REDE LA SALLE:<br \/><\/strong><b>IMPULSIONADOS A SERVIR O PR\u00d3XIMO<\/b><\/p>\n<p>[\/et_pb_text][\/et_pb_column][\/et_pb_row][et_pb_row _builder_version=&#8221;4.17.6&#8243; _module_preset=&#8221;default&#8221; max_width=&#8221;2560px&#8221; custom_padding=&#8221;||0px||false|false&#8221; global_colors_info=&#8221;{}&#8221;][et_pb_column type=&#8221;4_4&#8243; _builder_version=&#8221;4.16&#8243; _module_preset=&#8221;default&#8221; global_colors_info=&#8221;{}&#8221;][et_pb_text _builder_version=&#8221;4.17.6&#8243; _module_preset=&#8221;default&#8221; text_font=&#8221;||on||||||&#8221; text_font_size=&#8221;15px&#8221; text_line_height=&#8221;1.8em&#8221; text_orientation=&#8221;justified&#8221; background_layout=&#8221;dark&#8221; custom_padding=&#8221;||||false|false&#8221; global_colors_info=&#8221;{}&#8221;]<\/p>\n<p><span style=\"font-weight: 400; color: #666666;\">A hist\u00f3ria dos lassalistas \u00e9 tecida pelo fio do servi\u00e7o aos irm\u00e3os, especialmente aos mais necessitados. <span style=\"color: #1d70b7;\"><strong>Em nosso DNA, perpassam as motiva\u00e7\u00f5es que, durante os mais de 300 anos, t\u00eam impulsionado Irm\u00e3os e Leigos \u00e0 doa\u00e7\u00e3o da pr\u00f3pria vida<\/strong><\/span>, com sonhos de contribuir para a edifica\u00e7\u00e3o da fraternidade e da paz.<\/span><\/p>\n<p><span style=\"font-weight: 400; color: #666666;\"><\/span><\/p>\n<p><span style=\"font-weight: 400; color: #666666;\">Compreendemos que Ser Lassalista \u00e9 abrir caminhos que ajudem a transformar realidades, qualificando pessoas, rela\u00e7\u00f5es e ambientes. <span style=\"color: #1d70b7;\"><strong>Nosso \u201csim\u201d a Deus integra o \u201csim\u201d generoso \u00e0s pessoas do nosso tempo. \u00c9 no humano que vislumbramos o rosto do transcendente, como bem afirmou Santo Irineu de Lyon: \u201cA gl\u00f3ria de Deus \u00e9 que o homem viva\u201d.<\/strong><\/span> E podemos acrescentar: \u201cviva bem\u201d, isto \u00e9, que alcance a dignidade, a liberdade e lhe seja facultado n\u00e3o apenas o p\u00e3o de cada dia, mas o p\u00e3o do sentido, do gosto de viver e do futuro, atrav\u00e9s das experi\u00eancias de acolhida, fraternidade e forma\u00e7\u00e3o humana e crist\u00e3.<\/span><\/p>\n<p><span style=\"font-weight: 400; color: #666666;\"><\/span><\/p>\n<p><span style=\"font-weight: 400; color: #666666;\">Nosso par\u00e2metro de vida encontra-se no evangelho. Ele \u00e9 a luz que nos orienta a abrir-nos ao mundo atual, com suas m\u00faltiplas express\u00f5es a \u00e0 pessoa humana, sem preconceitos, conforme fez e ensinou o Mestre dos mestres. Diante das realidades vivenciadas n\u00e3o podemos nos deter no que nos limita. <strong><span style=\"color: #004484;\"><span style=\"color: #1d70b7;\">Urge que pensemos sa\u00eddas, a fim de amenizar o que desfigura a vida e apoiar as a\u00e7\u00f5es que fazem brilhar os olhares de tantos quantos servimo<\/span>s<\/span><\/strong>, especialmente daqueles que parecem j\u00e1 n\u00e3o cultivar a esperan\u00e7a.<\/span><\/p>\n<p><span style=\"font-weight: 400; color: #666666;\"><\/span><\/p>\n<p><span style=\"font-size: medium;\"><span style=\"color: #666666;\">Alegramo-nos por contar com uma multid\u00e3o de colaboradores e parceiros que acreditam na for\u00e7a do bem e n\u00e3o se medem em desbravar caminhos, rompendo as fronteiras do individualismo, demonstrando que <\/span><span style=\"color: #1d70b7;\"><strong>no ordin\u00e1rio da vida \u00e9 poss\u00edvel fazer brotar o in\u00e9dito, que atualiza o sonho de S\u00e3o Jo\u00e3o Batista de La Salle<\/strong><\/span><span style=\"color: #666666;\">. Temos consci\u00eancia da miss\u00e3o que nos cabe junto aos estudantes, fam\u00edlias e a tantos quantos s\u00e3o alcan\u00e7ados pelo carisma lassalista.<\/span><\/span><\/p>\n<p><span style=\"color: #666666; font-size: 18px;\"><\/span><\/p>\n<p><span style=\"font-weight: 400; color: #666666;\">Este relat\u00f3rio evidencia, em parte, o quanto podemos fazer na Rede La Salle Brasil \u2013 Chile e Mo\u00e7ambique, quando unidos e organizados. H\u00e1, ainda, muito a realizar e o caminho \u00e9 longo. <span style=\"color: #1d70b7;\"><strong>Que o trajeto percorrido, os frutos colhidos e as vidas que ajudamos a transformar sirvam de motiva\u00e7\u00e3o para o que ainda nos propomos.<\/strong><\/span> Muito obrigado a todos (as) por compartilhar e impulsionar a miss\u00e3o lassalista, sigamos firmes no ideal de servir rumo ao futuro que ajudamos dia a dia a construir. Oxal\u00e1 outras a\u00e7\u00f5es possam emergir e trazer alegria e realiza\u00e7\u00e3o para quem se torna servidor e para os que s\u00e3o servidos pelo nosso trabalho.<\/span><\/p>\n<p><span style=\"font-weight: 400; color: #666666;\"><\/span><\/p>\n<p><span style=\"font-weight: 400; color: #666666;\">Rogamos a Deus e a S\u00e3o Jo\u00e3o Batista de La Salle que aben\u00e7oem a todos.\u00a0<\/span><\/p>\n<p><span style=\"color: #1d70b7;\"><strong>Ir. Olavo Jos\u00e9 Dalvit<br \/><\/strong><\/span><span style=\"color: #666666;\">Provincial<\/span><\/p>\n<p><span style=\"color: #ffffff;\"><\/span><span style=\"color: #ffffff;\"><\/span><\/p>\n<p>[\/et_pb_text][\/et_pb_column][\/et_pb_row][\/et_pb_section]<\/p>\n","protected":false},"excerpt":{"rendered":"<p>REDE LA SALLE:IMPULSIONADOS A SERVIR O PR\u00d3XIMOA hist\u00f3ria dos lassalistas \u00e9 tecida pelo fio do servi\u00e7o aos irm\u00e3os, especialmente aos mais necessitados. Em nosso DNA, perpassam as motiva\u00e7\u00f5es que, durante os mais de 300 anos, t\u00eam impulsionado Irm\u00e3os e Leigos \u00e0 doa\u00e7\u00e3o da pr\u00f3pria vida, com sonhos de contribuir para a edifica\u00e7\u00e3o da fraternidade e [&hellip;]<\/p>\n","protected":false},"author":1,"featured_media":0,"parent":0,"menu_order":0,"comment_status":"closed","ping_status":"closed","template":"","meta":{"_et_pb_use_builder":"on","_et_pb_old_content":"<!-- wp:divi\/placeholder \/-->","_et_gb_content_width":"","footnotes":""},"class_list":["post-4211","page","type-page","status-publish","hentry"],"_links":{"self":[{"href":"https:\/\/relatoriosocial.lasalle.edu.br\/index.php\/wp-json\/wp\/v2\/pages\/4211","targetHints":{"allow":["GET"]}}],"collection":[{"href":"https:\/\/relatoriosocial.lasalle.edu.br\/index.php\/wp-json\/wp\/v2\/pages"}],"about":[{"href":"https:\/\/relatoriosocial.lasalle.edu.br\/index.php\/wp-json\/wp\/v2\/types\/page"}],"author":[{"embeddable":true,"href":"https:\/\/relatoriosocial.lasalle.edu.br\/index.php\/wp-json\/wp\/v2\/users\/1"}],"replies":[{"embeddable":true,"href":"https:\/\/relatoriosocial.lasalle.edu.br\/index.php\/wp-json\/wp\/v2\/comments?post=4211"}],"version-history":[{"count":8,"href":"https:\/\/relatoriosocial.lasalle.edu.br\/index.php\/wp-json\/wp\/v2\/pages\/4211\/revisions"}],"predecessor-version":[{"id":4680,"href":"https:\/\/relatoriosocial.lasalle.edu.br\/index.php\/wp-json\/wp\/v2\/pages\/4211\/revisions\/4680"}],"wp:attachment":[{"href":"https:\/\/relatoriosocial.lasalle.edu.br\/index.php\/wp-json\/wp\/v2\/media?parent=4211"}],"curies":[{"name":"wp","href":"https:\/\/api.w.org\/{rel}","templated":true}]}}